{"id":966,"date":"2021-02-09T16:42:29","date_gmt":"2021-02-09T19:42:29","guid":{"rendered":"https:\/\/transparencia.epagri.sc.gov.br\/?page_id=966"},"modified":"2026-04-22T08:42:33","modified_gmt":"2026-04-22T11:42:33","slug":"politica-de-porta-vozes","status":"publish","type":"page","link":"https:\/\/transparencia.epagri.sc.gov.br\/?page_id=966","title":{"rendered":"Pol\u00edtica de Porta-Vozes"},"content":{"rendered":"<h6 style=\"text-align: right;\"><a href=\"https:\/\/transparencia.epagri.sc.gov.br\/\">In\u00edcio<\/a> \/ Gest\u00e3o \/ Pol\u00edticas \/ Pol\u00edtica de Porta-Vozes<\/h6>\n<p style=\"font-weight: 400;\">A<strong> Pol\u00edtica de Porta-Vozes<\/strong> \u00e9 um documento institucional que estabelece a intera\u00e7\u00e3o no fluxo de informa\u00e7\u00e3o entre as \u00e1reas internas e os executivos da Epagri, e destes em rela\u00e7\u00e3o ao ambiente externo. Estabelece os objetivos, as responsabilidades e os porta-vozes autorizados a fazer a comunica\u00e7\u00e3o da empresa.<\/p>\n<p>A Epagri editou a presente pol\u00edtica em <strong>2018<\/strong>, n\u00e3o havendo edi\u00e7\u00f5es anteriores\/posteriores ou s\u00e9rie hist\u00f3rica. Informa\u00e7\u00f5es atualizadas em: <strong>22.04.2026<\/strong>.<\/p>\n","protected":false},"excerpt":{"rendered":"<p>In\u00edcio \/ Gest\u00e3o \/ Pol\u00edticas \/ Pol\u00edtica de Porta-Vozes A Pol\u00edtica de Porta-Vozes \u00e9 um documento institucional que estabelece a intera\u00e7\u00e3o no fluxo de informa\u00e7\u00e3o entre as \u00e1reas internas e os executivos da Epagri, e destes em rela\u00e7\u00e3o ao ambiente externo. Estabelece os objetivos, as responsabilidades e os porta-vozes autorizados a fazer a comunica\u00e7\u00e3o da &#8230; <a title=\"Pol\u00edtica de Porta-Vozes\" class=\"read-more\" href=\"https:\/\/transparencia.epagri.sc.gov.br\/?page_id=966\" aria-label=\"More on Pol\u00edtica de Porta-Vozes\">Ler mais<\/a><\/p>\n","protected":false},"author":1,"featured_media":0,"parent":0,"menu_order":1,"comment_status":"closed","ping_status":"closed","template":"","meta":{"_acf_changed":false,"footnotes":""},"class_list":["post-966","page","type-page","status-publish"],"acf":[],"_links":{"self":[{"href":"https:\/\/transparencia.epagri.sc.gov.br\/index.php?rest_route=\/wp\/v2\/pages\/966","targetHints":{"allow":["GET"]}}],"collection":[{"href":"https:\/\/transparencia.epagri.sc.gov.br\/index.php?rest_route=\/wp\/v2\/pages"}],"about":[{"href":"https:\/\/transparencia.epagri.sc.gov.br\/index.php?rest_route=\/wp\/v2\/types\/page"}],"author":[{"embeddable":true,"href":"https:\/\/transparencia.epagri.sc.gov.br\/index.php?rest_route=\/wp\/v2\/users\/1"}],"replies":[{"embeddable":true,"href":"https:\/\/transparencia.epagri.sc.gov.br\/index.php?rest_route=%2Fwp%2Fv2%2Fcomments&post=966"}],"version-history":[{"count":8,"href":"https:\/\/transparencia.epagri.sc.gov.br\/index.php?rest_route=\/wp\/v2\/pages\/966\/revisions"}],"predecessor-version":[{"id":8029,"href":"https:\/\/transparencia.epagri.sc.gov.br\/index.php?rest_route=\/wp\/v2\/pages\/966\/revisions\/8029"}],"wp:attachment":[{"href":"https:\/\/transparencia.epagri.sc.gov.br\/index.php?rest_route=%2Fwp%2Fv2%2Fmedia&parent=966"}],"curies":[{"name":"wp","href":"https:\/\/api.w.org\/{rel}","templated":true}]}}