{"id":964,"date":"2021-02-09T16:41:43","date_gmt":"2021-02-09T19:41:43","guid":{"rendered":"https:\/\/transparencia.epagri.sc.gov.br\/?page_id=964"},"modified":"2025-05-29T10:16:06","modified_gmt":"2025-05-29T13:16:06","slug":"politica-de-transacoes-com-partes-relacionadas","status":"publish","type":"page","link":"https:\/\/transparencia.epagri.sc.gov.br\/?page_id=964","title":{"rendered":"Pol\u00edtica de Transa\u00e7\u00f5es com Partes Relacionadas"},"content":{"rendered":"<div class=\"floattext\">\n<div class=\"catdescription\">\n<h6 style=\"text-align: right;\"><a href=\"https:\/\/transparencia.epagri.sc.gov.br\/\">In\u00edcio<\/a> \/ Gest\u00e3o \/ Pol\u00edticas \/ Pol\u00edtica de Transa\u00e7\u00f5es com Partes Relacionadas<\/h6>\n<p>A <strong>pol\u00edtica de transa\u00e7\u00f5es com partes relacionadas<\/strong> \u00e9 um documento aprovado pelo Conselho de Administra\u00e7\u00e3o que trata do relacionamento da Epagri com partes relacionadas, ou seja, pessoas f\u00edsicas e\/ou jur\u00eddicas com as quais a Epagri tenha possibilidade de contratar ou realizar neg\u00f3cios em condi\u00e7\u00f5es que n\u00e3o sejam as de independ\u00eancia, que caracterizam as transa\u00e7\u00f5es com terceiros alheios \u00e0 Empresa, em conformidade com os requisitos de competitividade, conformidade, transpar\u00eancia, equidade e comutatividade.<\/p>\n<\/div>\n<\/div>\n","protected":false},"excerpt":{"rendered":"<p>In\u00edcio \/ Gest\u00e3o \/ Pol\u00edticas \/ Pol\u00edtica de Transa\u00e7\u00f5es com Partes Relacionadas A pol\u00edtica de transa\u00e7\u00f5es com partes relacionadas \u00e9 um documento aprovado pelo Conselho de Administra\u00e7\u00e3o que trata do relacionamento da Epagri com partes relacionadas, ou seja, pessoas f\u00edsicas e\/ou jur\u00eddicas com as quais a Epagri tenha possibilidade de contratar ou realizar neg\u00f3cios em &#8230; <a title=\"Pol\u00edtica de Transa\u00e7\u00f5es com Partes Relacionadas\" class=\"read-more\" href=\"https:\/\/transparencia.epagri.sc.gov.br\/?page_id=964\" aria-label=\"More on Pol\u00edtica de Transa\u00e7\u00f5es com Partes Relacionadas\">Ler mais<\/a><\/p>\n","protected":false},"author":1,"featured_media":0,"parent":0,"menu_order":1,"comment_status":"closed","ping_status":"closed","template":"","meta":{"_acf_changed":false,"footnotes":""},"class_list":["post-964","page","type-page","status-publish"],"acf":[],"_links":{"self":[{"href":"https:\/\/transparencia.epagri.sc.gov.br\/index.php?rest_route=\/wp\/v2\/pages\/964","targetHints":{"allow":["GET"]}}],"collection":[{"href":"https:\/\/transparencia.epagri.sc.gov.br\/index.php?rest_route=\/wp\/v2\/pages"}],"about":[{"href":"https:\/\/transparencia.epagri.sc.gov.br\/index.php?rest_route=\/wp\/v2\/types\/page"}],"author":[{"embeddable":true,"href":"https:\/\/transparencia.epagri.sc.gov.br\/index.php?rest_route=\/wp\/v2\/users\/1"}],"replies":[{"embeddable":true,"href":"https:\/\/transparencia.epagri.sc.gov.br\/index.php?rest_route=%2Fwp%2Fv2%2Fcomments&post=964"}],"version-history":[{"count":5,"href":"https:\/\/transparencia.epagri.sc.gov.br\/index.php?rest_route=\/wp\/v2\/pages\/964\/revisions"}],"predecessor-version":[{"id":5149,"href":"https:\/\/transparencia.epagri.sc.gov.br\/index.php?rest_route=\/wp\/v2\/pages\/964\/revisions\/5149"}],"wp:attachment":[{"href":"https:\/\/transparencia.epagri.sc.gov.br\/index.php?rest_route=%2Fwp%2Fv2%2Fmedia&parent=964"}],"curies":[{"name":"wp","href":"https:\/\/api.w.org\/{rel}","templated":true}]}}