{"id":962,"date":"2021-02-09T16:40:59","date_gmt":"2021-02-09T19:40:59","guid":{"rendered":"https:\/\/transparencia.epagri.sc.gov.br\/?page_id=962"},"modified":"2025-05-29T10:13:31","modified_gmt":"2025-05-29T13:13:31","slug":"carta-anual-de-politicas-publicas","status":"publish","type":"page","link":"https:\/\/transparencia.epagri.sc.gov.br\/?page_id=962","title":{"rendered":"Carta Anual de Pol\u00edticas P\u00fablicas"},"content":{"rendered":"<h6 style=\"text-align: right;\"><a href=\"https:\/\/transparencia.epagri.sc.gov.br\/\">In\u00edcio<\/a> \/ Gest\u00e3o \/ Pol\u00edticas \/ Carta Anual de Pol\u00edticas P\u00fablicas<\/h6>\n<p>A <strong>Carta Anual de Pol\u00edticas P\u00fablicas<\/strong> tem como objetivo explicitar o interesse p\u00fablico das atividades empresariais; as atividades a serem desenvolvidas pela Epagri em atendimento \u00e0s pol\u00edticas p\u00fablicas; e os impactos econ\u00f4mico-financeiros decorrentes da operacionaliza\u00e7\u00e3o das pol\u00edticas p\u00fablicas, em alinhamento com a estrat\u00e9gia de longo prazo e plano de neg\u00f3cios anual.<\/p>\n","protected":false},"excerpt":{"rendered":"<p>In\u00edcio \/ Gest\u00e3o \/ Pol\u00edticas \/ Carta Anual de Pol\u00edticas P\u00fablicas A Carta Anual de Pol\u00edticas P\u00fablicas tem como objetivo explicitar o interesse p\u00fablico das atividades empresariais; as atividades a serem desenvolvidas pela Epagri em atendimento \u00e0s pol\u00edticas p\u00fablicas; e os impactos econ\u00f4mico-financeiros decorrentes da operacionaliza\u00e7\u00e3o das pol\u00edticas p\u00fablicas, em alinhamento com a estrat\u00e9gia de &#8230; <a title=\"Carta Anual de Pol\u00edticas P\u00fablicas\" class=\"read-more\" href=\"https:\/\/transparencia.epagri.sc.gov.br\/?page_id=962\" aria-label=\"More on Carta Anual de Pol\u00edticas P\u00fablicas\">Ler mais<\/a><\/p>\n","protected":false},"author":1,"featured_media":0,"parent":0,"menu_order":1,"comment_status":"closed","ping_status":"closed","template":"","meta":{"_acf_changed":false,"footnotes":""},"class_list":["post-962","page","type-page","status-publish"],"acf":[],"_links":{"self":[{"href":"https:\/\/transparencia.epagri.sc.gov.br\/index.php?rest_route=\/wp\/v2\/pages\/962","targetHints":{"allow":["GET"]}}],"collection":[{"href":"https:\/\/transparencia.epagri.sc.gov.br\/index.php?rest_route=\/wp\/v2\/pages"}],"about":[{"href":"https:\/\/transparencia.epagri.sc.gov.br\/index.php?rest_route=\/wp\/v2\/types\/page"}],"author":[{"embeddable":true,"href":"https:\/\/transparencia.epagri.sc.gov.br\/index.php?rest_route=\/wp\/v2\/users\/1"}],"replies":[{"embeddable":true,"href":"https:\/\/transparencia.epagri.sc.gov.br\/index.php?rest_route=%2Fwp%2Fv2%2Fcomments&post=962"}],"version-history":[{"count":6,"href":"https:\/\/transparencia.epagri.sc.gov.br\/index.php?rest_route=\/wp\/v2\/pages\/962\/revisions"}],"predecessor-version":[{"id":6203,"href":"https:\/\/transparencia.epagri.sc.gov.br\/index.php?rest_route=\/wp\/v2\/pages\/962\/revisions\/6203"}],"wp:attachment":[{"href":"https:\/\/transparencia.epagri.sc.gov.br\/index.php?rest_route=%2Fwp%2Fv2%2Fmedia&parent=962"}],"curies":[{"name":"wp","href":"https:\/\/api.w.org\/{rel}","templated":true}]}}