{"id":956,"date":"2021-02-09T16:36:02","date_gmt":"2021-02-09T19:36:02","guid":{"rendered":"https:\/\/transparencia.epagri.sc.gov.br\/?page_id=956"},"modified":"2026-04-08T13:48:54","modified_gmt":"2026-04-08T16:48:54","slug":"estrategia-de-longo-prazo","status":"publish","type":"page","link":"https:\/\/transparencia.epagri.sc.gov.br\/?page_id=956","title":{"rendered":"Estrat\u00e9gia de Longo Prazo"},"content":{"rendered":"<h6 style=\"text-align: right;\"><a href=\"https:\/\/transparencia.epagri.sc.gov.br\/\">In\u00edcio<\/a> \/ Gest\u00e3o \/ Planos, Relat\u00f3rios e Indicadores \/ Estrat\u00e9gia de Longo Prazo<\/h6>\n<p>A <strong>Estrat\u00e9gia de Longo Prazo<\/strong> (tamb\u00e9m chamada de <strong>Plano Diretor<\/strong>) faz parte do <strong>planejamento estrat\u00e9gico<\/strong> da Epagri. O Plano Diretor deve observar o escopo de atua\u00e7\u00e3o e prop\u00f3sito da Epagri; fazer a an\u00e1lise ambiental; estabelecer os objetivos e metas estrat\u00e9gicos de longo prazo; proceder \u00e0 an\u00e1lise de riscos estrat\u00e9gicos, bem como a formula\u00e7\u00e3o da estrat\u00e9gia de longo prazo para o atingimento dos objetivos estrat\u00e9gicos, com indicadores, metas e plano de conting\u00eancia para mitiga\u00e7\u00e3o dos riscos identificados.<\/p>\n<p>A partir de <strong>31.12.2017<\/strong>, de acordo com a <a href=\"https:\/\/www.planalto.gov.br\/ccivil_03\/_ato2015-2018\/2016\/lei\/l13303.htm\">Lei das Estatais<\/a>\u00a0e arts. 14 e 20 do <a href=\"https:\/\/leis.alesc.sc.gov.br\/ato-normativo\/45326\/compilado\">Decreto estadual n\u00ba 1.007, de 2016<\/a>, a Estrat\u00e9gia de Longo Prazo tornou-se documento institucional obrigat\u00f3rio na empresa, sendo aprovada pelo Conselho de Administra\u00e7\u00e3o. Nos per\u00edodos n\u00e3o contemplados oficialmente por estes documentos, a Epagri deu sequ\u00eancia ao planejamento estrat\u00e9gico por meio da prorroga\u00e7\u00e3o das diretrizes vigentes.<\/p>\n","protected":false},"excerpt":{"rendered":"<p>In\u00edcio \/ Gest\u00e3o \/ Planos, Relat\u00f3rios e Indicadores \/ Estrat\u00e9gia de Longo Prazo A Estrat\u00e9gia de Longo Prazo (tamb\u00e9m chamada de Plano Diretor) faz parte do planejamento estrat\u00e9gico da Epagri. O Plano Diretor deve observar o escopo de atua\u00e7\u00e3o e prop\u00f3sito da Epagri; fazer a an\u00e1lise ambiental; estabelecer os objetivos e metas estrat\u00e9gicos de longo &#8230; <a title=\"Estrat\u00e9gia de Longo Prazo\" class=\"read-more\" href=\"https:\/\/transparencia.epagri.sc.gov.br\/?page_id=956\" aria-label=\"More on Estrat\u00e9gia de Longo Prazo\">Ler mais<\/a><\/p>\n","protected":false},"author":1,"featured_media":0,"parent":0,"menu_order":1,"comment_status":"closed","ping_status":"closed","template":"","meta":{"_acf_changed":false,"footnotes":""},"class_list":["post-956","page","type-page","status-publish"],"acf":[],"_links":{"self":[{"href":"https:\/\/transparencia.epagri.sc.gov.br\/index.php?rest_route=\/wp\/v2\/pages\/956","targetHints":{"allow":["GET"]}}],"collection":[{"href":"https:\/\/transparencia.epagri.sc.gov.br\/index.php?rest_route=\/wp\/v2\/pages"}],"about":[{"href":"https:\/\/transparencia.epagri.sc.gov.br\/index.php?rest_route=\/wp\/v2\/types\/page"}],"author":[{"embeddable":true,"href":"https:\/\/transparencia.epagri.sc.gov.br\/index.php?rest_route=\/wp\/v2\/users\/1"}],"replies":[{"embeddable":true,"href":"https:\/\/transparencia.epagri.sc.gov.br\/index.php?rest_route=%2Fwp%2Fv2%2Fcomments&post=956"}],"version-history":[{"count":9,"href":"https:\/\/transparencia.epagri.sc.gov.br\/index.php?rest_route=\/wp\/v2\/pages\/956\/revisions"}],"predecessor-version":[{"id":7884,"href":"https:\/\/transparencia.epagri.sc.gov.br\/index.php?rest_route=\/wp\/v2\/pages\/956\/revisions\/7884"}],"wp:attachment":[{"href":"https:\/\/transparencia.epagri.sc.gov.br\/index.php?rest_route=%2Fwp%2Fv2%2Fmedia&parent=956"}],"curies":[{"name":"wp","href":"https:\/\/api.w.org\/{rel}","templated":true}]}}