{"id":954,"date":"2021-02-09T16:22:13","date_gmt":"2021-02-09T19:22:13","guid":{"rendered":"https:\/\/transparencia.epagri.sc.gov.br\/?page_id=954"},"modified":"2025-05-29T10:12:31","modified_gmt":"2025-05-29T13:12:31","slug":"plano-de-negocios-anual","status":"publish","type":"page","link":"https:\/\/transparencia.epagri.sc.gov.br\/?page_id=954","title":{"rendered":"Plano de Neg\u00f3cios Anual"},"content":{"rendered":"<h6 style=\"text-align: right;\"><a href=\"https:\/\/transparencia.epagri.sc.gov.br\/\">In\u00edcio<\/a> \/ Gest\u00e3o \/ Planos, Relat\u00f3rios e Indicadores \/ Plano de Neg\u00f3cios Anual<\/h6>\n<p>O <strong>Plano de Neg\u00f3cio Anual<\/strong> \u00e9 um documento que trata do planejamento estrat\u00e9gico de curto prazo da Epagri. Esse documento \u00e9 exigido pela Lei federal n\u00ba 13.303, de 2016 e Decreto estadual n\u00ba 1.007, de 2016, e contempla os recursos or\u00e7ament\u00e1rios necess\u00e1rios ao cumprimento das metas vinculadas aos objetivos e estrat\u00e9gias da Epagri.<\/p>\n","protected":false},"excerpt":{"rendered":"<p>In\u00edcio \/ Gest\u00e3o \/ Planos, Relat\u00f3rios e Indicadores \/ Plano de Neg\u00f3cios Anual O Plano de Neg\u00f3cio Anual \u00e9 um documento que trata do planejamento estrat\u00e9gico de curto prazo da Epagri. Esse documento \u00e9 exigido pela Lei federal n\u00ba 13.303, de 2016 e Decreto estadual n\u00ba 1.007, de 2016, e contempla os recursos or\u00e7ament\u00e1rios necess\u00e1rios &#8230; <a title=\"Plano de Neg\u00f3cios Anual\" class=\"read-more\" href=\"https:\/\/transparencia.epagri.sc.gov.br\/?page_id=954\" aria-label=\"More on Plano de Neg\u00f3cios Anual\">Ler mais<\/a><\/p>\n","protected":false},"author":1,"featured_media":0,"parent":0,"menu_order":1,"comment_status":"closed","ping_status":"closed","template":"","meta":{"_acf_changed":false,"footnotes":""},"class_list":["post-954","page","type-page","status-publish"],"acf":[],"_links":{"self":[{"href":"https:\/\/transparencia.epagri.sc.gov.br\/index.php?rest_route=\/wp\/v2\/pages\/954","targetHints":{"allow":["GET"]}}],"collection":[{"href":"https:\/\/transparencia.epagri.sc.gov.br\/index.php?rest_route=\/wp\/v2\/pages"}],"about":[{"href":"https:\/\/transparencia.epagri.sc.gov.br\/index.php?rest_route=\/wp\/v2\/types\/page"}],"author":[{"embeddable":true,"href":"https:\/\/transparencia.epagri.sc.gov.br\/index.php?rest_route=\/wp\/v2\/users\/1"}],"replies":[{"embeddable":true,"href":"https:\/\/transparencia.epagri.sc.gov.br\/index.php?rest_route=%2Fwp%2Fv2%2Fcomments&post=954"}],"version-history":[{"count":7,"href":"https:\/\/transparencia.epagri.sc.gov.br\/index.php?rest_route=\/wp\/v2\/pages\/954\/revisions"}],"predecessor-version":[{"id":7032,"href":"https:\/\/transparencia.epagri.sc.gov.br\/index.php?rest_route=\/wp\/v2\/pages\/954\/revisions\/7032"}],"wp:attachment":[{"href":"https:\/\/transparencia.epagri.sc.gov.br\/index.php?rest_route=%2Fwp%2Fv2%2Fmedia&parent=954"}],"curies":[{"name":"wp","href":"https:\/\/api.w.org\/{rel}","templated":true}]}}