{"id":952,"date":"2021-02-09T16:21:24","date_gmt":"2021-02-09T19:21:24","guid":{"rendered":"https:\/\/transparencia.epagri.sc.gov.br\/?page_id=952"},"modified":"2026-03-17T14:36:20","modified_gmt":"2026-03-17T17:36:20","slug":"relatorio-de-sustentabilidade","status":"publish","type":"page","link":"https:\/\/transparencia.epagri.sc.gov.br\/?page_id=952","title":{"rendered":"Relat\u00f3rio de Gest\u00e3o e Sustentabilidade"},"content":{"rendered":"<h6 style=\"text-align: right;\"><a href=\"https:\/\/transparencia.epagri.sc.gov.br\/\">In\u00edcio<\/a> \/ Gest\u00e3o \/ Planos, Relat\u00f3rios e Indicadores \/ Relat\u00f3rio de Gest\u00e3o e Sustentabilidade<\/h6>\n<p>O <strong>Relat\u00f3rio de Sustentabilidade <\/strong>comunica \u00e0s partes interessadas (<em>stakeholders<\/em>), de forma transparente e integrada, o desempenho econ\u00f4mico, social, ambiental e de governan\u00e7a da Epagri ao longo de um ano, alinhado \u00e0s metas estrat\u00e9gicas e aos princ\u00edpios de desenvolvimento sustent\u00e1vel. Trata-se de um documento previsto na <a href=\"https:\/\/www.planalto.gov.br\/ccivil_03\/_ato2015-2018\/2016\/lei\/l13303.htm\">Lei federal n\u00ba 13.303, de 2016<\/a> (Lei das Estatais).<\/p>\n<p>O <strong>Relat\u00f3rio de Gest\u00e3o<\/strong> cont\u00e9m informa\u00e7\u00f5es sobre a atua\u00e7\u00e3o da Epagri no cumprimento das suas finalidades, visando demonstrar a execu\u00e7\u00e3o da programa\u00e7\u00e3o or\u00e7ament\u00e1ria e o cumprimento das metas f\u00edsicas, al\u00e9m de permitir uma vis\u00e3o sist\u00eamica do desempenho e da conformidade da gest\u00e3o do Presidente da Epagri durante um ano (exerc\u00edcio financeiro). Trata-se de uma exig\u00eancia prevista na <a href=\"https:\/\/www.tcesc.tc.br\/sites\/default\/files\/leis_normas\/INSTRU%C3%87%C3%83O%20NORMATIVA%20N%2020-2015%20CONSOLIDADA.pdf\">Instru\u00e7\u00e3o Normativa n\u00ba TC-0020-2015<\/a> do Tribunal de Contas do Estado de Santa Catarina (TCE\/SC), bem como art. 133 da <a href=\"https:\/\/www.planalto.gov.br\/ccivil_03\/leis\/L6404compilada.htm\">Lei federal n\u00ba 6.404, de 1976<\/a> (Lei de Sociedades An\u00f4nimas).<\/p>\n<p>O Relat\u00f3rio de Gest\u00e3o integra a <strong>presta\u00e7\u00e3o de contas anual de gest\u00e3o<\/strong>, um conjunto de informa\u00e7\u00f5es individualizadas relativas \u00e0 Epagri sobre a execu\u00e7\u00e3o do or\u00e7amento e dos atos administrativos correspondentes submetidos ao TCE\/SC para avalia\u00e7\u00e3o e julgamento. Al\u00e9m do Relat\u00f3rio de Gest\u00e3o, integram a presta\u00e7\u00e3o de contas anual de gest\u00e3o: \u00a0<strong>a)<\/strong> rol de respons\u00e1veis (que est\u00e3o indicados no pr\u00f3prio Relat\u00f3rio de Gest\u00e3o);<strong> b)<\/strong> demonstrativos cont\u00e1beis relativos \u00e0 gest\u00e3o or\u00e7ament\u00e1ria, financeira e patrimonial;<strong> c)<\/strong> relat\u00f3rios e pareceres da Assembleia Geral, Conselho de Administra\u00e7\u00e3o e Conselho Fiscal, que devem se pronunciar sobre as contas ou sobre a gest\u00e3o da Epagri;\u00a0\u00a0<strong>d)<\/strong> Relat\u00f3rio e Parecer do Controle Interno.<\/p>\n<p>As atas do Conselho de Administra\u00e7\u00e3o e da Assembleia Geral est\u00e3o disponibilizadas neste Portal da Transpar\u00eancia, acessando a aba <strong>Gest\u00e3o &gt; Governan\u00e7a &gt;\u00a0<a role=\"link\" href=\"https:\/\/transparencia.epagri.sc.gov.br\/?page_id=921\">Atas e Comunicados<\/a><\/strong>.<\/p>\n<p>Os demais documentos que comp\u00f5em a presta\u00e7\u00e3o de contas anual de gest\u00e3o est\u00e3o disponibilizadas neste Portal da Transpar\u00eancia, acessando a aba <strong>Responsabilidade Fiscal &gt; Presta\u00e7\u00e3o de Contas &gt; <a href=\"https:\/\/transparencia.epagri.sc.gov.br\/?page_id=881\">Presta\u00e7\u00e3o de Contas Anual<\/a><\/strong>.<\/p>\n<p>O Relat\u00f3rio de Sustentabilidade e o Relat\u00f3rio de Gest\u00e3o s\u00e3o <strong>anuais<\/strong>. Em raz\u00e3o da semelhan\u00e7a de seu conte\u00fado e identidade de alguns itens que os comp\u00f5em, ambos relat\u00f3rios foram consolidados em um \u00fanico documento, sem qualquer preju\u00edzo das informa\u00e7\u00f5es exigidas.<\/p>\n","protected":false},"excerpt":{"rendered":"<p>In\u00edcio \/ Gest\u00e3o \/ Planos, Relat\u00f3rios e Indicadores \/ Relat\u00f3rio de Gest\u00e3o e Sustentabilidade O Relat\u00f3rio de Sustentabilidade comunica \u00e0s partes interessadas (stakeholders), de forma transparente e integrada, o desempenho econ\u00f4mico, social, ambiental e de governan\u00e7a da Epagri ao longo de um ano, alinhado \u00e0s metas estrat\u00e9gicas e aos princ\u00edpios de desenvolvimento sustent\u00e1vel. Trata-se de &#8230; <a title=\"Relat\u00f3rio de Gest\u00e3o e Sustentabilidade\" class=\"read-more\" href=\"https:\/\/transparencia.epagri.sc.gov.br\/?page_id=952\" aria-label=\"More on Relat\u00f3rio de Gest\u00e3o e Sustentabilidade\">Ler mais<\/a><\/p>\n","protected":false},"author":1,"featured_media":0,"parent":0,"menu_order":1,"comment_status":"closed","ping_status":"closed","template":"","meta":{"_acf_changed":false,"footnotes":""},"class_list":["post-952","page","type-page","status-publish"],"acf":[],"_links":{"self":[{"href":"https:\/\/transparencia.epagri.sc.gov.br\/index.php?rest_route=\/wp\/v2\/pages\/952","targetHints":{"allow":["GET"]}}],"collection":[{"href":"https:\/\/transparencia.epagri.sc.gov.br\/index.php?rest_route=\/wp\/v2\/pages"}],"about":[{"href":"https:\/\/transparencia.epagri.sc.gov.br\/index.php?rest_route=\/wp\/v2\/types\/page"}],"author":[{"embeddable":true,"href":"https:\/\/transparencia.epagri.sc.gov.br\/index.php?rest_route=\/wp\/v2\/users\/1"}],"replies":[{"embeddable":true,"href":"https:\/\/transparencia.epagri.sc.gov.br\/index.php?rest_route=%2Fwp%2Fv2%2Fcomments&post=952"}],"version-history":[{"count":13,"href":"https:\/\/transparencia.epagri.sc.gov.br\/index.php?rest_route=\/wp\/v2\/pages\/952\/revisions"}],"predecessor-version":[{"id":7033,"href":"https:\/\/transparencia.epagri.sc.gov.br\/index.php?rest_route=\/wp\/v2\/pages\/952\/revisions\/7033"}],"wp:attachment":[{"href":"https:\/\/transparencia.epagri.sc.gov.br\/index.php?rest_route=%2Fwp%2Fv2%2Fmedia&parent=952"}],"curies":[{"name":"wp","href":"https:\/\/api.w.org\/{rel}","templated":true}]}}