{"id":950,"date":"2021-02-09T16:20:25","date_gmt":"2021-02-09T19:20:25","guid":{"rendered":"https:\/\/transparencia.epagri.sc.gov.br\/?page_id=950"},"modified":"2026-04-07T18:18:49","modified_gmt":"2026-04-07T21:18:49","slug":"indicadores-de-gestao","status":"publish","type":"page","link":"https:\/\/transparencia.epagri.sc.gov.br\/?page_id=950","title":{"rendered":"Indicadores de Gest\u00e3o"},"content":{"rendered":"<h6 style=\"text-align: right;\"><a href=\"https:\/\/transparencia.epagri.sc.gov.br\/\">In\u00edcio<\/a> \/ Gest\u00e3o \/ Planos, Relat\u00f3rios e Indicadores \/ Indicadores de Gest\u00e3o<\/h6>\n<p>Nessa p\u00e1gina apresentam-se <strong>indicadores de gest\u00e3o<\/strong> que podem ser utilizados para acompanhamento dos projetos, do desempenho e dos resultados da empresa.<\/p>\n<p>O<strong> Contrato de Gest\u00e3o e Resultados<\/strong> \u00e9 um documento do planejamento estrat\u00e9gico da Epagri que desdobra, em <strong>m\u00e9dio prazo<\/strong>, os objetivos e metas do Plano Diretor \/ Estrat\u00e9gia de Longo Prazo e tem por objetivo regular o relacionamento entre o Conselho de Administra\u00e7\u00e3o e a Diretoria Executiva da Epagri no que tange \u00e0s obriga\u00e7\u00f5es das partes e os objetivos e metas acordados. Trata-se de documento exigido no <a href=\"https:\/\/leis.alesc.sc.gov.br\/ato-normativo\/45326\/compilado\" target=\"_blank\" rel=\"noopener\" data-saferedirecturl=\"https:\/\/www.google.com\/url?q=https:\/\/leis.alesc.sc.gov.br\/ato-normativo\/45326\/compilado&amp;source=gmail&amp;ust=1773315699058000&amp;usg=AOvVaw1j0aBECfliTR13uIapyg5S\">Decreto estadual n\u00ba 1.007, de 2016<\/a>, e na <a href=\"https:\/\/leis.alesc.sc.gov.br\/ato-normativo\/49492\" target=\"_blank\" rel=\"noopener\" data-saferedirecturl=\"https:\/\/www.google.com\/url?q=https:\/\/leis.alesc.sc.gov.br\/ato-normativo\/49492&amp;source=gmail&amp;ust=1773315699058000&amp;usg=AOvVaw2ZhevdfEb5OjIif_k0NfbV\">Instru\u00e7\u00e3o Normativa SEF\/SCC n\u00ba 5, de 2018<\/a>.<\/p>\n<p>Para acompanhar a execu\u00e7\u00e3o dos programas, a\u00e7\u00f5es e projetos previstos no <strong>Plano Plurianual (PPA)<\/strong>, acesse o <em>site<\/em>: <a role=\"link\" href=\"https:\/\/ppa.sc.gov.br\/visao-geral\">https:\/\/ppa.sc.gov.br\/visao-geral<\/a><\/p>\n","protected":false},"excerpt":{"rendered":"<p>In\u00edcio \/ Gest\u00e3o \/ Planos, Relat\u00f3rios e Indicadores \/ Indicadores de Gest\u00e3o Nessa p\u00e1gina apresentam-se indicadores de gest\u00e3o que podem ser utilizados para acompanhamento dos projetos, do desempenho e dos resultados da empresa. O Contrato de Gest\u00e3o e Resultados \u00e9 um documento do planejamento estrat\u00e9gico da Epagri que desdobra, em m\u00e9dio prazo, os objetivos e &#8230; <a title=\"Indicadores de Gest\u00e3o\" class=\"read-more\" href=\"https:\/\/transparencia.epagri.sc.gov.br\/?page_id=950\" aria-label=\"More on Indicadores de Gest\u00e3o\">Ler mais<\/a><\/p>\n","protected":false},"author":1,"featured_media":0,"parent":0,"menu_order":1,"comment_status":"closed","ping_status":"closed","template":"","meta":{"_acf_changed":false,"footnotes":""},"class_list":["post-950","page","type-page","status-publish"],"acf":[],"_links":{"self":[{"href":"https:\/\/transparencia.epagri.sc.gov.br\/index.php?rest_route=\/wp\/v2\/pages\/950","targetHints":{"allow":["GET"]}}],"collection":[{"href":"https:\/\/transparencia.epagri.sc.gov.br\/index.php?rest_route=\/wp\/v2\/pages"}],"about":[{"href":"https:\/\/transparencia.epagri.sc.gov.br\/index.php?rest_route=\/wp\/v2\/types\/page"}],"author":[{"embeddable":true,"href":"https:\/\/transparencia.epagri.sc.gov.br\/index.php?rest_route=\/wp\/v2\/users\/1"}],"replies":[{"embeddable":true,"href":"https:\/\/transparencia.epagri.sc.gov.br\/index.php?rest_route=%2Fwp%2Fv2%2Fcomments&post=950"}],"version-history":[{"count":8,"href":"https:\/\/transparencia.epagri.sc.gov.br\/index.php?rest_route=\/wp\/v2\/pages\/950\/revisions"}],"predecessor-version":[{"id":7862,"href":"https:\/\/transparencia.epagri.sc.gov.br\/index.php?rest_route=\/wp\/v2\/pages\/950\/revisions\/7862"}],"wp:attachment":[{"href":"https:\/\/transparencia.epagri.sc.gov.br\/index.php?rest_route=%2Fwp%2Fv2%2Fmedia&parent=950"}],"curies":[{"name":"wp","href":"https:\/\/api.w.org\/{rel}","templated":true}]}}