{"id":927,"date":"2021-02-09T16:03:24","date_gmt":"2021-02-09T19:03:24","guid":{"rendered":"https:\/\/transparencia.epagri.sc.gov.br\/?page_id=927"},"modified":"2026-02-11T09:03:44","modified_gmt":"2026-02-11T12:03:44","slug":"bens-moveis","status":"publish","type":"page","link":"https:\/\/transparencia.epagri.sc.gov.br\/?page_id=927","title":{"rendered":"Bens M\u00f3veis"},"content":{"rendered":"<h6 style=\"text-align: right;\"><a href=\"https:\/\/transparencia.epagri.sc.gov.br\/\">In\u00edcio<\/a> \/ Gest\u00e3o \/ Patrim\u00f4nio \/ Bens M\u00f3veis<\/h6>\n<p>Disponibiliza a rela\u00e7\u00e3o de bens m\u00f3veis permanentes (computadores, equipamentos, ve\u00edculos, etc.) que integram o invent\u00e1rio da Epagri. Consideram-se bens m\u00f3veis permanentes\u00a0aqueles fabricados para dura\u00e7\u00e3o m\u00ednima de 02 (dois) anos de vida \u00fatil e que, em raz\u00e3o da utiliza\u00e7\u00e3o, n\u00e3o perdem a identidade f\u00edsica (<a href=\"http:\/\/server03.pge.sc.gov.br\/LegislacaoEstadual\/2020\/000003-009-0-2020-037.htm\">Instru\u00e7\u00e3o Normativa SEA n\u00ba 3\/2020<\/a>).<\/p>\n","protected":false},"excerpt":{"rendered":"<p>In\u00edcio \/ Gest\u00e3o \/ Patrim\u00f4nio \/ Bens M\u00f3veis Disponibiliza a rela\u00e7\u00e3o de bens m\u00f3veis permanentes (computadores, equipamentos, ve\u00edculos, etc.) que integram o invent\u00e1rio da Epagri. Consideram-se bens m\u00f3veis permanentes\u00a0aqueles fabricados para dura\u00e7\u00e3o m\u00ednima de 02 (dois) anos de vida \u00fatil e que, em raz\u00e3o da utiliza\u00e7\u00e3o, n\u00e3o perdem a identidade f\u00edsica (Instru\u00e7\u00e3o Normativa SEA n\u00ba &#8230; <a title=\"Bens M\u00f3veis\" class=\"read-more\" href=\"https:\/\/transparencia.epagri.sc.gov.br\/?page_id=927\" aria-label=\"More on Bens M\u00f3veis\">Ler mais<\/a><\/p>\n","protected":false},"author":1,"featured_media":0,"parent":0,"menu_order":1,"comment_status":"closed","ping_status":"closed","template":"","meta":{"_acf_changed":false,"footnotes":""},"class_list":["post-927","page","type-page","status-publish"],"acf":[],"_links":{"self":[{"href":"https:\/\/transparencia.epagri.sc.gov.br\/index.php?rest_route=\/wp\/v2\/pages\/927","targetHints":{"allow":["GET"]}}],"collection":[{"href":"https:\/\/transparencia.epagri.sc.gov.br\/index.php?rest_route=\/wp\/v2\/pages"}],"about":[{"href":"https:\/\/transparencia.epagri.sc.gov.br\/index.php?rest_route=\/wp\/v2\/types\/page"}],"author":[{"embeddable":true,"href":"https:\/\/transparencia.epagri.sc.gov.br\/index.php?rest_route=\/wp\/v2\/users\/1"}],"replies":[{"embeddable":true,"href":"https:\/\/transparencia.epagri.sc.gov.br\/index.php?rest_route=%2Fwp%2Fv2%2Fcomments&post=927"}],"version-history":[{"count":6,"href":"https:\/\/transparencia.epagri.sc.gov.br\/index.php?rest_route=\/wp\/v2\/pages\/927\/revisions"}],"predecessor-version":[{"id":7026,"href":"https:\/\/transparencia.epagri.sc.gov.br\/index.php?rest_route=\/wp\/v2\/pages\/927\/revisions\/7026"}],"wp:attachment":[{"href":"https:\/\/transparencia.epagri.sc.gov.br\/index.php?rest_route=%2Fwp%2Fv2%2Fmedia&parent=927"}],"curies":[{"name":"wp","href":"https:\/\/api.w.org\/{rel}","templated":true}]}}