{"id":923,"date":"2021-02-09T16:01:59","date_gmt":"2021-02-09T19:01:59","guid":{"rendered":"https:\/\/transparencia.epagri.sc.gov.br\/?page_id=923"},"modified":"2026-02-11T09:30:12","modified_gmt":"2026-02-11T12:30:12","slug":"relatorio-de-aquisicoes","status":"publish","type":"page","link":"https:\/\/transparencia.epagri.sc.gov.br\/?page_id=923","title":{"rendered":"Relat\u00f3rio de Aquisi\u00e7\u00f5es"},"content":{"rendered":"<h6 style=\"text-align: right;\"><a href=\"https:\/\/transparencia.epagri.sc.gov.br\/\">In\u00edcio<\/a> \/ Gest\u00e3o \/ Patrim\u00f4nio \/ Relat\u00f3rio de Aquisi\u00e7\u00f5es<\/h6>\n<p>Nesta se\u00e7\u00e3o, disponibilizamos a rela\u00e7\u00e3o das aquisi\u00e7\u00f5es de bens (m\u00f3veis e im\u00f3veis) realizadas pela Epagri\u00a0com a identifica\u00e7\u00e3o dos bens e o valor de aquisi\u00e7\u00e3o.<\/p>\n","protected":false},"excerpt":{"rendered":"<p>In\u00edcio \/ Gest\u00e3o \/ Patrim\u00f4nio \/ Relat\u00f3rio de Aquisi\u00e7\u00f5es Nesta se\u00e7\u00e3o, disponibilizamos a rela\u00e7\u00e3o das aquisi\u00e7\u00f5es de bens (m\u00f3veis e im\u00f3veis) realizadas pela Epagri\u00a0com a identifica\u00e7\u00e3o dos bens e o valor de aquisi\u00e7\u00e3o.<\/p>\n","protected":false},"author":1,"featured_media":0,"parent":0,"menu_order":1,"comment_status":"closed","ping_status":"closed","template":"","meta":{"_acf_changed":false,"footnotes":""},"class_list":["post-923","page","type-page","status-publish"],"acf":[],"_links":{"self":[{"href":"https:\/\/transparencia.epagri.sc.gov.br\/index.php?rest_route=\/wp\/v2\/pages\/923","targetHints":{"allow":["GET"]}}],"collection":[{"href":"https:\/\/transparencia.epagri.sc.gov.br\/index.php?rest_route=\/wp\/v2\/pages"}],"about":[{"href":"https:\/\/transparencia.epagri.sc.gov.br\/index.php?rest_route=\/wp\/v2\/types\/page"}],"author":[{"embeddable":true,"href":"https:\/\/transparencia.epagri.sc.gov.br\/index.php?rest_route=\/wp\/v2\/users\/1"}],"replies":[{"embeddable":true,"href":"https:\/\/transparencia.epagri.sc.gov.br\/index.php?rest_route=%2Fwp%2Fv2%2Fcomments&post=923"}],"version-history":[{"count":5,"href":"https:\/\/transparencia.epagri.sc.gov.br\/index.php?rest_route=\/wp\/v2\/pages\/923\/revisions"}],"predecessor-version":[{"id":7028,"href":"https:\/\/transparencia.epagri.sc.gov.br\/index.php?rest_route=\/wp\/v2\/pages\/923\/revisions\/7028"}],"wp:attachment":[{"href":"https:\/\/transparencia.epagri.sc.gov.br\/index.php?rest_route=%2Fwp%2Fv2%2Fmedia&parent=923"}],"curies":[{"name":"wp","href":"https:\/\/api.w.org\/{rel}","templated":true}]}}