{"id":919,"date":"2021-02-09T16:00:37","date_gmt":"2021-02-09T19:00:37","guid":{"rendered":"https:\/\/transparencia.epagri.sc.gov.br\/?page_id=919"},"modified":"2025-05-29T10:06:08","modified_gmt":"2025-05-29T13:06:08","slug":"carta-anual-de-governanca-corporativa","status":"publish","type":"page","link":"https:\/\/transparencia.epagri.sc.gov.br\/?page_id=919","title":{"rendered":"Carta Anual de Governan\u00e7a Corporativa"},"content":{"rendered":"<h6 style=\"text-align: right;\"><a href=\"https:\/\/transparencia.epagri.sc.gov.br\/\">In\u00edcio<\/a> \/ Gest\u00e3o \/ Governan\u00e7a \/ Carta Anual de Governan\u00e7a Corporativa<\/h6>\n<p>A <strong>Carta Anual de Governan\u00e7a Corporativa<\/strong> tem como objetivo explicitar as principais atividades desenvolvidas pela Epagri; as boas pr\u00e1ticas de controle interno e de gest\u00e3o de riscos; a apresenta\u00e7\u00e3o da an\u00e1lise do cumprimento das metas empresariais do exerc\u00edcio anterior, como resultado do plano de neg\u00f3cios da estatal; as pol\u00edticas e pr\u00e1ticas de governan\u00e7a corporativa; e a descri\u00e7\u00e3o da composi\u00e7\u00e3o e da remunera\u00e7\u00e3o da administra\u00e7\u00e3o, incluindo conselheiros de administra\u00e7\u00e3o e diretores executivos.<\/p>\n","protected":false},"excerpt":{"rendered":"<p>In\u00edcio \/ Gest\u00e3o \/ Governan\u00e7a \/ Carta Anual de Governan\u00e7a Corporativa A Carta Anual de Governan\u00e7a Corporativa tem como objetivo explicitar as principais atividades desenvolvidas pela Epagri; as boas pr\u00e1ticas de controle interno e de gest\u00e3o de riscos; a apresenta\u00e7\u00e3o da an\u00e1lise do cumprimento das metas empresariais do exerc\u00edcio anterior, como resultado do plano de &#8230; <a title=\"Carta Anual de Governan\u00e7a Corporativa\" class=\"read-more\" href=\"https:\/\/transparencia.epagri.sc.gov.br\/?page_id=919\" aria-label=\"More on Carta Anual de Governan\u00e7a Corporativa\">Ler mais<\/a><\/p>\n","protected":false},"author":1,"featured_media":0,"parent":0,"menu_order":1,"comment_status":"closed","ping_status":"closed","template":"","meta":{"_acf_changed":false,"footnotes":""},"class_list":["post-919","page","type-page","status-publish"],"acf":[],"_links":{"self":[{"href":"https:\/\/transparencia.epagri.sc.gov.br\/index.php?rest_route=\/wp\/v2\/pages\/919","targetHints":{"allow":["GET"]}}],"collection":[{"href":"https:\/\/transparencia.epagri.sc.gov.br\/index.php?rest_route=\/wp\/v2\/pages"}],"about":[{"href":"https:\/\/transparencia.epagri.sc.gov.br\/index.php?rest_route=\/wp\/v2\/types\/page"}],"author":[{"embeddable":true,"href":"https:\/\/transparencia.epagri.sc.gov.br\/index.php?rest_route=\/wp\/v2\/users\/1"}],"replies":[{"embeddable":true,"href":"https:\/\/transparencia.epagri.sc.gov.br\/index.php?rest_route=%2Fwp%2Fv2%2Fcomments&post=919"}],"version-history":[{"count":4,"href":"https:\/\/transparencia.epagri.sc.gov.br\/index.php?rest_route=\/wp\/v2\/pages\/919\/revisions"}],"predecessor-version":[{"id":7022,"href":"https:\/\/transparencia.epagri.sc.gov.br\/index.php?rest_route=\/wp\/v2\/pages\/919\/revisions\/7022"}],"wp:attachment":[{"href":"https:\/\/transparencia.epagri.sc.gov.br\/index.php?rest_route=%2Fwp%2Fv2%2Fmedia&parent=919"}],"curies":[{"name":"wp","href":"https:\/\/api.w.org\/{rel}","templated":true}]}}