{"id":915,"date":"2021-02-09T15:57:17","date_gmt":"2021-02-09T18:57:17","guid":{"rendered":"https:\/\/transparencia.epagri.sc.gov.br\/?page_id=915"},"modified":"2026-04-15T18:04:48","modified_gmt":"2026-04-15T21:04:48","slug":"informacoes-classificadas","status":"publish","type":"page","link":"https:\/\/transparencia.epagri.sc.gov.br\/?page_id=915","title":{"rendered":"Informa\u00e7\u00f5es Classificadas"},"content":{"rendered":"<h6 style=\"text-align: right;\"><a href=\"https:\/\/transparencia.epagri.sc.gov.br\/\">In\u00edcio<\/a> \/ Gest\u00e3o \/ A Empresa \/ Informa\u00e7\u00f5es Classificadas<\/h6>\n<p>Todos t\u00eam direito a receber da Epagri informa\u00e7\u00f5es de seu interesse particular, ou de interesse coletivo ou geral, <strong>ressalvadas aquelas cujo sigilo seja imprescind\u00edvel \u00e0 seguran\u00e7a da sociedade e do Estado <\/strong>(<a href=\"https:\/\/www.planalto.gov.br\/ccivil_03\/constituicao\/constituicao.htm\">art. 37, XXXIII, da Constitui\u00e7\u00e3o Federal de 1988<\/a>).<\/p>\n<p>O art. 23 da <a href=\"https:\/\/www.planalto.gov.br\/ccivil_03\/_ato2011-2014\/2011\/lei\/l12527.htm\">Lei federal n\u00ba 12.527, de 2011<\/a>, e o art. 27 do <a href=\"https:\/\/leisestaduais.com.br\/sc\/decreto-n-1048-2012-santa-catarina-regulamenta-no-ambito-do-poder-executivo-os-procedimentos-para-a-garantia-do-acesso-a-informacao-e-para-a-classificacao-de-informacoes-sob-restricao-de-acesso\">Decreto estadual n\u00ba 1.048, de 2008,<\/a>\u00a0listam uma s\u00e9rie de informa\u00e7\u00f5es\u00a0consideradas imprescind\u00edveis \u00e0 seguran\u00e7a da sociedade ou do Estado e, portanto, <strong>pass\u00edveis de classifica\u00e7\u00e3o de sigilo<\/strong> pela Epagri.<\/p>\n<p>Nesta se\u00e7\u00e3o, ser\u00e3o publicados:\u00a0I &#8211; rol das <strong>informa\u00e7\u00f5es desclassificadas<\/strong> nos \u00faltimos 12 (doze) meses;\u00a0II &#8211; rol das <strong>informa\u00e7\u00f5es classificadas em cada grau de sigilo (reservadas, secretas ou ultrassecretas)<\/strong>.<\/p>\n<p><strong>Independem de classifica\u00e7\u00e3o<\/strong> pela Epagri informa\u00e7\u00f5es submetidas a <strong>outras hip\u00f3teses de sigilo<\/strong> previstas na legisla\u00e7\u00e3o, como fiscal, banc\u00e1rio, de opera\u00e7\u00f5es e servi\u00e7os no mercado de capitais, comercial, profissional, industrial, segredo de justi\u00e7a e dados pessoais.<\/p>\n<p>Para consultar os <strong>relat\u00f3rios estat\u00edsticos<\/strong>, com a quantidade de <strong>pedidos de acesso \u00e0 informa\u00e7\u00e3o<\/strong> recebidos, atendidos e indeferidos e informa\u00e7\u00f5es estat\u00edsticas agregadas dos requerentes, acesse os <a href=\"https:\/\/transparencia.epagri.sc.gov.br\/?page_id=734\">Relat\u00f3rios de Ouvidoria<\/a>.<\/p>\n<p>Para <strong>encaminhar um pedido de acesso \u00e0 informa\u00e7\u00e3o<\/strong> \u00e0 Epagri, acesse o site da Ouvidoria (op\u00e7\u00e3o 3 &#8211; e-SIC): <a href=\"https:\/\/www.ouvidoria.sc.gov.br\/\">https:\/\/www.ouvidoria.sc.gov.br\/<\/a><\/p>\n<p>Informa\u00e7\u00f5es atualizadas at\u00e9: 15.04.2026.<\/p>\n","protected":false},"excerpt":{"rendered":"<p>In\u00edcio \/ Gest\u00e3o \/ A Empresa \/ Informa\u00e7\u00f5es Classificadas Todos t\u00eam direito a receber da Epagri informa\u00e7\u00f5es de seu interesse particular, ou de interesse coletivo ou geral, ressalvadas aquelas cujo sigilo seja imprescind\u00edvel \u00e0 seguran\u00e7a da sociedade e do Estado (art. 37, XXXIII, da Constitui\u00e7\u00e3o Federal de 1988). O art. 23 da Lei federal n\u00ba &#8230; <a title=\"Informa\u00e7\u00f5es Classificadas\" class=\"read-more\" href=\"https:\/\/transparencia.epagri.sc.gov.br\/?page_id=915\" aria-label=\"More on Informa\u00e7\u00f5es Classificadas\">Ler mais<\/a><\/p>\n","protected":false},"author":1,"featured_media":0,"parent":0,"menu_order":1,"comment_status":"closed","ping_status":"closed","template":"","meta":{"_acf_changed":false,"footnotes":""},"class_list":["post-915","page","type-page","status-publish"],"acf":[],"_links":{"self":[{"href":"https:\/\/transparencia.epagri.sc.gov.br\/index.php?rest_route=\/wp\/v2\/pages\/915","targetHints":{"allow":["GET"]}}],"collection":[{"href":"https:\/\/transparencia.epagri.sc.gov.br\/index.php?rest_route=\/wp\/v2\/pages"}],"about":[{"href":"https:\/\/transparencia.epagri.sc.gov.br\/index.php?rest_route=\/wp\/v2\/types\/page"}],"author":[{"embeddable":true,"href":"https:\/\/transparencia.epagri.sc.gov.br\/index.php?rest_route=\/wp\/v2\/users\/1"}],"replies":[{"embeddable":true,"href":"https:\/\/transparencia.epagri.sc.gov.br\/index.php?rest_route=%2Fwp%2Fv2%2Fcomments&post=915"}],"version-history":[{"count":12,"href":"https:\/\/transparencia.epagri.sc.gov.br\/index.php?rest_route=\/wp\/v2\/pages\/915\/revisions"}],"predecessor-version":[{"id":8008,"href":"https:\/\/transparencia.epagri.sc.gov.br\/index.php?rest_route=\/wp\/v2\/pages\/915\/revisions\/8008"}],"wp:attachment":[{"href":"https:\/\/transparencia.epagri.sc.gov.br\/index.php?rest_route=%2Fwp%2Fv2%2Fmedia&parent=915"}],"curies":[{"name":"wp","href":"https:\/\/api.w.org\/{rel}","templated":true}]}}