{"id":913,"date":"2021-02-09T15:56:35","date_gmt":"2021-02-09T18:56:35","guid":{"rendered":"https:\/\/transparencia.epagri.sc.gov.br\/?page_id=913"},"modified":"2026-04-15T18:03:46","modified_gmt":"2026-04-15T21:03:46","slug":"perguntas-mais-frequentes","status":"publish","type":"page","link":"https:\/\/transparencia.epagri.sc.gov.br\/?page_id=913","title":{"rendered":"Perguntas Mais Frequentes"},"content":{"rendered":"<h6 style=\"text-align: right;\"><a href=\"https:\/\/transparencia.epagri.sc.gov.br\/\">In\u00edcio<\/a> \/ Gest\u00e3o \/ A Empresa \/ Perguntas Mais Frequentes<\/h6>\n<p>Esta se\u00e7\u00e3o cont\u00e9m as respostas \u00e0s <strong>perguntas mais frequentes<\/strong> da sociedade encaminhadas \u00e0 Ouvidoria e outros canais de comunica\u00e7\u00e3o da Epagri.<\/p>\n<p>Caso deseje ter acesso a informa\u00e7\u00f5es de seu interesse particular, ou de interesse coletivo ou geral, produzidas ou custodiadas pela Epagri (ressalvadas aquelas cujo sigilo seja imprescind\u00edvel \u00e0 seguran\u00e7a da sociedade e do Estado) e que n\u00e3o estejam dispon\u00edveis neste Portal, o cidad\u00e3o poder\u00e1 fazer um pedido de acesso \u00e0 informa\u00e7\u00e3o na Ouvidoria, no site: <a href=\"https:\/\/www.ouvidoria.sc.gov.br\/\">https:\/\/www.ouvidoria.sc.gov.br\/<\/a> (op\u00e7\u00e3o 3 &#8211; <strong>e-SIC<\/strong>).<\/p>\n<p>Acesse tamb\u00e9m o <em>site<\/em> do <strong>Servi\u00e7o de Informa\u00e7\u00f5es ao Cidad\u00e3o (e-SIC)<\/strong> da Epagri para mais informa\u00e7\u00f5es, <a href=\"https:\/\/www.epagri.sc.gov.br\/e-sic\/\"><strong>neste <em>link<\/em><\/strong><\/a>.<\/p>\n","protected":false},"excerpt":{"rendered":"<p>In\u00edcio \/ Gest\u00e3o \/ A Empresa \/ Perguntas Mais Frequentes Esta se\u00e7\u00e3o cont\u00e9m as respostas \u00e0s perguntas mais frequentes da sociedade encaminhadas \u00e0 Ouvidoria e outros canais de comunica\u00e7\u00e3o da Epagri. Caso deseje ter acesso a informa\u00e7\u00f5es de seu interesse particular, ou de interesse coletivo ou geral, produzidas ou custodiadas pela Epagri (ressalvadas aquelas cujo &#8230; <a title=\"Perguntas Mais Frequentes\" class=\"read-more\" href=\"https:\/\/transparencia.epagri.sc.gov.br\/?page_id=913\" aria-label=\"More on Perguntas Mais Frequentes\">Ler mais<\/a><\/p>\n","protected":false},"author":1,"featured_media":0,"parent":0,"menu_order":1,"comment_status":"closed","ping_status":"closed","template":"","meta":{"_acf_changed":false,"footnotes":""},"class_list":["post-913","page","type-page","status-publish"],"acf":[],"_links":{"self":[{"href":"https:\/\/transparencia.epagri.sc.gov.br\/index.php?rest_route=\/wp\/v2\/pages\/913","targetHints":{"allow":["GET"]}}],"collection":[{"href":"https:\/\/transparencia.epagri.sc.gov.br\/index.php?rest_route=\/wp\/v2\/pages"}],"about":[{"href":"https:\/\/transparencia.epagri.sc.gov.br\/index.php?rest_route=\/wp\/v2\/types\/page"}],"author":[{"embeddable":true,"href":"https:\/\/transparencia.epagri.sc.gov.br\/index.php?rest_route=\/wp\/v2\/users\/1"}],"replies":[{"embeddable":true,"href":"https:\/\/transparencia.epagri.sc.gov.br\/index.php?rest_route=%2Fwp%2Fv2%2Fcomments&post=913"}],"version-history":[{"count":6,"href":"https:\/\/transparencia.epagri.sc.gov.br\/index.php?rest_route=\/wp\/v2\/pages\/913\/revisions"}],"predecessor-version":[{"id":8006,"href":"https:\/\/transparencia.epagri.sc.gov.br\/index.php?rest_route=\/wp\/v2\/pages\/913\/revisions\/8006"}],"wp:attachment":[{"href":"https:\/\/transparencia.epagri.sc.gov.br\/index.php?rest_route=%2Fwp%2Fv2%2Fmedia&parent=913"}],"curies":[{"name":"wp","href":"https:\/\/api.w.org\/{rel}","templated":true}]}}