{"id":911,"date":"2021-02-09T15:55:52","date_gmt":"2021-02-09T18:55:52","guid":{"rendered":"https:\/\/transparencia.epagri.sc.gov.br\/?page_id=911"},"modified":"2026-04-08T08:46:58","modified_gmt":"2026-04-08T11:46:58","slug":"legislacao","status":"publish","type":"page","link":"https:\/\/transparencia.epagri.sc.gov.br\/?page_id=911","title":{"rendered":"Legisla\u00e7\u00e3o"},"content":{"rendered":"<h6 style=\"text-align: right;\"><a href=\"https:\/\/transparencia.epagri.sc.gov.br\/\">In\u00edcio<\/a> \/ Gest\u00e3o \/ A Empresa \/ Legisla\u00e7\u00e3o<\/h6>\n<h3><strong>Legisla\u00e7\u00e3o sobre a Epagri<\/strong><\/h3>\n<p>O art. 81 da <b>Lei Complementar Estadual n\u00ba 741, de 2019 <\/b>(Lei da Reforma Administrativa) trata da natureza jur\u00eddica e atribui\u00e7\u00f5es da Epagri, bem como a sua vincula\u00e7\u00e3o \u00e0 Secretaria de Estado da Agricultura e Pecu\u00e1ria (SAPE). Essa lei est\u00e1 dispon\u00edvel no seguinte <a href=\"https:\/\/leis.alesc.sc.gov.br\/ato-normativo\/20438\/compilado\">neste <em>link<\/em><\/a>.<\/p>\n<p>Abaixo, listamos outras legisla\u00e7\u00f5es importantes relacionadas com a Epagri:<\/p>\n<ul>\n<li><a href=\"https:\/\/www.planalto.gov.br\/ccivil_03\/_ato2015-2018\/2016\/lei\/l13303.htm\" target=\"_blank\" rel=\"noopener\">Lei federal n\u00ba 13.303, de 2016 (Lei das Estatais). <strong>Observa\u00e7\u00e3o:<\/strong> a <strong>Epagri \u00e9 uma empresa estatal de pequeno porte<\/strong> (receita operacional bruta inferior a R$ 90.000.000,00). Portanto, as regras de governan\u00e7a aplic\u00e1veis \u00e0 Epagri s\u00e3o as do Decreto estadual n\u00ba 1.007, de 2016, conforme art. 1\u00ba, \u00a7\u00a7 1\u00ba e 3\u00ba, da Lei das Estatais<\/a><\/li>\n<li><a href=\"https:\/\/www.planalto.gov.br\/ccivil_03\/leis\/L6404compilada.htm\">Lei federal n\u00ba 6.404, de 1976 (Lei das Sociedades por A\u00e7\u00f5es).<strong> Observa\u00e7\u00e3o:<\/strong> a Epagri \u00e9 uma sociedade an\u00f4nima<\/a><\/li>\n<li><a href=\"http:\/\/leis.alesc.sc.gov.br\/html\/1994\/1178_1994_lei.html\" target=\"_blank\" rel=\"noopener\">Lei estadual n\u00ba 1.178, de 1994 &#8211; Participa\u00e7\u00e3o dos empregados na Diretoria e Conselho de Administra\u00e7\u00e3o<\/a><\/li>\n<li><a href=\"https:\/\/leis.alesc.sc.gov.br\/ato-normativo\/28048\" target=\"_blank\" rel=\"noopener\">Decreto estadual n\u00ba 1.080, de 1991 &#8211; Disp\u00f5e sobre a constitui\u00e7\u00e3o da Epagri<\/a><\/li>\n<li><a href=\"https:\/\/leis.alesc.sc.gov.br\/ato-normativo\/43870\" target=\"_blank\" rel=\"noopener\">Decreto estadual n\u00ba 2.974, de 2010 &#8211; Regime especial das empresas p\u00fablicas e sociedades de economia mista<\/a><\/li>\n<li><a href=\"https:\/\/leis.alesc.sc.gov.br\/ato-normativo\/45326\/compilado\" target=\"_blank\" rel=\"noopener\">Decreto estadual n\u00ba 1.007, de 2016 &#8211; Regras de governan\u00e7a (para a Epagri e demais empresas estatais de pequeno porte). Vide art. 1\u00ba, \u00a7\u00a7 1\u00ba e 3\u00ba, da Lei das Estatais<\/a><\/li>\n<li><a href=\"https:\/\/leis.alesc.sc.gov.br\/ato-normativo\/47296\/compilado\" target=\"_blank\" rel=\"noopener\">Decreto estadual n\u00ba 1.025, de 2017 &#8211; Grupos de Trabalho (adequa\u00e7\u00e3o \u00e0 Lei Federal n\u00ba 13.303\/2016)<\/a><\/li>\n<li><a href=\"https:\/\/leis.alesc.sc.gov.br\/ato-normativo\/47970\/compilado\" target=\"_blank\" rel=\"noopener\">Decreto estadual n\u00ba 1.484, de 2018 &#8211; Diretrizes para a adequa\u00e7\u00e3o das estatais de Santa Catarina \u00e0 Lei das Estatais<\/a><\/li>\n<li><a href=\"https:\/\/leis.alesc.sc.gov.br\/ato-normativo\/49241\" target=\"_blank\" rel=\"noopener\">Instru\u00e7\u00e3o Normativa Conjunta SEF-SCC n\u00ba 6, de 2018 &#8211; Requisitos e veda\u00e7\u00f5es dirigentes | Estabelece os procedimentos para verifica\u00e7\u00e3o dos requisitos e das veda\u00e7\u00f5es dos indicados para ocuparem as vagas de Administradores e membros do Conselho Fiscal das empresas p\u00fablicas e sociedades de economia mista do Estado de Santa Catarina, em conformidade com a Lei federal n\u00ba 13.303, de 30 de junho de 2016, e com o Decreto estadual n\u00ba 1007, de 20 de dezembro de 2016<\/a><\/li>\n<li><a href=\"https:\/\/leis.alesc.sc.gov.br\/ato-normativo\/49492\/compilado\">Instru\u00e7\u00e3o Normativa Conjunta SEF-SCC n\u00ba 5, de 2018 &#8211; Institui os modelos de refer\u00eancia previstos no Decreto estadual n\u00ba 1.484, de 2018, com vistas \u00e0 aplica\u00e7\u00e3o da Lei federal n\u00ba 13.303, de 2016 e do Decreto estadual n\u00ba 1.007, de 2016<\/a><\/li>\n<\/ul>\n<h3><strong>Legisla\u00e7\u00e3o sobre transpar\u00eancia p\u00fablica<\/strong><\/h3>\n<p>Todas as a\u00e7\u00f5es da Epagri se orientam pelo cumprimento a leis, regulamentos, normas aplic\u00e1veis e, sobretudo, aos princ\u00edpios constitucionais de legalidade, impessoalidade, moralidade, <strong>publicidade<\/strong> e efici\u00eancia, de acordo com o disposto no art. 37, <em>caput<\/em>, da <a href=\"https:\/\/www.planalto.gov.br\/ccivil_03\/constituicao\/constituicao.htm\">Constitui\u00e7\u00e3o Federal de 1988<\/a>.<\/p>\n<p>O compromisso com a <strong>transpar\u00eancia<\/strong> \u00e9 um princ\u00edpio b\u00e1sico da Epagri, conforme o nosso <a href=\"https:\/\/transparencia.epagri.sc.gov.br\/?page_id=917\">C\u00f3digo de Conduta e Integridade<\/a>. Na Epagri, buscamos n\u00e3o apenas dar publicidade aos nossos atos, mas tamb\u00e9m transpar\u00eancia, ou seja, que as informa\u00e7\u00f5es sejam prestadas de forma clara, compreens\u00edvel, acess\u00edvel e \u00fatil ao cidad\u00e3o.<\/p>\n<p>Abaixo, apresentamos as principais legisla\u00e7\u00f5es sobre transpar\u00eancia p\u00fablica em ordem cronol\u00f3gica:<\/p>\n<ul>\n<li><a href=\"https:\/\/www.planalto.gov.br\/ccivil_03\/constituicao\/constituicao.htm\">Constitui\u00e7\u00e3o Federal de 1988 (art. 5\u00ba, XXXIII)<\/a><\/li>\n<li><a href=\"https:\/\/leis.alesc.sc.gov.br\/ato-normativo\/52785\">Constitui\u00e7\u00e3o do Estado de Santa Catarina de 1989 (art. 18, II)<\/a><\/li>\n<li><a href=\"https:\/\/www.planalto.gov.br\/ccivil_03\/leis\/LCP\/Lcp101.htm\">Lei Complementar federal n\u00ba 101, de 4 de maio de 2000 &#8211; Lei de Responsabilidade Fiscal (LRF)<\/a><\/li>\n<li><a href=\"https:\/\/leis.alesc.sc.gov.br\/ato-normativo\/17717\">Lei estadual n\u00ba 15.617, de 10 de novembro de 2011 &#8211; Disp\u00f5e que todos os atos oficiais dos Poderes Executivo e Legislativo e das entidades que especifica, que impliquem na realiza\u00e7\u00e3o de despesas p\u00fablicas, dever\u00e3o ser publicados no Di\u00e1rio Oficial do Estado, bem como todas as rubricas de ingressos, transfer\u00eancias e receitas p\u00fablicas, no \u00e2mbito do Poder Executivo<\/a><\/li>\n<li><a href=\"https:\/\/www.planalto.gov.br\/ccivil_03\/_ato2011-2014\/2011\/lei\/l12527.htm\">Lei federal n\u00ba 12.527, de 18 de novembro de 2011 &#8211; Lei de Acesso \u00e0 Informa\u00e7\u00e3o (LAI)<\/a><\/li>\n<li><a href=\"https:\/\/leis.alesc.sc.gov.br\/ato-normativo\/47708\">Decreto estadual n\u00ba 913, de 9 de abril de 2012 &#8211; Disp\u00f5e sobre o Portal da Transpar\u00eancia gerenciado pela Secretaria de Estado da Fazenda<\/a><\/li>\n<li><a href=\"https:\/\/leis.alesc.sc.gov.br\/ato-normativo\/45604\/compilado\">Decreto estadual n\u00ba 1.048, de 4 de julho de 2012 &#8211; Regulamenta, no \u00e2mbito do Poder Executivo, os procedimentos para a garantia do acesso \u00e0 informa\u00e7\u00e3o e para a classifica\u00e7\u00e3o de informa\u00e7\u00f5es sob restri\u00e7\u00e3o de acesso<\/a><\/li>\n<\/ul>\n","protected":false},"excerpt":{"rendered":"<p>In\u00edcio \/ Gest\u00e3o \/ A Empresa \/ Legisla\u00e7\u00e3o Legisla\u00e7\u00e3o sobre a Epagri O art. 81 da Lei Complementar Estadual n\u00ba 741, de 2019 (Lei da Reforma Administrativa) trata da natureza jur\u00eddica e atribui\u00e7\u00f5es da Epagri, bem como a sua vincula\u00e7\u00e3o \u00e0 Secretaria de Estado da Agricultura e Pecu\u00e1ria (SAPE). Essa lei est\u00e1 dispon\u00edvel no seguinte &#8230; <a title=\"Legisla\u00e7\u00e3o\" class=\"read-more\" href=\"https:\/\/transparencia.epagri.sc.gov.br\/?page_id=911\" aria-label=\"More on Legisla\u00e7\u00e3o\">Ler mais<\/a><\/p>\n","protected":false},"author":1,"featured_media":0,"parent":0,"menu_order":1,"comment_status":"closed","ping_status":"closed","template":"","meta":{"_acf_changed":false,"footnotes":""},"class_list":["post-911","page","type-page","status-publish"],"acf":[],"_links":{"self":[{"href":"https:\/\/transparencia.epagri.sc.gov.br\/index.php?rest_route=\/wp\/v2\/pages\/911","targetHints":{"allow":["GET"]}}],"collection":[{"href":"https:\/\/transparencia.epagri.sc.gov.br\/index.php?rest_route=\/wp\/v2\/pages"}],"about":[{"href":"https:\/\/transparencia.epagri.sc.gov.br\/index.php?rest_route=\/wp\/v2\/types\/page"}],"author":[{"embeddable":true,"href":"https:\/\/transparencia.epagri.sc.gov.br\/index.php?rest_route=\/wp\/v2\/users\/1"}],"replies":[{"embeddable":true,"href":"https:\/\/transparencia.epagri.sc.gov.br\/index.php?rest_route=%2Fwp%2Fv2%2Fcomments&post=911"}],"version-history":[{"count":14,"href":"https:\/\/transparencia.epagri.sc.gov.br\/index.php?rest_route=\/wp\/v2\/pages\/911\/revisions"}],"predecessor-version":[{"id":7863,"href":"https:\/\/transparencia.epagri.sc.gov.br\/index.php?rest_route=\/wp\/v2\/pages\/911\/revisions\/7863"}],"wp:attachment":[{"href":"https:\/\/transparencia.epagri.sc.gov.br\/index.php?rest_route=%2Fwp%2Fv2%2Fmedia&parent=911"}],"curies":[{"name":"wp","href":"https:\/\/api.w.org\/{rel}","templated":true}]}}