{"id":904,"date":"2021-02-09T15:54:29","date_gmt":"2021-02-09T18:54:29","guid":{"rendered":"https:\/\/transparencia.epagri.sc.gov.br\/?page_id=904"},"modified":"2026-03-06T14:32:03","modified_gmt":"2026-03-06T17:32:03","slug":"composicao-acionaria","status":"publish","type":"page","link":"https:\/\/transparencia.epagri.sc.gov.br\/?page_id=904","title":{"rendered":"Composi\u00e7\u00e3o Acion\u00e1ria"},"content":{"rendered":"<h6 style=\"text-align: right;\"><a href=\"https:\/\/transparencia.epagri.sc.gov.br\/\">In\u00edcio<\/a> \/ Gest\u00e3o \/ A Empresa \/ Composi\u00e7\u00e3o Acion\u00e1ria<\/h6>\n<p>&nbsp;<\/p>\n<table border=\"1\" width=\"100%\">\n<tbody>\n<tr>\n<th colspan=\"4\">COMPOSI\u00c7\u00c3O ACION\u00c1RIA DA EPAGRI<\/th>\n<\/tr>\n<tr>\n<th colspan=\"2\" width=\"40%\">ACIONISTAS:<\/th>\n<th colspan=\"2\" width=\"40%\">CAPITAL SOCIAL:<\/th>\n<\/tr>\n<tr>\n<td colspan=\"2\" align=\"center\" width=\"40%\">ESTADO DE SANTA CATARINA<\/td>\n<td colspan=\"2\" align=\"center\">96,82752%<\/td>\n<\/tr>\n<tr>\n<td colspan=\"2\" align=\"center\" width=\"40%\">EMBRAPA<\/td>\n<td colspan=\"2\" align=\"center\">3,16800%<\/td>\n<\/tr>\n<tr>\n<td colspan=\"2\" align=\"center\" width=\"40%\">IPREV<\/td>\n<td colspan=\"2\" align=\"center\">0,00224%<\/td>\n<\/tr>\n<\/tbody>\n<\/table>\n<hr \/>\n","protected":false},"excerpt":{"rendered":"<p>In\u00edcio \/ Gest\u00e3o \/ A Empresa \/ Composi\u00e7\u00e3o Acion\u00e1ria &nbsp; COMPOSI\u00c7\u00c3O ACION\u00c1RIA DA EPAGRI ACIONISTAS: CAPITAL SOCIAL: ESTADO DE SANTA CATARINA 96,82752% EMBRAPA 3,16800% IPREV 0,00224%<\/p>\n","protected":false},"author":1,"featured_media":0,"parent":0,"menu_order":1,"comment_status":"closed","ping_status":"closed","template":"","meta":{"_acf_changed":false,"footnotes":""},"class_list":["post-904","page","type-page","status-publish"],"acf":[],"_links":{"self":[{"href":"https:\/\/transparencia.epagri.sc.gov.br\/index.php?rest_route=\/wp\/v2\/pages\/904","targetHints":{"allow":["GET"]}}],"collection":[{"href":"https:\/\/transparencia.epagri.sc.gov.br\/index.php?rest_route=\/wp\/v2\/pages"}],"about":[{"href":"https:\/\/transparencia.epagri.sc.gov.br\/index.php?rest_route=\/wp\/v2\/types\/page"}],"author":[{"embeddable":true,"href":"https:\/\/transparencia.epagri.sc.gov.br\/index.php?rest_route=\/wp\/v2\/users\/1"}],"replies":[{"embeddable":true,"href":"https:\/\/transparencia.epagri.sc.gov.br\/index.php?rest_route=%2Fwp%2Fv2%2Fcomments&post=904"}],"version-history":[{"count":7,"href":"https:\/\/transparencia.epagri.sc.gov.br\/index.php?rest_route=\/wp\/v2\/pages\/904\/revisions"}],"predecessor-version":[{"id":7009,"href":"https:\/\/transparencia.epagri.sc.gov.br\/index.php?rest_route=\/wp\/v2\/pages\/904\/revisions\/7009"}],"wp:attachment":[{"href":"https:\/\/transparencia.epagri.sc.gov.br\/index.php?rest_route=%2Fwp%2Fv2%2Fmedia&parent=904"}],"curies":[{"name":"wp","href":"https:\/\/api.w.org\/{rel}","templated":true}]}}