{"id":902,"date":"2021-02-09T15:49:19","date_gmt":"2021-02-09T18:49:19","guid":{"rendered":"https:\/\/transparencia.epagri.sc.gov.br\/?page_id=902"},"modified":"2026-04-15T16:34:08","modified_gmt":"2026-04-15T19:34:08","slug":"administracao-comites-e-conselho-fiscal","status":"publish","type":"page","link":"https:\/\/transparencia.epagri.sc.gov.br\/?page_id=902","title":{"rendered":"Administra\u00e7\u00e3o, Comit\u00eas e Conselho Fiscal"},"content":{"rendered":"<h6 style=\"text-align: right;\"><a href=\"https:\/\/transparencia.epagri.sc.gov.br\/\">In\u00edcio<\/a> \/ Gest\u00e3o \/ A Empresa \/ Administra\u00e7\u00e3o, Comit\u00eas e Conselho Fiscal<\/h6>\n<p>Veja a composi\u00e7\u00e3o do<strong> Conselho de Administra\u00e7\u00e3o<\/strong>, <strong>Diretoria Executiva, <\/strong><strong>Conselho Fiscal<\/strong>\u00a0e <strong>Comit\u00ea de Elegibilidade<\/strong> neste <em>link<\/em> externo: <a href=\"https:\/\/www.epagri.sc.gov.br\/index.php\/a-epagri\/administracao\/\">www.epagri.sc.gov.br\/index.php\/a-epagri\/administracao\/<\/a><\/p>\n<p>As <strong>atribui\u00e7\u00f5es<\/strong> dos administradores (membros da Diretoria Executiva e Conselho de Administra\u00e7\u00e3o), Conselho Fiscal, Comit\u00ea de Elegibilidade e Comit\u00ea de <em>Compliance<\/em> constam no <a href=\"https:\/\/transparencia.epagri.sc.gov.br\/?page_id=900\">Estatuto Social<\/a> e no <a href=\"https:\/\/transparencia.epagri.sc.gov.br\/?page_id=823\">Regimento Interno<\/a>.<\/p>\n<h3><strong>Diretoria Executiva (administra\u00e7\u00e3o atual)<\/strong><\/h3>\n<table width=\"731\">\n<thead>\n<tr>\n<td><strong>Nome<\/strong><\/td>\n<td><strong>Cargo<\/strong><\/td>\n<td><strong>Ato de nomea\u00e7\u00e3o<\/strong><\/td>\n<td><strong>Data de in\u00edcio do mandato<\/strong><\/td>\n<td><strong>Data prevista para t\u00e9rmino do mandato<\/strong><\/td>\n<\/tr>\n<\/thead>\n<tbody>\n<tr>\n<td>Dirceu Leite<\/td>\n<td>Diretor-Presidente<\/td>\n<td>95\u00aa Reuni\u00e3o Extraordin\u00e1ria do Conselho de Administra\u00e7\u00e3o; 114\u00aa Reuni\u00e3o Extraordin\u00e1ria do Conselho de Administra\u00e7\u00e3o<\/td>\n<td>27\/03\/2023<\/td>\n<td>30\/05\/2027<\/td>\n<\/tr>\n<tr>\n<td>Fabr\u00edcia Hoffmann Maria<\/td>\n<td>Diretora Administrativo-Financeira<\/td>\n<td>96\u00aa Reuni\u00e3o Extraordin\u00e1ria do Conselho de Administra\u00e7\u00e3o; 114\u00aa Reuni\u00e3o Extraordin\u00e1ria do Conselho de Administra\u00e7\u00e3o<\/td>\n<td>26\/04\/2023<\/td>\n<td>30\/05\/2027<\/td>\n<\/tr>\n<tr>\n<td>Gustavo Gimi Santos Claudino<\/td>\n<td>Diretor de Extens\u00e3o Rural e Pesqueira<\/td>\n<td>96\u00aa Reuni\u00e3o Extraordin\u00e1ria do Conselho de Administra\u00e7\u00e3o; 114\u00aa Reuni\u00e3o Extraordin\u00e1ria do Conselho de Administra\u00e7\u00e3o<\/td>\n<td>26\/04\/2023<\/td>\n<td>30\/05\/2027<\/td>\n<\/tr>\n<tr>\n<td>Andreia de F\u00e1tima de Meira Batista Ferreira Schlickmann<\/td>\n<td>Diretora de Ensino Agrot\u00e9cnico<\/td>\n<td>111\u00aa Reuni\u00e3o Extraordin\u00e1ria do Conselho de Administra\u00e7\u00e3o; 114\u00aa Reuni\u00e3o Extraordin\u00e1ria do Conselho de Administra\u00e7\u00e3o<\/td>\n<td>20\/01\/2025<\/td>\n<td>30\/05\/2027<\/td>\n<\/tr>\n<tr>\n<td>Jurandi Teodoro Gugel<\/td>\n<td>Diretor de Desenvolvimento Institucional<\/td>\n<td>114\u00aa Reuni\u00e3o Extraordin\u00e1ria do Conselho de Administra\u00e7\u00e3o<\/td>\n<td>30\/05\/2025<\/td>\n<td>30\/05\/2027<\/td>\n<\/tr>\n<\/tbody>\n<\/table>\n<h3><strong>Hist\u00f3rico de ex-Presidentes<\/strong><\/h3>\n<table>\n<tbody>\n<tr>\n<td width=\"468\"><strong>Nome<\/strong><\/td>\n<td width=\"227\"><strong>Data de in\u00edcio do mandato<\/strong><\/td>\n<td width=\"227\"><strong>Data de t\u00e9rmino do mandato<\/strong><\/td>\n<\/tr>\n<tr>\n<td width=\"468\">Loris Jo\u00e3o Basso<\/td>\n<td width=\"227\">20\/03\/1991<\/td>\n<td width=\"227\">26\/09\/1991<\/td>\n<\/tr>\n<tr>\n<td width=\"468\">Fernando C\u00e9sar Granemann Driessen<\/td>\n<td width=\"227\">20\/11\/1991<\/td>\n<td width=\"227\">02\/07\/1992<\/td>\n<\/tr>\n<tr>\n<td width=\"468\">Ant\u00f4nio M\u00e1rio Scherer<\/td>\n<td width=\"227\">02\/07\/1992<\/td>\n<td width=\"227\">03\/01\/1995<\/td>\n<\/tr>\n<tr>\n<td width=\"468\">Adolfo Nunes Corr\u00eaa<\/td>\n<td width=\"227\">04\/01\/1995<\/td>\n<td width=\"227\">29\/01\/1996<\/td>\n<\/tr>\n<tr>\n<td width=\"468\">Joel Vieira de Oliveira<\/td>\n<td width=\"227\">29\/01\/1996<\/td>\n<td width=\"227\">26\/01\/1997<\/td>\n<\/tr>\n<tr>\n<td width=\"468\">Rog\u00e9rio Mendon\u00e7a<\/td>\n<td width=\"227\">27\/01\/1997<\/td>\n<td width=\"227\">31\/03\/1998<\/td>\n<\/tr>\n<tr>\n<td width=\"468\">Valdir Crestani<\/td>\n<td width=\"227\">31\/03\/1998<\/td>\n<td width=\"227\">03\/01\/1999<\/td>\n<\/tr>\n<tr>\n<td width=\"468\">Dion\u00edsio Bressan Lemos<\/td>\n<td width=\"227\">04\/01\/1999<\/td>\n<td width=\"227\">05\/01\/2003<\/td>\n<\/tr>\n<tr>\n<td width=\"468\">Athos de Almeida Lopes<\/td>\n<td width=\"227\">06\/01\/2003<\/td>\n<td width=\"227\">01\/01\/2007<\/td>\n<\/tr>\n<tr>\n<td width=\"468\">Murilo Xavier Flores<\/td>\n<td width=\"227\">02\/01\/2007<\/td>\n<td width=\"227\">04\/02\/2009<\/td>\n<\/tr>\n<tr>\n<td width=\"468\">Luiz Ademir Hessmann<\/td>\n<td width=\"227\">05\/02\/2009<\/td>\n<td width=\"227\">06\/02\/2019<\/td>\n<\/tr>\n<tr>\n<td width=\"468\">Edilene Steinwandter<\/td>\n<td width=\"227\">07\/02\/2019<\/td>\n<td width=\"227\">31\/03\/2022<\/td>\n<\/tr>\n<tr>\n<td width=\"468\">Giovani Canola Teixeira (Interino)<\/td>\n<td width=\"227\">01\/04\/2022<\/td>\n<td width=\"227\">31\/05\/2022<\/td>\n<\/tr>\n<tr>\n<td width=\"468\">Giovani Canola Teixeira<\/td>\n<td width=\"227\">01\/06\/2022<\/td>\n<td width=\"227\">24\/10\/2022<\/td>\n<\/tr>\n<tr>\n<td width=\"468\">Edilene Steinwandter<\/td>\n<td width=\"227\">24\/10\/2022<\/td>\n<td width=\"227\">20\/03\/2023<\/td>\n<\/tr>\n<\/tbody>\n<\/table>\n<p>&nbsp;<\/p>\n<hr \/>\n","protected":false},"excerpt":{"rendered":"<p>In\u00edcio \/ Gest\u00e3o \/ A Empresa \/ Administra\u00e7\u00e3o, Comit\u00eas e Conselho Fiscal Veja a composi\u00e7\u00e3o do Conselho de Administra\u00e7\u00e3o, Diretoria Executiva, Conselho Fiscal\u00a0e Comit\u00ea de Elegibilidade neste link externo: www.epagri.sc.gov.br\/index.php\/a-epagri\/administracao\/ As atribui\u00e7\u00f5es dos administradores (membros da Diretoria Executiva e Conselho de Administra\u00e7\u00e3o), Conselho Fiscal, Comit\u00ea de Elegibilidade e Comit\u00ea de Compliance constam no Estatuto Social &#8230; <a title=\"Administra\u00e7\u00e3o, Comit\u00eas e Conselho Fiscal\" class=\"read-more\" href=\"https:\/\/transparencia.epagri.sc.gov.br\/?page_id=902\" aria-label=\"More on Administra\u00e7\u00e3o, Comit\u00eas e Conselho Fiscal\">Ler mais<\/a><\/p>\n","protected":false},"author":1,"featured_media":0,"parent":0,"menu_order":1,"comment_status":"closed","ping_status":"closed","template":"","meta":{"_acf_changed":false,"footnotes":""},"class_list":["post-902","page","type-page","status-publish"],"acf":[],"_links":{"self":[{"href":"https:\/\/transparencia.epagri.sc.gov.br\/index.php?rest_route=\/wp\/v2\/pages\/902","targetHints":{"allow":["GET"]}}],"collection":[{"href":"https:\/\/transparencia.epagri.sc.gov.br\/index.php?rest_route=\/wp\/v2\/pages"}],"about":[{"href":"https:\/\/transparencia.epagri.sc.gov.br\/index.php?rest_route=\/wp\/v2\/types\/page"}],"author":[{"embeddable":true,"href":"https:\/\/transparencia.epagri.sc.gov.br\/index.php?rest_route=\/wp\/v2\/users\/1"}],"replies":[{"embeddable":true,"href":"https:\/\/transparencia.epagri.sc.gov.br\/index.php?rest_route=%2Fwp%2Fv2%2Fcomments&post=902"}],"version-history":[{"count":47,"href":"https:\/\/transparencia.epagri.sc.gov.br\/index.php?rest_route=\/wp\/v2\/pages\/902\/revisions"}],"predecessor-version":[{"id":8005,"href":"https:\/\/transparencia.epagri.sc.gov.br\/index.php?rest_route=\/wp\/v2\/pages\/902\/revisions\/8005"}],"wp:attachment":[{"href":"https:\/\/transparencia.epagri.sc.gov.br\/index.php?rest_route=%2Fwp%2Fv2%2Fmedia&parent=902"}],"curies":[{"name":"wp","href":"https:\/\/api.w.org\/{rel}","templated":true}]}}