{"id":898,"date":"2021-02-09T15:44:28","date_gmt":"2021-02-09T18:44:28","guid":{"rendered":"https:\/\/transparencia.epagri.sc.gov.br\/?page_id=898"},"modified":"2026-03-10T17:29:45","modified_gmt":"2026-03-10T20:29:45","slug":"competencias","status":"publish","type":"page","link":"https:\/\/transparencia.epagri.sc.gov.br\/?page_id=898","title":{"rendered":"Compet\u00eancias"},"content":{"rendered":"<h6 style=\"text-align: right;\"><a href=\"https:\/\/transparencia.epagri.sc.gov.br\/\">In\u00edcio<\/a> \/ Gest\u00e3o \/ A Empresa \/ Compet\u00eancias<\/h6>\n<p>No documento abaixo, inclu\u00edmos informa\u00e7\u00f5es sobre a constitui\u00e7\u00e3o da Epagri e suas atribui\u00e7\u00f5es legais e estatut\u00e1rias.<\/p>\n<p>Para saber mais sobre quem \u00e9 a Epagri, acesse o <em>link<\/em> externo:\u00a0<a href=\"https:\/\/www.epagri.sc.gov.br\/index.php\/a-epagri\/quem-somos\" target=\"_blank\" rel=\"noopener\">https:\/\/www.epagri.sc.gov.br\/index.php\/a-epagri\/quem-somos<\/a><\/p>\n","protected":false},"excerpt":{"rendered":"<p>In\u00edcio \/ Gest\u00e3o \/ A Empresa \/ Compet\u00eancias No documento abaixo, inclu\u00edmos informa\u00e7\u00f5es sobre a constitui\u00e7\u00e3o da Epagri e suas atribui\u00e7\u00f5es legais e estatut\u00e1rias. Para saber mais sobre quem \u00e9 a Epagri, acesse o link externo:\u00a0https:\/\/www.epagri.sc.gov.br\/index.php\/a-epagri\/quem-somos<\/p>\n","protected":false},"author":1,"featured_media":0,"parent":0,"menu_order":1,"comment_status":"closed","ping_status":"closed","template":"","meta":{"_acf_changed":false,"footnotes":""},"class_list":["post-898","page","type-page","status-publish"],"acf":[],"_links":{"self":[{"href":"https:\/\/transparencia.epagri.sc.gov.br\/index.php?rest_route=\/wp\/v2\/pages\/898","targetHints":{"allow":["GET"]}}],"collection":[{"href":"https:\/\/transparencia.epagri.sc.gov.br\/index.php?rest_route=\/wp\/v2\/pages"}],"about":[{"href":"https:\/\/transparencia.epagri.sc.gov.br\/index.php?rest_route=\/wp\/v2\/types\/page"}],"author":[{"embeddable":true,"href":"https:\/\/transparencia.epagri.sc.gov.br\/index.php?rest_route=\/wp\/v2\/users\/1"}],"replies":[{"embeddable":true,"href":"https:\/\/transparencia.epagri.sc.gov.br\/index.php?rest_route=%2Fwp%2Fv2%2Fcomments&post=898"}],"version-history":[{"count":5,"href":"https:\/\/transparencia.epagri.sc.gov.br\/index.php?rest_route=\/wp\/v2\/pages\/898\/revisions"}],"predecessor-version":[{"id":7007,"href":"https:\/\/transparencia.epagri.sc.gov.br\/index.php?rest_route=\/wp\/v2\/pages\/898\/revisions\/7007"}],"wp:attachment":[{"href":"https:\/\/transparencia.epagri.sc.gov.br\/index.php?rest_route=%2Fwp%2Fv2%2Fmedia&parent=898"}],"curies":[{"name":"wp","href":"https:\/\/api.w.org\/{rel}","templated":true}]}}