{"id":896,"date":"2021-02-09T15:43:36","date_gmt":"2021-02-09T18:43:36","guid":{"rendered":"https:\/\/transparencia.epagri.sc.gov.br\/?page_id=896"},"modified":"2026-04-07T18:15:57","modified_gmt":"2026-04-07T21:15:57","slug":"estrutura-organizacional","status":"publish","type":"page","link":"https:\/\/transparencia.epagri.sc.gov.br\/?page_id=896","title":{"rendered":"Estrutura Organizacional"},"content":{"rendered":"<h6 style=\"text-align: right;\"><a href=\"https:\/\/transparencia.epagri.sc.gov.br\/\">In\u00edcio<\/a> \/ Gest\u00e3o \/ A Empresa \/ Estrutura Organizacional<\/h6>\n<p>Para saber mais sobre <strong>quem \u00e9 a Epagri<\/strong>, acesse o\u00a0<em>link<\/em>\u00a0externo:\u00a0<a role=\"link\" href=\"https:\/\/www.epagri.sc.gov.br\/index.php\/a-epagri\/quem-somos\" target=\"_blank\" rel=\"noopener\">https:\/\/www.epagri.sc.gov.br\/index.php\/a-epagri\/quem-somos<\/a><\/p>\n<p>As <strong>compet\u00eancias<\/strong> de cada unidade e estrutura organizacional da Epagri constam na <a href=\"https:\/\/transparencia.epagri.sc.gov.br\/?page_id=911\">legisla\u00e7\u00e3o<\/a>, no <a href=\"https:\/\/transparencia.epagri.sc.gov.br\/?page_id=900\">Estatuto Social<\/a> e no <a href=\"https:\/\/transparencia.epagri.sc.gov.br\/?page_id=823\">Regimento Interno<\/a> da empresa.<\/p>\n<p>Os <strong>endere\u00e7os<\/strong>, <strong>telefones<\/strong> das unidades e <strong>hor\u00e1rios de atendimento<\/strong> ao p\u00fablico constam neste <em>link<\/em> do <em>site<\/em> principal da Epagri: <a href=\"https:\/\/www.epagri.sc.gov.br\/a-epagri\/unidades\/\">https:\/\/www.epagri.sc.gov.br\/a-epagri\/unidades\/<\/a><\/p>\n<p>&nbsp;<\/p>\n","protected":false},"excerpt":{"rendered":"<p>In\u00edcio \/ Gest\u00e3o \/ A Empresa \/ Estrutura Organizacional Para saber mais sobre quem \u00e9 a Epagri, acesse o\u00a0link\u00a0externo:\u00a0https:\/\/www.epagri.sc.gov.br\/index.php\/a-epagri\/quem-somos As compet\u00eancias de cada unidade e estrutura organizacional da Epagri constam na legisla\u00e7\u00e3o, no Estatuto Social e no Regimento Interno da empresa. Os endere\u00e7os, telefones das unidades e hor\u00e1rios de atendimento ao p\u00fablico constam neste link &#8230; <a title=\"Estrutura Organizacional\" class=\"read-more\" href=\"https:\/\/transparencia.epagri.sc.gov.br\/?page_id=896\" aria-label=\"More on Estrutura Organizacional\">Ler mais<\/a><\/p>\n","protected":false},"author":1,"featured_media":0,"parent":0,"menu_order":1,"comment_status":"closed","ping_status":"closed","template":"","meta":{"_acf_changed":false,"footnotes":""},"class_list":["post-896","page","type-page","status-publish"],"acf":[],"_links":{"self":[{"href":"https:\/\/transparencia.epagri.sc.gov.br\/index.php?rest_route=\/wp\/v2\/pages\/896","targetHints":{"allow":["GET"]}}],"collection":[{"href":"https:\/\/transparencia.epagri.sc.gov.br\/index.php?rest_route=\/wp\/v2\/pages"}],"about":[{"href":"https:\/\/transparencia.epagri.sc.gov.br\/index.php?rest_route=\/wp\/v2\/types\/page"}],"author":[{"embeddable":true,"href":"https:\/\/transparencia.epagri.sc.gov.br\/index.php?rest_route=\/wp\/v2\/users\/1"}],"replies":[{"embeddable":true,"href":"https:\/\/transparencia.epagri.sc.gov.br\/index.php?rest_route=%2Fwp%2Fv2%2Fcomments&post=896"}],"version-history":[{"count":8,"href":"https:\/\/transparencia.epagri.sc.gov.br\/index.php?rest_route=\/wp\/v2\/pages\/896\/revisions"}],"predecessor-version":[{"id":7861,"href":"https:\/\/transparencia.epagri.sc.gov.br\/index.php?rest_route=\/wp\/v2\/pages\/896\/revisions\/7861"}],"wp:attachment":[{"href":"https:\/\/transparencia.epagri.sc.gov.br\/index.php?rest_route=%2Fwp%2Fv2%2Fmedia&parent=896"}],"curies":[{"name":"wp","href":"https:\/\/api.w.org\/{rel}","templated":true}]}}