{"id":887,"date":"2021-02-09T15:20:25","date_gmt":"2021-02-09T18:20:25","guid":{"rendered":"https:\/\/transparencia.epagri.sc.gov.br\/?page_id=887"},"modified":"2025-05-29T09:04:41","modified_gmt":"2025-05-29T12:04:41","slug":"aplicacoes-financeiras","status":"publish","type":"page","link":"https:\/\/transparencia.epagri.sc.gov.br\/?page_id=887","title":{"rendered":"Aplica\u00e7\u00f5es Financeiras"},"content":{"rendered":"<h6 style=\"text-align: right;\"><a href=\"https:\/\/transparencia.epagri.sc.gov.br\/\">In\u00edcio<\/a> \/ Responsabilidade Fiscal \/ Extratos Banc\u00e1rios \/ Aplica\u00e7\u00f5es Financeiras<\/h6>\n<p>Esta se\u00e7\u00e3o apresenta os extratos das aplica\u00e7\u00f5es financeiras da Epagri.<\/p>\n","protected":false},"excerpt":{"rendered":"<p>In\u00edcio \/ Responsabilidade Fiscal \/ Extratos Banc\u00e1rios \/ Aplica\u00e7\u00f5es Financeiras Esta se\u00e7\u00e3o apresenta os extratos das aplica\u00e7\u00f5es financeiras da Epagri.<\/p>\n","protected":false},"author":1,"featured_media":0,"parent":0,"menu_order":1,"comment_status":"closed","ping_status":"closed","template":"","meta":{"_acf_changed":false,"footnotes":""},"class_list":["post-887","page","type-page","status-publish"],"acf":[],"_links":{"self":[{"href":"https:\/\/transparencia.epagri.sc.gov.br\/index.php?rest_route=\/wp\/v2\/pages\/887","targetHints":{"allow":["GET"]}}],"collection":[{"href":"https:\/\/transparencia.epagri.sc.gov.br\/index.php?rest_route=\/wp\/v2\/pages"}],"about":[{"href":"https:\/\/transparencia.epagri.sc.gov.br\/index.php?rest_route=\/wp\/v2\/types\/page"}],"author":[{"embeddable":true,"href":"https:\/\/transparencia.epagri.sc.gov.br\/index.php?rest_route=\/wp\/v2\/users\/1"}],"replies":[{"embeddable":true,"href":"https:\/\/transparencia.epagri.sc.gov.br\/index.php?rest_route=%2Fwp%2Fv2%2Fcomments&post=887"}],"version-history":[{"count":6,"href":"https:\/\/transparencia.epagri.sc.gov.br\/index.php?rest_route=\/wp\/v2\/pages\/887\/revisions"}],"predecessor-version":[{"id":6999,"href":"https:\/\/transparencia.epagri.sc.gov.br\/index.php?rest_route=\/wp\/v2\/pages\/887\/revisions\/6999"}],"wp:attachment":[{"href":"https:\/\/transparencia.epagri.sc.gov.br\/index.php?rest_route=%2Fwp%2Fv2%2Fmedia&parent=887"}],"curies":[{"name":"wp","href":"https:\/\/api.w.org\/{rel}","templated":true}]}}