{"id":881,"date":"2021-02-09T15:16:39","date_gmt":"2021-02-09T18:16:39","guid":{"rendered":"https:\/\/transparencia.epagri.sc.gov.br\/?page_id=881"},"modified":"2026-04-14T10:13:00","modified_gmt":"2026-04-14T13:13:00","slug":"prestacao-de-contas-anual","status":"publish","type":"page","link":"https:\/\/transparencia.epagri.sc.gov.br\/?page_id=881","title":{"rendered":"Presta\u00e7\u00e3o de Contas Anual"},"content":{"rendered":"\r\n<h6 style=\"text-align: right;\"><a href=\"https:\/\/transparencia.epagri.sc.gov.br\/\">In\u00edcio<\/a> \/ Presta\u00e7\u00e3o de Contas \/ Presta\u00e7\u00e3o de Contas Anual<\/h6>\r\n<p>A <strong>Presta\u00e7\u00e3o de Contas Anual de Gest\u00e3o (PCG)<\/strong> \u00e9 o conjunto de informa\u00e7\u00f5es individualizadas relativas \u00e0 Epagri sobre a execu\u00e7\u00e3o do or\u00e7amento e dos atos administrativos correspondentes submetidos ao Tribunal de Contas do Estado de Santa Catarina para avalia\u00e7\u00e3o e julgamento, conforme a <a href=\"https:\/\/www.tcesc.tc.br\/sites\/default\/files\/leis_normas\/INSTRU%C3%87%C3%83O%20NORMATIVA%20N%2020-2015%20CONSOLIDADA.pdf\">Instru\u00e7\u00e3o Normativa n\u00ba TC-020\/2015<\/a>.<\/p>\r\n<p>A PCG \u00e9 composta pelos seguintes documentos:\u00a0<strong>a)<\/strong> rol de respons\u00e1veis (indicados no Relat\u00f3rio de Gest\u00e3o);\u00a0<strong>b)<\/strong> demonstrativos cont\u00e1beis relativos \u00e0 gest\u00e3o or\u00e7ament\u00e1ria, financeira e patrimonial;<strong>\u00a0c)<\/strong> Relat\u00f3rio de Gest\u00e3o;<strong>\u00a0d)<\/strong> relat\u00f3rios e pareceres do Conselho de Administra\u00e7\u00e3o e Conselho Fiscal, que devem se pronunciar sobre as contas ou sobre a gest\u00e3o da Epagri;\u00a0\u00a0<strong>e)<\/strong> Relat\u00f3rio e Parecer do Controle Interno.<\/p>\r\n<p>Os <strong>Relat\u00f3rios de Gest\u00e3o<\/strong> est\u00e3o disponibilizados neste Portal da Transpar\u00eancia, acessando a aba Gest\u00e3o &gt; Planos, Relat\u00f3rios e Indicadores &gt; <a href=\"https:\/\/transparencia.epagri.sc.gov.br\/?page_id=952\">Relat\u00f3rio de Gest\u00e3o e Sustentabilidade<\/a>.\u00a0<\/p>\r\n<p>As atas do Conselho de Administra\u00e7\u00e3o e da Assembleia Geral est\u00e3o disponibilizadas neste Portal da Transpar\u00eancia, acessando a aba Gest\u00e3o &gt; Governan\u00e7a &gt; <a href=\"https:\/\/transparencia.epagri.sc.gov.br\/?page_id=921\">Atas e Comunicados<\/a>.\u00a0<\/p>\r\n<p>Os demais documentos que integram as PCGs est\u00e3o disponibilizados abaixo.<\/p>\r\n","protected":false},"excerpt":{"rendered":"<p>In\u00edcio \/ Presta\u00e7\u00e3o de Contas \/ Presta\u00e7\u00e3o de Contas Anual A Presta\u00e7\u00e3o de Contas Anual de Gest\u00e3o (PCG) \u00e9 o conjunto de informa\u00e7\u00f5es individualizadas relativas \u00e0 Epagri sobre a execu\u00e7\u00e3o do or\u00e7amento e dos atos administrativos correspondentes submetidos ao Tribunal de Contas do Estado de Santa Catarina para avalia\u00e7\u00e3o e julgamento, conforme a Instru\u00e7\u00e3o Normativa &#8230; <a title=\"Presta\u00e7\u00e3o de Contas Anual\" class=\"read-more\" href=\"https:\/\/transparencia.epagri.sc.gov.br\/?page_id=881\" aria-label=\"More on Presta\u00e7\u00e3o de Contas Anual\">Ler mais<\/a><\/p>\n","protected":false},"author":1,"featured_media":0,"parent":0,"menu_order":2,"comment_status":"closed","ping_status":"closed","template":"","meta":{"_acf_changed":false,"footnotes":""},"class_list":["post-881","page","type-page","status-publish"],"acf":[],"_links":{"self":[{"href":"https:\/\/transparencia.epagri.sc.gov.br\/index.php?rest_route=\/wp\/v2\/pages\/881","targetHints":{"allow":["GET"]}}],"collection":[{"href":"https:\/\/transparencia.epagri.sc.gov.br\/index.php?rest_route=\/wp\/v2\/pages"}],"about":[{"href":"https:\/\/transparencia.epagri.sc.gov.br\/index.php?rest_route=\/wp\/v2\/types\/page"}],"author":[{"embeddable":true,"href":"https:\/\/transparencia.epagri.sc.gov.br\/index.php?rest_route=\/wp\/v2\/users\/1"}],"replies":[{"embeddable":true,"href":"https:\/\/transparencia.epagri.sc.gov.br\/index.php?rest_route=%2Fwp%2Fv2%2Fcomments&post=881"}],"version-history":[{"count":10,"href":"https:\/\/transparencia.epagri.sc.gov.br\/index.php?rest_route=\/wp\/v2\/pages\/881\/revisions"}],"predecessor-version":[{"id":7005,"href":"https:\/\/transparencia.epagri.sc.gov.br\/index.php?rest_route=\/wp\/v2\/pages\/881\/revisions\/7005"}],"wp:attachment":[{"href":"https:\/\/transparencia.epagri.sc.gov.br\/index.php?rest_route=%2Fwp%2Fv2%2Fmedia&parent=881"}],"curies":[{"name":"wp","href":"https:\/\/api.w.org\/{rel}","templated":true}]}}