{"id":866,"date":"2021-02-09T15:05:43","date_gmt":"2021-02-09T18:05:43","guid":{"rendered":"https:\/\/transparencia.epagri.sc.gov.br\/?page_id=866"},"modified":"2025-05-29T09:00:16","modified_gmt":"2025-05-29T12:00:16","slug":"publicacoes-extemporaneas","status":"publish","type":"page","link":"https:\/\/transparencia.epagri.sc.gov.br\/?page_id=866","title":{"rendered":"Publica\u00e7\u00f5es Extempor\u00e2neas"},"content":{"rendered":"<h6 style=\"text-align: right;\"><a href=\"https:\/\/transparencia.epagri.sc.gov.br\/\">In\u00edcio<\/a> \/ Despesa \/ Licita\u00e7\u00f5es e Contratos \/ Publica\u00e7\u00f5es Extempor\u00e2neas<\/h6>\n<p>Cont\u00e9m os contratos publicados com 12 (doze) meses ap\u00f3s a publica\u00e7\u00e3o dos valores nominais, em ordem cronol\u00f3gica.<\/p>\n","protected":false},"excerpt":{"rendered":"<p>In\u00edcio \/ Despesa \/ Licita\u00e7\u00f5es e Contratos \/ Publica\u00e7\u00f5es Extempor\u00e2neas Cont\u00e9m os contratos publicados com 12 (doze) meses ap\u00f3s a publica\u00e7\u00e3o dos valores nominais, em ordem cronol\u00f3gica.<\/p>\n","protected":false},"author":1,"featured_media":0,"parent":0,"menu_order":1,"comment_status":"closed","ping_status":"closed","template":"","meta":{"_acf_changed":false,"footnotes":""},"class_list":["post-866","page","type-page","status-publish"],"acf":[],"_links":{"self":[{"href":"https:\/\/transparencia.epagri.sc.gov.br\/index.php?rest_route=\/wp\/v2\/pages\/866","targetHints":{"allow":["GET"]}}],"collection":[{"href":"https:\/\/transparencia.epagri.sc.gov.br\/index.php?rest_route=\/wp\/v2\/pages"}],"about":[{"href":"https:\/\/transparencia.epagri.sc.gov.br\/index.php?rest_route=\/wp\/v2\/types\/page"}],"author":[{"embeddable":true,"href":"https:\/\/transparencia.epagri.sc.gov.br\/index.php?rest_route=\/wp\/v2\/users\/1"}],"replies":[{"embeddable":true,"href":"https:\/\/transparencia.epagri.sc.gov.br\/index.php?rest_route=%2Fwp%2Fv2%2Fcomments&post=866"}],"version-history":[{"count":4,"href":"https:\/\/transparencia.epagri.sc.gov.br\/index.php?rest_route=\/wp\/v2\/pages\/866\/revisions"}],"predecessor-version":[{"id":6995,"href":"https:\/\/transparencia.epagri.sc.gov.br\/index.php?rest_route=\/wp\/v2\/pages\/866\/revisions\/6995"}],"wp:attachment":[{"href":"https:\/\/transparencia.epagri.sc.gov.br\/index.php?rest_route=%2Fwp%2Fv2%2Fmedia&parent=866"}],"curies":[{"name":"wp","href":"https:\/\/api.w.org\/{rel}","templated":true}]}}