{"id":862,"date":"2021-02-09T15:03:10","date_gmt":"2021-02-09T18:03:10","guid":{"rendered":"https:\/\/transparencia.epagri.sc.gov.br\/?page_id=862"},"modified":"2026-04-13T16:27:27","modified_gmt":"2026-04-13T19:27:27","slug":"regulamento-interno-de-licitacoes-e-contratos","status":"publish","type":"page","link":"https:\/\/transparencia.epagri.sc.gov.br\/?page_id=862","title":{"rendered":"Regulamento Interno de Licita\u00e7\u00f5es e Contratos"},"content":{"rendered":"<h6 style=\"text-align: right;\"><a href=\"https:\/\/transparencia.epagri.sc.gov.br\/\">In\u00edcio<\/a> \/ Despesa \/ Licita\u00e7\u00f5es e Contratos \/ Regulamento Interno de Licita\u00e7\u00f5es e Contratos<\/h6>\n<p>As licita\u00e7\u00f5es e contrata\u00e7\u00f5es da Epagri s\u00e3o regidas pela <a href=\"https:\/\/www.planalto.gov.br\/ccivil_03\/_ato2015-2018\/2016\/lei\/l13303.htm\">Lei federal n\u00ba 13.303, de 2016<\/a> (Lei das Estatais) e pelo <strong>Regulamento Interno de Licita\u00e7\u00f5es e Contratos da Epagri (RILC-Epagri)<\/strong>. Nesta se\u00e7\u00e3o, disponibilizamos o RILC-Epagri, os planos anuais de contrata\u00e7\u00e3o e as minutas padr\u00e3o de contratos, em atendimento ao art. 40 da Lei das Estatais.<\/p>\n<p>O <strong>Plano Anual de Contrata\u00e7\u00f5es da Epagri (PACE)<\/strong> de <strong>2026<\/strong> est\u00e1 dispon\u00edvel <a href=\"https:\/\/lookerstudio.google.com\/reporting\/401825a2-ec6a-45b6-86fa-822ffb6783ff\">neste <em>link<\/em><\/a>.<\/p>\n<p>O <strong>Plano Anual de Contrata\u00e7\u00f5es da Epagri (PACE)<\/strong> de <strong>2025<\/strong> est\u00e1 dispon\u00edvel <a href=\"https:\/\/app.powerbi.com\/view?r=eyJrIjoiZjM3NmEwZWQtMzI0Ni00ODFjLWJiZmYtZDdkNzBkN2ZlM2QxIiwidCI6ImZlMjQ5MGEzLTQyYWUtNDFkNy1iMmZiLTUwN2Y4NTRkMDdjZiJ9\">neste <em>link<\/em><\/a>.<\/p>\n<p>Os Planos Anuais de Contrata\u00e7\u00e3o anteriores constam nos documentos abaixo.<\/p>\n","protected":false},"excerpt":{"rendered":"<p>In\u00edcio \/ Despesa \/ Licita\u00e7\u00f5es e Contratos \/ Regulamento Interno de Licita\u00e7\u00f5es e Contratos As licita\u00e7\u00f5es e contrata\u00e7\u00f5es da Epagri s\u00e3o regidas pela Lei federal n\u00ba 13.303, de 2016 (Lei das Estatais) e pelo Regulamento Interno de Licita\u00e7\u00f5es e Contratos da Epagri (RILC-Epagri). Nesta se\u00e7\u00e3o, disponibilizamos o RILC-Epagri, os planos anuais de contrata\u00e7\u00e3o e as &#8230; <a title=\"Regulamento Interno de Licita\u00e7\u00f5es e Contratos\" class=\"read-more\" href=\"https:\/\/transparencia.epagri.sc.gov.br\/?page_id=862\" aria-label=\"More on Regulamento Interno de Licita\u00e7\u00f5es e Contratos\">Ler mais<\/a><\/p>\n","protected":false},"author":1,"featured_media":0,"parent":0,"menu_order":1,"comment_status":"closed","ping_status":"closed","template":"","meta":{"_acf_changed":false,"footnotes":""},"class_list":["post-862","page","type-page","status-publish"],"acf":[],"_links":{"self":[{"href":"https:\/\/transparencia.epagri.sc.gov.br\/index.php?rest_route=\/wp\/v2\/pages\/862","targetHints":{"allow":["GET"]}}],"collection":[{"href":"https:\/\/transparencia.epagri.sc.gov.br\/index.php?rest_route=\/wp\/v2\/pages"}],"about":[{"href":"https:\/\/transparencia.epagri.sc.gov.br\/index.php?rest_route=\/wp\/v2\/types\/page"}],"author":[{"embeddable":true,"href":"https:\/\/transparencia.epagri.sc.gov.br\/index.php?rest_route=\/wp\/v2\/users\/1"}],"replies":[{"embeddable":true,"href":"https:\/\/transparencia.epagri.sc.gov.br\/index.php?rest_route=%2Fwp%2Fv2%2Fcomments&post=862"}],"version-history":[{"count":8,"href":"https:\/\/transparencia.epagri.sc.gov.br\/index.php?rest_route=\/wp\/v2\/pages\/862\/revisions"}],"predecessor-version":[{"id":7232,"href":"https:\/\/transparencia.epagri.sc.gov.br\/index.php?rest_route=\/wp\/v2\/pages\/862\/revisions\/7232"}],"wp:attachment":[{"href":"https:\/\/transparencia.epagri.sc.gov.br\/index.php?rest_route=%2Fwp%2Fv2%2Fmedia&parent=862"}],"curies":[{"name":"wp","href":"https:\/\/api.w.org\/{rel}","templated":true}]}}