{"id":860,"date":"2021-02-09T15:02:21","date_gmt":"2021-02-09T18:02:21","guid":{"rendered":"https:\/\/transparencia.epagri.sc.gov.br\/?page_id=860"},"modified":"2025-05-29T09:01:08","modified_gmt":"2025-05-29T12:01:08","slug":"contratos","status":"publish","type":"page","link":"https:\/\/transparencia.epagri.sc.gov.br\/?page_id=860","title":{"rendered":"Contratos"},"content":{"rendered":"<h6 style=\"text-align: right;\"><a href=\"https:\/\/transparencia.epagri.sc.gov.br\/\">In\u00edcio<\/a> \/ Despesa \/ Licita\u00e7\u00f5es e Contratos \/ Contratos<\/h6>\n<p><iframe loading=\"lazy\" id=\"blockrandom\" title=\"Contratos\" src=\"https:\/\/sistemas.epagri.sc.gov.br\/semob\/semob\/safiConsultaContratosConvenios.jsp\" name=\"iframe\" width=\"100%\" height=\"700\" frameborder=\"0\" scrolling=\"auto\">Esta op\u00e7\u00e3o n\u00e3o ir\u00e1 funcionar corretamente. Infelizmente, seu navegador n\u00e3o suporta frames.<\/iframe><\/p>\n\r\n\r\n","protected":false},"excerpt":{"rendered":"","protected":false},"author":1,"featured_media":0,"parent":0,"menu_order":1,"comment_status":"closed","ping_status":"closed","template":"","meta":{"_acf_changed":false,"footnotes":""},"class_list":["post-860","page","type-page","status-publish"],"acf":[],"_links":{"self":[{"href":"https:\/\/transparencia.epagri.sc.gov.br\/index.php?rest_route=\/wp\/v2\/pages\/860","targetHints":{"allow":["GET"]}}],"collection":[{"href":"https:\/\/transparencia.epagri.sc.gov.br\/index.php?rest_route=\/wp\/v2\/pages"}],"about":[{"href":"https:\/\/transparencia.epagri.sc.gov.br\/index.php?rest_route=\/wp\/v2\/types\/page"}],"author":[{"embeddable":true,"href":"https:\/\/transparencia.epagri.sc.gov.br\/index.php?rest_route=\/wp\/v2\/users\/1"}],"replies":[{"embeddable":true,"href":"https:\/\/transparencia.epagri.sc.gov.br\/index.php?rest_route=%2Fwp%2Fv2%2Fcomments&post=860"}],"version-history":[{"count":11,"href":"https:\/\/transparencia.epagri.sc.gov.br\/index.php?rest_route=\/wp\/v2\/pages\/860\/revisions"}],"predecessor-version":[{"id":6996,"href":"https:\/\/transparencia.epagri.sc.gov.br\/index.php?rest_route=\/wp\/v2\/pages\/860\/revisions\/6996"}],"wp:attachment":[{"href":"https:\/\/transparencia.epagri.sc.gov.br\/index.php?rest_route=%2Fwp%2Fv2%2Fmedia&parent=860"}],"curies":[{"name":"wp","href":"https:\/\/api.w.org\/{rel}","templated":true}]}}