{"id":839,"date":"2021-02-09T14:16:31","date_gmt":"2021-02-09T17:16:31","guid":{"rendered":"https:\/\/transparencia.epagri.sc.gov.br\/?page_id=839"},"modified":"2026-04-24T16:29:38","modified_gmt":"2026-04-24T19:29:38","slug":"despesas-da-empresa","status":"publish","type":"page","link":"https:\/\/transparencia.epagri.sc.gov.br\/?page_id=839","title":{"rendered":"Despesas da Empresa"},"content":{"rendered":"<h6 style=\"text-align: right;\"><a href=\"https:\/\/transparencia.epagri.sc.gov.br\/\">In\u00edcio<\/a> \/ Despesa \/ Principais Consultas \/ Despesas da Empresa<\/h6>\n<p>Nesta se\u00e7\u00e3o, constam os relat\u00f3rios com dados referentes \u00e0s <b>despesas<\/b>\u00a0da Epagri.<\/p>\n<p>Para consultar o <strong>or\u00e7amento da Epagri<\/strong>, conforme a Lei Or\u00e7ament\u00e1ria Anual (LOA), consulte as informa\u00e7\u00f5es na aba <strong><a href=\"https:\/\/transparencia.epagri.sc.gov.br\/?page_id=1006\">Responsabilidade Fiscal &gt; Or\u00e7amento (LOA)<\/a><\/strong>\u00a0neste Portal.<\/p>\n<p>Por se tratar de empresa estatal dependente do Tesouro do Estado, todo o detalhamento das despesas da Epagri constam no <em>site<\/em> do<strong> <a href=\"https:\/\/www.transparencia.sc.gov.br\/despesa\">Portal da Transpar\u00eancia do Poder Executivo de Santa Catarina<\/a><\/strong>, em<strong>\u00a0<a href=\"https:\/\/www.transparencia.sc.gov.br\/despesa\">Despesa &gt; Despesa Detalhada<\/a><\/strong>, onde \u00e9 poss\u00edvel consultar:<\/p>\n<p>a) o total das <strong>despesas empenhadas, liquidadas<\/strong> e pagas pela Epagri (basta selecionar &#8220;<strong>Unidade Gestora<\/strong>&#8221; na segunda linha coluna &#8220;<strong>Filtrar Por<\/strong>&#8221; e, ap\u00f3s, na primeira linha, escrever empresa de pesquisa, e clicar no resultado Empresa de Pesquisa Agropecu\u00e1ria e Extens\u00e3o Rural de Santa Catarina (Epagri). Tamb\u00e9m \u00e9 poss\u00edvel selecionar o per\u00edodo da pesquisa, conforme imagem abaixo);<\/p>\n<p>b) as despesas por <strong>classifica\u00e7\u00e3o or\u00e7ament\u00e1ria <\/strong>(clicando na caixa &#8220;<strong>c\u00f3digos<\/strong>&#8220;, conforme imagem abaixo).<\/p>\n<p style=\"text-align: center;\"><a href=\"https:\/\/www.transparencia.sc.gov.br\/despesa\"><img loading=\"lazy\" decoding=\"async\" class=\"alignnone size-large wp-image-7946\" src=\"https:\/\/transparencia.epagri.sc.gov.br\/wp-content\/uploads\/2026\/04\/Despesas-1024x633.png\" alt=\"\" width=\"1024\" height=\"633\" srcset=\"https:\/\/transparencia.epagri.sc.gov.br\/wp-content\/uploads\/2026\/04\/Despesas-1024x633.png 1024w, https:\/\/transparencia.epagri.sc.gov.br\/wp-content\/uploads\/2026\/04\/Despesas-300x185.png 300w, https:\/\/transparencia.epagri.sc.gov.br\/wp-content\/uploads\/2026\/04\/Despesas-768x475.png 768w, https:\/\/transparencia.epagri.sc.gov.br\/wp-content\/uploads\/2026\/04\/Despesas.png 1045w\" sizes=\"auto, (max-width: 1024px) 100vw, 1024px\" \/><\/a><\/p>\n<p>No <em>site<\/em> do <strong><a href=\"https:\/\/www.transparencia.sc.gov.br\/\">Portal da Transpar\u00eancia do Poder Executivo de Santa Catarina<\/a><\/strong>, tamb\u00e9m \u00e9 poss\u00edvel consultar empenhos com os detalhes do benefici\u00e1rio do pagamento ou credor, o bem fornecido ou servi\u00e7o prestado e a identifica\u00e7\u00e3o do processo de licita\u00e7\u00e3o ou de contrata\u00e7\u00e3o direta origin\u00e1rio da despesa, acessando:<\/p>\n<p>a) <strong><a href=\"https:\/\/www.transparencia.sc.gov.br\/documentos?visao=empenho&amp;anomesinifiltro%5B%5D=202601&amp;anomesfimfiltro%5B%5D=202612&amp;indicador=0&amp;unidadegestorafiltro=440023&amp;tipoexecucaofiltro=0&amp;mesini=01&amp;anoini=2026&amp;mesfim=12&amp;anofim=2026\">Despesa &gt; Documentos<\/a><\/strong>, para acessar os empenhos realizados;<\/p>\n<p>b) <a href=\"https:\/\/www.transparencia.sc.gov.br\/contratos\"><strong>Despesa &gt; Contratos<\/strong> (consulta por contratos, selecionando em &#8220;<strong>Filtrar por<\/strong>&#8221; (terceira coluna) &gt; &#8220;<strong>Contratante<\/strong>&#8221; &#8211; Unidade Gestora: Empresa de Pesquisa Agropecu\u00e1ria e Extens\u00e3o Rural de Santa Catarina (EPAGRI) e outros filtros desejados)<\/a>;<\/p>\n<p><a href=\"https:\/\/www.transparencia.sc.gov.br\/contratos\"><img loading=\"lazy\" decoding=\"async\" class=\"size-large wp-image-7948 aligncenter\" src=\"https:\/\/transparencia.epagri.sc.gov.br\/wp-content\/uploads\/2026\/04\/Contratos-1024x867.png\" alt=\"\" width=\"1024\" height=\"867\" srcset=\"https:\/\/transparencia.epagri.sc.gov.br\/wp-content\/uploads\/2026\/04\/Contratos-1024x867.png 1024w, https:\/\/transparencia.epagri.sc.gov.br\/wp-content\/uploads\/2026\/04\/Contratos-300x254.png 300w, https:\/\/transparencia.epagri.sc.gov.br\/wp-content\/uploads\/2026\/04\/Contratos-768x651.png 768w, https:\/\/transparencia.epagri.sc.gov.br\/wp-content\/uploads\/2026\/04\/Contratos.png 1066w\" sizes=\"auto, (max-width: 1024px) 100vw, 1024px\" \/><\/a><\/p>\n<p>c) <a href=\"https:\/\/www.transparencia.sc.gov.br\/fornecedores\"><strong>Despesa &gt; Fornecedores<\/strong> (consulta por fornecedores, selecionando &#8220;<strong>Filtrar por<\/strong>&#8221; (segunda coluna) &gt; &#8220;<strong>Unidade Gestora<\/strong>&#8221; &#8211; Empresa de Pesquisa Agropecu\u00e1ria e Extens\u00e3o Rural de Santa Catarina (EPAGRI) e em &#8220;Totalizar Por&#8221; conforme a op\u00e7\u00e3o desejada)<\/a>; ou<\/p>\n<p><a href=\"https:\/\/www.transparencia.sc.gov.br\/fornecedores\"><img loading=\"lazy\" decoding=\"async\" class=\"size-large wp-image-7950 aligncenter\" src=\"https:\/\/transparencia.epagri.sc.gov.br\/wp-content\/uploads\/2026\/04\/Fornecedores-1024x864.png\" alt=\"\" width=\"1024\" height=\"864\" srcset=\"https:\/\/transparencia.epagri.sc.gov.br\/wp-content\/uploads\/2026\/04\/Fornecedores-1024x864.png 1024w, https:\/\/transparencia.epagri.sc.gov.br\/wp-content\/uploads\/2026\/04\/Fornecedores-300x253.png 300w, https:\/\/transparencia.epagri.sc.gov.br\/wp-content\/uploads\/2026\/04\/Fornecedores-768x648.png 768w, https:\/\/transparencia.epagri.sc.gov.br\/wp-content\/uploads\/2026\/04\/Fornecedores.png 1036w\" sizes=\"auto, (max-width: 1024px) 100vw, 1024px\" \/><\/a><\/p>\n<p>d) <strong><a href=\"https:\/\/www.transparencia.sc.gov.br\/cpesc\">Despesa &gt; Cart\u00e3o de Pagamentos &#8211; CPESC<\/a><\/strong>\u00a0(despesas realizadas sob regime de adiantamento aos agentes p\u00fablicos da Epagri). Para saber mais sobre o regime de adiantamento, acesse a se\u00e7\u00e3o <a href=\"https:\/\/transparencia.epagri.sc.gov.br\/?page_id=7770\"><strong>Despesa \/ Empregados P\u00fablicos \/ Despesas com Cart\u00f5es Corporativos<\/strong><\/a>.<\/p>\n<p style=\"text-align: center;\"><a href=\"https:\/\/www.transparencia.sc.gov.br\/cpesc\"><img loading=\"lazy\" decoding=\"async\" class=\"alignnone size-large wp-image-7951\" src=\"https:\/\/transparencia.epagri.sc.gov.br\/wp-content\/uploads\/2026\/04\/CPESC-1024x249.png\" alt=\"\" width=\"1024\" height=\"249\" srcset=\"https:\/\/transparencia.epagri.sc.gov.br\/wp-content\/uploads\/2026\/04\/CPESC-1024x249.png 1024w, https:\/\/transparencia.epagri.sc.gov.br\/wp-content\/uploads\/2026\/04\/CPESC-300x73.png 300w, https:\/\/transparencia.epagri.sc.gov.br\/wp-content\/uploads\/2026\/04\/CPESC-768x187.png 768w, https:\/\/transparencia.epagri.sc.gov.br\/wp-content\/uploads\/2026\/04\/CPESC.png 1036w\" sizes=\"auto, (max-width: 1024px) 100vw, 1024px\" \/><\/a><\/p>\n<p>O <strong><a href=\"https:\/\/www.transparencia.sc.gov.br\/\">Portal da Transpar\u00eancia do Poder Executivo de Santa Catarina<\/a><\/strong> permite emitir relat\u00f3rios no formato CSV e XLSX para o tratamento das informa\u00e7\u00f5es. Al\u00e9m disso, tamb\u00e9m fornecemos informa\u00e7\u00f5es em dados abertos sobre as despesas, <a href=\"https:\/\/dados.sc.gov.br\/dataset\/despesas\">neste <em>link<\/em><\/a>.<\/p>\n","protected":false},"excerpt":{"rendered":"<p>In\u00edcio \/ Despesa \/ Principais Consultas \/ Despesas da Empresa Nesta se\u00e7\u00e3o, constam os relat\u00f3rios com dados referentes \u00e0s despesas\u00a0da Epagri. Para consultar o or\u00e7amento da Epagri, conforme a Lei Or\u00e7ament\u00e1ria Anual (LOA), consulte as informa\u00e7\u00f5es na aba Responsabilidade Fiscal &gt; Or\u00e7amento (LOA)\u00a0neste Portal. Por se tratar de empresa estatal dependente do Tesouro do Estado, &#8230; <a title=\"Despesas da Empresa\" class=\"read-more\" href=\"https:\/\/transparencia.epagri.sc.gov.br\/?page_id=839\" aria-label=\"More on Despesas da Empresa\">Ler mais<\/a><\/p>\n","protected":false},"author":1,"featured_media":0,"parent":0,"menu_order":1,"comment_status":"closed","ping_status":"closed","template":"","meta":{"_acf_changed":false,"footnotes":""},"class_list":["post-839","page","type-page","status-publish"],"acf":[],"_links":{"self":[{"href":"https:\/\/transparencia.epagri.sc.gov.br\/index.php?rest_route=\/wp\/v2\/pages\/839","targetHints":{"allow":["GET"]}}],"collection":[{"href":"https:\/\/transparencia.epagri.sc.gov.br\/index.php?rest_route=\/wp\/v2\/pages"}],"about":[{"href":"https:\/\/transparencia.epagri.sc.gov.br\/index.php?rest_route=\/wp\/v2\/types\/page"}],"author":[{"embeddable":true,"href":"https:\/\/transparencia.epagri.sc.gov.br\/index.php?rest_route=\/wp\/v2\/users\/1"}],"replies":[{"embeddable":true,"href":"https:\/\/transparencia.epagri.sc.gov.br\/index.php?rest_route=%2Fwp%2Fv2%2Fcomments&post=839"}],"version-history":[{"count":16,"href":"https:\/\/transparencia.epagri.sc.gov.br\/index.php?rest_route=\/wp\/v2\/pages\/839\/revisions"}],"predecessor-version":[{"id":8023,"href":"https:\/\/transparencia.epagri.sc.gov.br\/index.php?rest_route=\/wp\/v2\/pages\/839\/revisions\/8023"}],"wp:attachment":[{"href":"https:\/\/transparencia.epagri.sc.gov.br\/index.php?rest_route=%2Fwp%2Fv2%2Fmedia&parent=839"}],"curies":[{"name":"wp","href":"https:\/\/api.w.org\/{rel}","templated":true}]}}