{"id":830,"date":"2021-02-09T14:07:41","date_gmt":"2021-02-09T17:07:41","guid":{"rendered":"https:\/\/transparencia.epagri.sc.gov.br\/?page_id=830"},"modified":"2026-04-09T14:58:06","modified_gmt":"2026-04-09T17:58:06","slug":"receitas-da-empresa","status":"publish","type":"page","link":"https:\/\/transparencia.epagri.sc.gov.br\/?page_id=830","title":{"rendered":"Receitas da Empresa"},"content":{"rendered":"\r\n<h6 style=\"text-align: right;\"><a href=\"https:\/\/transparencia.epagri.sc.gov.br\/\">In\u00edcio<\/a> \/ Receita \/ Principais consultas \/ Receitas da Empresa<\/h6>\r\n<p>Nesta se\u00e7\u00e3o, constam os relat\u00f3rios com dados referentes \u00e0s <strong>receitas<\/strong> gerais da Epagri.<\/p>\r\n<p>Para consultar o <strong>or\u00e7amento<\/strong> da Epagri, conforme a Lei Or\u00e7ament\u00e1ria Anual (LOA), que evidencia as receitas da Epagri e sua previs\u00e3o, consulte as informa\u00e7\u00f5es na aba <strong><a href=\"https:\/\/transparencia.epagri.sc.gov.br\/?page_id=1006\">Responsabilidade Fiscal &gt; Or\u00e7amento (LOA)<\/a><\/strong>.<\/p>\r\n<p>No <em>site<\/em> do <strong><a href=\"https:\/\/www.transparencia.sc.gov.br\/\">Portal da Transpar\u00eancia do Poder Executivo de Santa Catarina<\/a><\/strong>, tamb\u00e9m \u00e9 poss\u00edvel consultar a receita da Epagri, acessando a aba <strong><a href=\"https:\/\/www.transparencia.sc.gov.br\/receita\">Receita &gt; Receita detalhada.<\/a><\/strong>\u00a0Em &#8220;<strong>Filtrar Por<\/strong>&#8221; (segunda coluna), selecione <strong>Unidade Gestora<\/strong> e inclua o filtro <strong>Unidade Gestora: Empresa de Pesquisa Agropecu\u00e1ria e Extens\u00e3o Rural de Santa Catarina (EPAGRI)<\/strong>, conforme a figura abaixo:<\/p>\r\n<p style=\"text-align: center;\"><a href=\"https:\/\/www.transparencia.sc.gov.br\/receita\"><img loading=\"lazy\" decoding=\"async\" class=\"alignnone size-large wp-image-7958\" src=\"https:\/\/transparencia.epagri.sc.gov.br\/wp-content\/uploads\/2026\/04\/Receitas-1024x831.png\" alt=\"\" width=\"1024\" height=\"831\" srcset=\"https:\/\/transparencia.epagri.sc.gov.br\/wp-content\/uploads\/2026\/04\/Receitas-1024x831.png 1024w, https:\/\/transparencia.epagri.sc.gov.br\/wp-content\/uploads\/2026\/04\/Receitas-300x243.png 300w, https:\/\/transparencia.epagri.sc.gov.br\/wp-content\/uploads\/2026\/04\/Receitas-768x623.png 768w, https:\/\/transparencia.epagri.sc.gov.br\/wp-content\/uploads\/2026\/04\/Receitas.png 1044w\" sizes=\"auto, (max-width: 1024px) 100vw, 1024px\" \/><\/a><\/p>\r\n","protected":false},"excerpt":{"rendered":"<p>In\u00edcio \/ Receita \/ Principais consultas \/ Receitas da Empresa Nesta se\u00e7\u00e3o, constam os relat\u00f3rios com dados referentes \u00e0s receitas gerais da Epagri. Para consultar o or\u00e7amento da Epagri, conforme a Lei Or\u00e7ament\u00e1ria Anual (LOA), que evidencia as receitas da Epagri e sua previs\u00e3o, consulte as informa\u00e7\u00f5es na aba Responsabilidade Fiscal &gt; Or\u00e7amento (LOA). No &#8230; <a title=\"Receitas da Empresa\" class=\"read-more\" href=\"https:\/\/transparencia.epagri.sc.gov.br\/?page_id=830\" aria-label=\"More on Receitas da Empresa\">Ler mais<\/a><\/p>\n","protected":false},"author":1,"featured_media":0,"parent":0,"menu_order":3,"comment_status":"closed","ping_status":"closed","template":"","meta":{"_acf_changed":false,"footnotes":""},"class_list":["post-830","page","type-page","status-publish"],"acf":[],"_links":{"self":[{"href":"https:\/\/transparencia.epagri.sc.gov.br\/index.php?rest_route=\/wp\/v2\/pages\/830","targetHints":{"allow":["GET"]}}],"collection":[{"href":"https:\/\/transparencia.epagri.sc.gov.br\/index.php?rest_route=\/wp\/v2\/pages"}],"about":[{"href":"https:\/\/transparencia.epagri.sc.gov.br\/index.php?rest_route=\/wp\/v2\/types\/page"}],"author":[{"embeddable":true,"href":"https:\/\/transparencia.epagri.sc.gov.br\/index.php?rest_route=\/wp\/v2\/users\/1"}],"replies":[{"embeddable":true,"href":"https:\/\/transparencia.epagri.sc.gov.br\/index.php?rest_route=%2Fwp%2Fv2%2Fcomments&post=830"}],"version-history":[{"count":7,"href":"https:\/\/transparencia.epagri.sc.gov.br\/index.php?rest_route=\/wp\/v2\/pages\/830\/revisions"}],"predecessor-version":[{"id":7959,"href":"https:\/\/transparencia.epagri.sc.gov.br\/index.php?rest_route=\/wp\/v2\/pages\/830\/revisions\/7959"}],"wp:attachment":[{"href":"https:\/\/transparencia.epagri.sc.gov.br\/index.php?rest_route=%2Fwp%2Fv2%2Fmedia&parent=830"}],"curies":[{"name":"wp","href":"https:\/\/api.w.org\/{rel}","templated":true}]}}