{"id":823,"date":"2021-02-09T11:49:26","date_gmt":"2021-02-09T14:49:26","guid":{"rendered":"https:\/\/transparencia.epagri.sc.gov.br\/?page_id=823"},"modified":"2026-05-07T13:19:52","modified_gmt":"2026-05-07T16:19:52","slug":"regimento-interno","status":"publish","type":"page","link":"https:\/\/transparencia.epagri.sc.gov.br\/?page_id=823","title":{"rendered":"Regimento Interno"},"content":{"rendered":"<h6 style=\"text-align: right;\"><a href=\"https:\/\/transparencia.epagri.sc.gov.br\/\">In\u00edcio<\/a> \/ Gest\u00e3o \/ A Empresa \/ Regimento Interno<\/h6>\n<p>Nesta se\u00e7\u00e3o consta a <strong>Regimento Interno<\/strong> da Epagri, bem como o Regimento Interno de outras Unidades da Empresa. O Regimento Interno organiza o funcionamento da Epagri internamente, definindo as fun\u00e7\u00f5es e responsabilidades de cada unidade da Empresa. \u00c9 um documento que ajuda a manter a ordem, a transpar\u00eancia e a boa gest\u00e3o.<\/p>\n","protected":false},"excerpt":{"rendered":"<p>In\u00edcio \/ Gest\u00e3o \/ A Empresa \/ Regimento Interno Nesta se\u00e7\u00e3o consta a Regimento Interno da Epagri, bem como o Regimento Interno de outras Unidades da Empresa. O Regimento Interno organiza o funcionamento da Epagri internamente, definindo as fun\u00e7\u00f5es e responsabilidades de cada unidade da Empresa. \u00c9 um documento que ajuda a manter a ordem, &#8230; <a title=\"Regimento Interno\" class=\"read-more\" href=\"https:\/\/transparencia.epagri.sc.gov.br\/?page_id=823\" aria-label=\"More on Regimento Interno\">Ler mais<\/a><\/p>\n","protected":false},"author":1,"featured_media":0,"parent":0,"menu_order":1,"comment_status":"closed","ping_status":"closed","template":"","meta":{"_acf_changed":false,"footnotes":""},"class_list":["post-823","page","type-page","status-publish"],"acf":[],"_links":{"self":[{"href":"https:\/\/transparencia.epagri.sc.gov.br\/index.php?rest_route=\/wp\/v2\/pages\/823","targetHints":{"allow":["GET"]}}],"collection":[{"href":"https:\/\/transparencia.epagri.sc.gov.br\/index.php?rest_route=\/wp\/v2\/pages"}],"about":[{"href":"https:\/\/transparencia.epagri.sc.gov.br\/index.php?rest_route=\/wp\/v2\/types\/page"}],"author":[{"embeddable":true,"href":"https:\/\/transparencia.epagri.sc.gov.br\/index.php?rest_route=\/wp\/v2\/users\/1"}],"replies":[{"embeddable":true,"href":"https:\/\/transparencia.epagri.sc.gov.br\/index.php?rest_route=%2Fwp%2Fv2%2Fcomments&post=823"}],"version-history":[{"count":3,"href":"https:\/\/transparencia.epagri.sc.gov.br\/index.php?rest_route=\/wp\/v2\/pages\/823\/revisions"}],"predecessor-version":[{"id":7020,"href":"https:\/\/transparencia.epagri.sc.gov.br\/index.php?rest_route=\/wp\/v2\/pages\/823\/revisions\/7020"}],"wp:attachment":[{"href":"https:\/\/transparencia.epagri.sc.gov.br\/index.php?rest_route=%2Fwp%2Fv2%2Fmedia&parent=823"}],"curies":[{"name":"wp","href":"https:\/\/api.w.org\/{rel}","templated":true}]}}