{"id":8048,"date":"2026-04-24T14:40:12","date_gmt":"2026-04-24T17:40:12","guid":{"rendered":"https:\/\/transparencia.epagri.sc.gov.br\/?page_id=8048"},"modified":"2026-04-24T15:28:07","modified_gmt":"2026-04-24T18:28:07","slug":"politica-de-seguranca-da-informacao","status":"publish","type":"page","link":"https:\/\/transparencia.epagri.sc.gov.br\/?page_id=8048","title":{"rendered":"Pol\u00edtica de Seguran\u00e7a da Informa\u00e7\u00e3o"},"content":{"rendered":"<h6 style=\"text-align: right;\"><a href=\"https:\/\/transparencia.epagri.sc.gov.br\/\">In\u00edcio<\/a> \/ Gest\u00e3o \/ Pol\u00edticas \/ Pol\u00edtica de Seguran\u00e7a da Informa\u00e7\u00e3o<\/h6>\n<p>A <strong>Pol\u00edtica de Seguran\u00e7a da Informa\u00e7\u00e3o (POSIN) <\/strong>tem o objetivo de estabelecer diretrizes, responsabilidades, compet\u00eancias e subs\u00eddios para a gest\u00e3o da <strong>seguran\u00e7a da informa\u00e7\u00e3o<\/strong>, em conformidade com a <a href=\"https:\/\/www.planalto.gov.br\/ccivil_03\/_Ato2015-2018\/2018\/Lei\/L13709compilado.htm\">Lei federal n\u00ba 13.709, de 2018<\/a> &#8211; Lei Geral de Prote\u00e7\u00e3o de Dados Pessoais (LGPD) -, <a href=\"https:\/\/leis.alesc.sc.gov.br\/ato-normativo\/executivo\/52262\">Decreto estadual n\u00ba 1.184, de 2021<\/a>, e a <a href=\"https:\/\/leis.alesc.sc.gov.br\/ato-normativo\/35700\">Instru\u00e7\u00e3o Normativa SEA n\u00ba 20\/2021<\/a>. Esta pol\u00edtica abrange a seguran\u00e7a de informa\u00e7\u00f5es da empresa, incluindo dados sigilosos, sejam eles dados pessoais ou n\u00e3o.<\/p>\n<p>A POSIN se subdivide nos seguintes planos:<\/p>\n<ul>\n<li>Plano de Continuidade de Neg\u00f3cio (PCN);<\/li>\n<li>Plano de Gest\u00e3o de Ativos de Informa\u00e7\u00e3o;<\/li>\n<li>Plano de Gest\u00e3o de Riscos de Seguran\u00e7a da Informa\u00e7\u00e3o;<\/li>\n<li>Plano de Gest\u00e3o de Contratos;<\/li>\n<li>Plano de Controle de Acesso \u00e0 Informa\u00e7\u00e3o;<\/li>\n<li>Plano de Consentimento de Dados;<\/li>\n<li>Plano de Prote\u00e7\u00e3o de Dados Pessoais baseado na LGPD;<\/li>\n<li>Plano de Treinamento e Conscientiza\u00e7\u00e3o dos Usu\u00e1rios sobre Seguran\u00e7a da Informa\u00e7\u00e3o.<\/li>\n<\/ul>\n<p>Para acessar a <strong>Pol\u00edtica de Privacidade e Prote\u00e7\u00e3o de Dados Pessoais<\/strong> da Epagri, que \u00e9 uma outra pol\u00edtica espec\u00edfica sobre as diversas atividades e opera\u00e7\u00f5es de tratamento de dados pessoais existentes na Epagri, em conformidade com a LGPD, acesse <a href=\"https:\/\/www.epagri.sc.gov.br\/politica-de-privacidade\/\"><strong>este <em>link<\/em><\/strong><\/a>.<\/p>\n<p>Caso deseje <strong>solicitar atendimento<\/strong> dos <strong>direitos do titular dos dados pessoais<\/strong> no \u00e2mbito da Epagri, conforme o <a href=\"https:\/\/www.planalto.gov.br\/ccivil_03\/_Ato2015-2018\/2018\/Lei\/L13709compilado.htm\">art. 18 da LGPD<\/a>, acesse <a href=\"https:\/\/www.sc.gov.br\/servicos\/solicitar-atendimento-lgpd\"><strong>este <em>link<\/em><\/strong><\/a> ou entre em contato com:<\/p>\n<blockquote><p><b>Encarregada pelo Tratamento de Dados Pessoais da Epagri:<\/b><br \/>\nNat\u00e1lia Junqueira Carvalho Costa<br \/>\ne-mail: dpo@epagri.sc.gov.br &#8211; Telefone (48) 3665-5022<br \/>\nAtendimento: segunda a sexta, das 8h-12h, 13h-17h30<br \/>\nEndere\u00e7o: Rod. Admar Gonzaga, 1347, Bairro Itacorubi, Florian\u00f3polis &#8211; SC, CEP 88034-901<\/p><\/blockquote>\n","protected":false},"excerpt":{"rendered":"<p>In\u00edcio \/ Gest\u00e3o \/ Pol\u00edticas \/ Pol\u00edtica de Seguran\u00e7a da Informa\u00e7\u00e3o A Pol\u00edtica de Seguran\u00e7a da Informa\u00e7\u00e3o (POSIN) tem o objetivo de estabelecer diretrizes, responsabilidades, compet\u00eancias e subs\u00eddios para a gest\u00e3o da seguran\u00e7a da informa\u00e7\u00e3o, em conformidade com a Lei federal n\u00ba 13.709, de 2018 &#8211; Lei Geral de Prote\u00e7\u00e3o de Dados Pessoais (LGPD) -, &#8230; <a title=\"Pol\u00edtica de Seguran\u00e7a da Informa\u00e7\u00e3o\" class=\"read-more\" href=\"https:\/\/transparencia.epagri.sc.gov.br\/?page_id=8048\" aria-label=\"More on Pol\u00edtica de Seguran\u00e7a da Informa\u00e7\u00e3o\">Ler mais<\/a><\/p>\n","protected":false},"author":1,"featured_media":0,"parent":0,"menu_order":0,"comment_status":"closed","ping_status":"closed","template":"","meta":{"_acf_changed":false,"footnotes":""},"class_list":["post-8048","page","type-page","status-publish"],"acf":[],"_links":{"self":[{"href":"https:\/\/transparencia.epagri.sc.gov.br\/index.php?rest_route=\/wp\/v2\/pages\/8048","targetHints":{"allow":["GET"]}}],"collection":[{"href":"https:\/\/transparencia.epagri.sc.gov.br\/index.php?rest_route=\/wp\/v2\/pages"}],"about":[{"href":"https:\/\/transparencia.epagri.sc.gov.br\/index.php?rest_route=\/wp\/v2\/types\/page"}],"author":[{"embeddable":true,"href":"https:\/\/transparencia.epagri.sc.gov.br\/index.php?rest_route=\/wp\/v2\/users\/1"}],"replies":[{"embeddable":true,"href":"https:\/\/transparencia.epagri.sc.gov.br\/index.php?rest_route=%2Fwp%2Fv2%2Fcomments&post=8048"}],"version-history":[{"count":7,"href":"https:\/\/transparencia.epagri.sc.gov.br\/index.php?rest_route=\/wp\/v2\/pages\/8048\/revisions"}],"predecessor-version":[{"id":8057,"href":"https:\/\/transparencia.epagri.sc.gov.br\/index.php?rest_route=\/wp\/v2\/pages\/8048\/revisions\/8057"}],"wp:attachment":[{"href":"https:\/\/transparencia.epagri.sc.gov.br\/index.php?rest_route=%2Fwp%2Fv2%2Fmedia&parent=8048"}],"curies":[{"name":"wp","href":"https:\/\/api.w.org\/{rel}","templated":true}]}}