{"id":7889,"date":"2026-04-08T15:28:35","date_gmt":"2026-04-08T18:28:35","guid":{"rendered":"https:\/\/transparencia.epagri.sc.gov.br\/?page_id=7889"},"modified":"2026-04-08T17:52:47","modified_gmt":"2026-04-08T20:52:47","slug":"licitacoes","status":"publish","type":"page","link":"https:\/\/transparencia.epagri.sc.gov.br\/?page_id=7889","title":{"rendered":"Licita\u00e7\u00f5es"},"content":{"rendered":"<h6 style=\"text-align: right;\"><a role=\"link\" href=\"https:\/\/transparencia.epagri.sc.gov.br\/\">In\u00edcio<\/a> \/ Despesa \/ Licita\u00e7\u00f5es e Contratos \/ Licita\u00e7\u00f5es<\/h6>\n<h3><strong>O que \u00e9 licita\u00e7\u00e3o?<\/strong><\/h3>\n<p>A <strong>licita\u00e7\u00e3o<\/strong> \u00e9 um processo administrativo formal mediante o qual a Epagri seleciona a <strong>proposta mais vantajosa<\/strong> <strong>para as contrata\u00e7\u00f5es<\/strong> de seu interesse (servi\u00e7os, compra e loca\u00e7\u00e3o de bens, vendas, concess\u00f5es de uso de im\u00f3veis e obras de engenharia\/arquitetura), inclusive no que se refere ao ciclo de vida do objeto, e serve para evitar opera\u00e7\u00f5es em que se caracterize sobrepre\u00e7o ou superfaturamento. Desenvolve-se atrav\u00e9s de uma sucess\u00e3o ordenada de atos, proporcionando igualdade de oportunidades a todos os interessados e atua como fator de efici\u00eancia e moralidade nos neg\u00f3cios administrativos.<\/p>\n<p>Em alguns casos, pode ocorrer a <strong>contrata\u00e7\u00e3o direta<\/strong> de terceiros, sem licita\u00e7\u00e3o. Isso acontece quando a lei permite dispensar a licita\u00e7\u00e3o \u2014 por exemplo, em situa\u00e7\u00f5es emergenciais ou de pequeno valor \u2014 ou quando n\u00e3o h\u00e1 possibilidade de competi\u00e7\u00e3o entre fornecedores (inexigibilidade). Essas hip\u00f3teses est\u00e3o previstas nos arts. 29 e 30 da <a href=\"https:\/\/www.planalto.gov.br\/ccivil_03\/_ato2015-2018\/2016\/lei\/l13303.htm\">Lei das Estatais<\/a>.<\/p>\n<h3><strong>Quais as regras aplic\u00e1veis \u00e0s licita\u00e7\u00f5es da Epagri?<\/strong><\/h3>\n<p>As licita\u00e7\u00f5es e contrata\u00e7\u00f5es da Epagri s\u00e3o regidas pela\u00a0<a role=\"link\" href=\"https:\/\/www.planalto.gov.br\/ccivil_03\/_ato2015-2018\/2016\/lei\/l13303.htm\">Lei federal n\u00ba 13.303, de 2016<\/a>\u00a0(Lei das Estatais) e pelo\u00a0<strong>Regulamento Interno de Licita\u00e7\u00f5es e Contratos da Epagri (RILC-Epagri), <\/strong>dispon\u00edvel na se\u00e7\u00e3o <a href=\"https:\/\/transparencia.epagri.sc.gov.br\/?page_id=862\">Despesa \/ Licita\u00e7\u00f5es e Contratos \/ Regulamento Interno de Licita\u00e7\u00f5es e Contratos<\/a>.<\/p>\n<p>Em regra, \u00e0s empresas estatais <strong>n\u00e3o se aplicam<\/strong> as regras da <a href=\"https:\/\/www.planalto.gov.br\/ccivil_03\/_ato2019-2022\/2021\/lei\/l14133.htm#art1\">Lei federal n\u00ba 14.133, de 2021<\/a>, aplic\u00e1vel apenas \u00e0 Administra\u00e7\u00e3o P\u00fablica Direta, Aut\u00e1rquica e Fundacional (art. 1\u00ba, \u00a7 1\u00ba).<\/p>\n<p>Caso a contrata\u00e7\u00e3o envolva recursos do <strong>Banco Mundial<\/strong>, aplicam-se as regras do <a href=\"https:\/\/transparencia.epagri.sc.gov.br\/wp-content\/uploads\/2026\/03\/Regulamento-de-Aquisicoes-do-Banco-Mundial-5a-edicao-exclusivo-para-contratacoes-custeadas-apenas-com-recursos-do-Banco-Mundial.pdf\"><strong>Regulamento de Aquisi\u00e7\u00f5es do Banco Mundial<\/strong><\/a> (5\u00aa edi\u00e7\u00e3o), e n\u00e3o as regras da Lei das Estatais ou do RILC-Epagri.<\/p>\n<h3><strong>Onde e como acesso as licita\u00e7\u00f5es realizadas pela Epagri?<\/strong><\/h3>\n<p>A Epagri \u00e9 empresa estatal dependente e integra o <strong>Sistema Administrativo de Gest\u00e3o de Materiais e Servi\u00e7os (SAGMS)<\/strong>, coordenado pela Secretaria de Estado da Administra\u00e7\u00e3o (SEA), conforme o <a href=\"https:\/\/leis.alesc.sc.gov.br\/ato-normativo\/45464\/compilado\">Decreto estadual n\u00ba 2.617, de 2009<\/a>.<\/p>\n<p>Assim, todas as licita\u00e7\u00f5es, em ordem sequencial, incluindo o n\u00famero e modalidade licitat\u00f3ria, o objeto, a data, o valor estimado\/homologado e a situa\u00e7\u00e3o (conclu\u00edda, em andamento ou publicada) constam no <strong>Portal de Compras da SEA<\/strong>, <a href=\"https:\/\/compras.sc.gov.br\/sou-fornecedor\">neste <em>link<\/em><\/a>.<\/p>\n<p>Para consultar apenas as licita\u00e7\u00f5es da Epagri, basta selecionar &#8220;Empresa de Pesquisa Agropecu\u00e1ria e Extens\u00e3o Rural de Santa Catarina &#8211; Epagri&#8221; no campo &#8220;<strong>\u00d3rg\u00e3o<\/strong>&#8221; e filtrar os demais dados desejados, especialmente a <strong>Situa\u00e7\u00e3o<\/strong> (conclu\u00eddo, em andamento ou publicado) e <strong>Ano<\/strong> da licita\u00e7\u00e3o, conforme a figura abaixo:<\/p>\n<p>&nbsp;<\/p>\n<p><a href=\"https:\/\/compras.sc.gov.br\/sou-fornecedor\"><img loading=\"lazy\" decoding=\"async\" class=\"size-large wp-image-7901 aligncenter\" src=\"https:\/\/transparencia.epagri.sc.gov.br\/wp-content\/uploads\/2026\/04\/Portal-de-Compras-1-1024x489.png\" alt=\"\" width=\"1024\" height=\"489\" srcset=\"https:\/\/transparencia.epagri.sc.gov.br\/wp-content\/uploads\/2026\/04\/Portal-de-Compras-1-1024x489.png 1024w, https:\/\/transparencia.epagri.sc.gov.br\/wp-content\/uploads\/2026\/04\/Portal-de-Compras-1-300x143.png 300w, https:\/\/transparencia.epagri.sc.gov.br\/wp-content\/uploads\/2026\/04\/Portal-de-Compras-1-768x367.png 768w, https:\/\/transparencia.epagri.sc.gov.br\/wp-content\/uploads\/2026\/04\/Portal-de-Compras-1-1536x733.png 1536w, https:\/\/transparencia.epagri.sc.gov.br\/wp-content\/uploads\/2026\/04\/Portal-de-Compras-1.png 1885w\" sizes=\"auto, (max-width: 1024px) 100vw, 1024px\" \/><\/a><\/p>\n<p>&nbsp;<\/p>\n<p>Ao realizar a consulta, \u00e9 informado o n\u00ba do processo no <strong>Sistema de Gest\u00e3o de Processos Eletr\u00f4nicos (SGP-e)<\/strong> de cada licita\u00e7\u00e3o, conforme a imagem do exemplo abaixo:<\/p>\n<p>&nbsp;<\/p>\n<p><a href=\"https:\/\/compras.sc.gov.br\/sou-fornecedor\"><img loading=\"lazy\" decoding=\"async\" class=\"size-large wp-image-7902 aligncenter\" src=\"https:\/\/transparencia.epagri.sc.gov.br\/wp-content\/uploads\/2026\/04\/SGP-e-1024x470.png\" alt=\"\" width=\"1024\" height=\"470\" srcset=\"https:\/\/transparencia.epagri.sc.gov.br\/wp-content\/uploads\/2026\/04\/SGP-e-1024x470.png 1024w, https:\/\/transparencia.epagri.sc.gov.br\/wp-content\/uploads\/2026\/04\/SGP-e-300x138.png 300w, https:\/\/transparencia.epagri.sc.gov.br\/wp-content\/uploads\/2026\/04\/SGP-e-768x353.png 768w, https:\/\/transparencia.epagri.sc.gov.br\/wp-content\/uploads\/2026\/04\/SGP-e-1536x705.png 1536w, https:\/\/transparencia.epagri.sc.gov.br\/wp-content\/uploads\/2026\/04\/SGP-e.png 1890w\" sizes=\"auto, (max-width: 1024px) 100vw, 1024px\" \/><\/a><\/p>\n<p>Em todos os nossos editais, indicamos o <strong>n\u00famero do edital<\/strong> e o <strong>n\u00famero do processo SGP-e<\/strong> na primeira folha (pre\u00e2mbulo).<\/p>\n<p>Com esse n\u00famero, acessando o <a href=\"https:\/\/portal.sgpe.sea.sc.gov.br\/portal-externo\/atendimento\"><strong>Portal Externo SGP-e<\/strong>, neste <em>link<\/em><\/a>, \u00e9 poss\u00edvel consultar o processo na \u00edntegra acessando a aba &#8220;<strong>Documentos<\/strong>&#8220;, conforme as imagens abaixo:<\/p>\n<p>&nbsp;<\/p>\n<p><a href=\"https:\/\/portal.sgpe.sea.sc.gov.br\/portal-externo\/atendimento\"><img loading=\"lazy\" decoding=\"async\" class=\"size-large wp-image-7904 aligncenter\" src=\"https:\/\/transparencia.epagri.sc.gov.br\/wp-content\/uploads\/2026\/04\/SGP-e-3-1024x321.png\" alt=\"\" width=\"1024\" height=\"321\" srcset=\"https:\/\/transparencia.epagri.sc.gov.br\/wp-content\/uploads\/2026\/04\/SGP-e-3-1024x321.png 1024w, https:\/\/transparencia.epagri.sc.gov.br\/wp-content\/uploads\/2026\/04\/SGP-e-3-300x94.png 300w, https:\/\/transparencia.epagri.sc.gov.br\/wp-content\/uploads\/2026\/04\/SGP-e-3-768x241.png 768w, https:\/\/transparencia.epagri.sc.gov.br\/wp-content\/uploads\/2026\/04\/SGP-e-3-1536x482.png 1536w, https:\/\/transparencia.epagri.sc.gov.br\/wp-content\/uploads\/2026\/04\/SGP-e-3.png 1906w\" sizes=\"auto, (max-width: 1024px) 100vw, 1024px\" \/><\/a><\/p>\n<p>&nbsp;<\/p>\n<p><a href=\"https:\/\/portal.sgpe.sea.sc.gov.br\/portal-externo\/atendimento\"><img loading=\"lazy\" decoding=\"async\" class=\"size-large wp-image-7903 aligncenter\" src=\"https:\/\/transparencia.epagri.sc.gov.br\/wp-content\/uploads\/2026\/04\/SGP-e-2-1024x450.png\" alt=\"\" width=\"1024\" height=\"450\" srcset=\"https:\/\/transparencia.epagri.sc.gov.br\/wp-content\/uploads\/2026\/04\/SGP-e-2-1024x450.png 1024w, https:\/\/transparencia.epagri.sc.gov.br\/wp-content\/uploads\/2026\/04\/SGP-e-2-300x132.png 300w, https:\/\/transparencia.epagri.sc.gov.br\/wp-content\/uploads\/2026\/04\/SGP-e-2-768x337.png 768w, https:\/\/transparencia.epagri.sc.gov.br\/wp-content\/uploads\/2026\/04\/SGP-e-2.png 1230w\" sizes=\"auto, (max-width: 1024px) 100vw, 1024px\" \/><\/a><\/p>\n<h3><\/h3>\n<p>Em regra, o valor estimado das contrata\u00e7\u00f5es das empresas estatais \u00e9 <strong>sigiloso<\/strong>, sem preju\u00edzo da divulga\u00e7\u00e3o do detalhamento dos quantitativos e das demais informa\u00e7\u00f5es necess\u00e1rias para a elabora\u00e7\u00e3o das propostas, conforme o art. 34 da <a href=\"https:\/\/www.planalto.gov.br\/ccivil_03\/_ato2015-2018\/2016\/lei\/l13303.htm\">Lei das Estatais<\/a>. Assim sendo, se algum documento estiver com a tarja lateral de &#8220;<strong>RESTRITO<\/strong>&#8221; \u00e9 porque ele cont\u00e9m informa\u00e7\u00f5es sobre o valor estimado da contrata\u00e7\u00e3o, que ainda est\u00e1 sob sigilo. Uma vez encerrada a fase competitiva e antes da fase recursal da licita\u00e7\u00e3o o sigilo \u00e9 liberado.<\/p>\n<h3><strong>Plataforma de Licita\u00e7\u00f5es &#8211; Licita\u00e7\u00f5es-e<\/strong><\/h3>\n<p>A Epagri realiza as suas licita\u00e7\u00f5es pela plataforma <a href=\"https:\/\/www.licitacoes-e.com.br\/aop\/index.jsp\"><strong>Licita\u00e7\u00f5es-e<\/strong> do Banco do Brasil, dispon\u00edvel neste <em>link<\/em><\/a>. \u00c9 poss\u00edvel consultar as licita\u00e7\u00f5es publicadas, com propostas abertas, em disputa, em homologa\u00e7\u00e3o e conclu\u00eddas no referido <em>site<\/em>. Basta pesquisar com o termo &#8220;Empresa de pesquisa agropecu\u00e1ria&#8221; que retorna os resultados com as informa\u00e7\u00f5es desejadas, conforme as figuras abaixo:<\/p>\n<p>&nbsp;<\/p>\n<p><a href=\"https:\/\/www.licitacoes-e.com.br\/aop\/index.jsp\"><img loading=\"lazy\" decoding=\"async\" class=\"wp-image-7908 aligncenter\" src=\"https:\/\/transparencia.epagri.sc.gov.br\/wp-content\/uploads\/2026\/04\/Licitacoes-e-1-1024x663.png\" alt=\"\" width=\"740\" height=\"479\" srcset=\"https:\/\/transparencia.epagri.sc.gov.br\/wp-content\/uploads\/2026\/04\/Licitacoes-e-1-1024x663.png 1024w, https:\/\/transparencia.epagri.sc.gov.br\/wp-content\/uploads\/2026\/04\/Licitacoes-e-1-300x194.png 300w, https:\/\/transparencia.epagri.sc.gov.br\/wp-content\/uploads\/2026\/04\/Licitacoes-e-1-768x497.png 768w, https:\/\/transparencia.epagri.sc.gov.br\/wp-content\/uploads\/2026\/04\/Licitacoes-e-1.png 1039w\" sizes=\"auto, (max-width: 740px) 100vw, 740px\" \/><\/a><\/p>\n<p><a href=\"https:\/\/www.licitacoes-e.com.br\/aop\/index.jsp\"><img loading=\"lazy\" decoding=\"async\" class=\"wp-image-7907 aligncenter\" src=\"https:\/\/transparencia.epagri.sc.gov.br\/wp-content\/uploads\/2026\/04\/Licitacoes-e-1024x633.png\" alt=\"\" width=\"708\" height=\"438\" srcset=\"https:\/\/transparencia.epagri.sc.gov.br\/wp-content\/uploads\/2026\/04\/Licitacoes-e-1024x633.png 1024w, https:\/\/transparencia.epagri.sc.gov.br\/wp-content\/uploads\/2026\/04\/Licitacoes-e-300x185.png 300w, https:\/\/transparencia.epagri.sc.gov.br\/wp-content\/uploads\/2026\/04\/Licitacoes-e-768x475.png 768w, https:\/\/transparencia.epagri.sc.gov.br\/wp-content\/uploads\/2026\/04\/Licitacoes-e.png 1048w\" sizes=\"auto, (max-width: 708px) 100vw, 708px\" \/><\/a><\/p>\n<p>&nbsp;<\/p>\n<p>A partir de <strong>2026<\/strong>, o Banco do Brasil lan\u00e7ou o<strong> Licita\u00e7\u00f5es-e2<\/strong>, nova vers\u00e3o da plataforma que atualmente est\u00e1 sendo utilizada, dispon\u00edvel <a href=\"https:\/\/licitacoes-e2.bb.com.br\/aop-inter-estatico\/\">neste <em>link<\/em><\/a>. Em <strong>pesquisa avan\u00e7ada<\/strong>, tamb\u00e9m \u00e9 poss\u00edvel consultar as licita\u00e7\u00f5es realizadas pela Epagri, conforme as imagens abaixo:<\/p>\n<p>&nbsp;<\/p>\n<p><a href=\"https:\/\/licitacoes-e2.bb.com.br\/aop-inter-estatico\/\"><img loading=\"lazy\" decoding=\"async\" class=\" wp-image-7914 aligncenter\" src=\"https:\/\/transparencia.epagri.sc.gov.br\/wp-content\/uploads\/2026\/04\/Licitacoes-e2-1024x745.png\" alt=\"\" width=\"761\" height=\"553\" srcset=\"https:\/\/transparencia.epagri.sc.gov.br\/wp-content\/uploads\/2026\/04\/Licitacoes-e2-1024x745.png 1024w, https:\/\/transparencia.epagri.sc.gov.br\/wp-content\/uploads\/2026\/04\/Licitacoes-e2-300x218.png 300w, https:\/\/transparencia.epagri.sc.gov.br\/wp-content\/uploads\/2026\/04\/Licitacoes-e2-768x559.png 768w, https:\/\/transparencia.epagri.sc.gov.br\/wp-content\/uploads\/2026\/04\/Licitacoes-e2.png 1213w\" sizes=\"auto, (max-width: 761px) 100vw, 761px\" \/><\/a><\/p>\n<p><a href=\"https:\/\/licitacoes-e2.bb.com.br\/aop-inter-estatico\/pesquisar-processo-publico\"><img loading=\"lazy\" decoding=\"async\" class=\"wp-image-7916 aligncenter\" src=\"https:\/\/transparencia.epagri.sc.gov.br\/wp-content\/uploads\/2026\/04\/Licitacoes-e2-2-1024x767.png\" alt=\"\" width=\"766\" height=\"574\" srcset=\"https:\/\/transparencia.epagri.sc.gov.br\/wp-content\/uploads\/2026\/04\/Licitacoes-e2-2-1024x767.png 1024w, https:\/\/transparencia.epagri.sc.gov.br\/wp-content\/uploads\/2026\/04\/Licitacoes-e2-2-300x225.png 300w, https:\/\/transparencia.epagri.sc.gov.br\/wp-content\/uploads\/2026\/04\/Licitacoes-e2-2-768x576.png 768w, https:\/\/transparencia.epagri.sc.gov.br\/wp-content\/uploads\/2026\/04\/Licitacoes-e2-2.png 1201w\" sizes=\"auto, (max-width: 766px) 100vw, 766px\" \/><\/a><\/p>\n<p>&nbsp;<\/p>\n<p>Diversamente da vers\u00e3o anterior da plataforma, o <strong>Licita\u00e7\u00f5es-e2<\/strong> passou a ser integrado com o <strong>Portal Nacional de Contrata\u00e7\u00f5es P\u00fablicas (PNCP)<\/strong>, dispon\u00edvel <a href=\"https:\/\/pncp.gov.br\/app\/editais?pagina=1&amp;status=recebendo_proposta&amp;orgaos=95554&amp;q=\"><em>neste link<\/em><\/a>.<\/p>\n<p>Se voc\u00ea \u00e9 fornecedor da Epagri, acesse tamb\u00e9m o nosso <a href=\"https:\/\/transparencia.epagri.sc.gov.br\/wp-content\/plugins\/download-attachments\/includes\/download.php?id=7111\"><strong>Manual do Fornecedor<\/strong><\/a>\u00a0e a nossa <a href=\"https:\/\/transparencia.epagri.sc.gov.br\/?page_id=7415\"><strong>Pol\u00edtica de Integridade e Anticorrup\u00e7\u00e3o<\/strong><\/a>, que cont\u00eam orienta\u00e7\u00f5es e informa\u00e7\u00f5es relevantes sobre as nossas contrata\u00e7\u00f5es.<\/p>\n<h3><strong>Contato<\/strong><\/h3>\n<p>As licita\u00e7\u00f5es s\u00e3o conduzidas por pregoeiros ou pela <strong>Comiss\u00e3o de Licita\u00e7\u00e3o<\/strong> na <strong>Sede da Epagri<\/strong> em Florian\u00f3polis, vinculada ao Departamento Estadual de Gest\u00e3o Operacional (DEGOP). Para quest\u00f5es sobre licita\u00e7\u00f5es, os contatos s\u00e3o os seguintes:<\/p>\n<p><strong>E-mail: <a href=\"mailto:licitacoes@epagri.sc.gov.br\">licitacoes@epagri.sc.gov.br<\/a><\/strong><\/p>\n<p><strong>Telefone:<\/strong> (48) 3665-5384<\/p>\n<p><strong>Endere\u00e7o:<\/strong> Rod. Admar Gonzaga, n\u00ba 1347, Bairro Itacorubi, Florian\u00f3polis\/SC, CEP 88034-901<\/p>\n","protected":false},"excerpt":{"rendered":"<p>In\u00edcio \/ Despesa \/ Licita\u00e7\u00f5es e Contratos \/ Licita\u00e7\u00f5es O que \u00e9 licita\u00e7\u00e3o? A licita\u00e7\u00e3o \u00e9 um processo administrativo formal mediante o qual a Epagri seleciona a proposta mais vantajosa para as contrata\u00e7\u00f5es de seu interesse (servi\u00e7os, compra e loca\u00e7\u00e3o de bens, vendas, concess\u00f5es de uso de im\u00f3veis e obras de engenharia\/arquitetura), inclusive no que &#8230; <a title=\"Licita\u00e7\u00f5es\" class=\"read-more\" href=\"https:\/\/transparencia.epagri.sc.gov.br\/?page_id=7889\" aria-label=\"More on Licita\u00e7\u00f5es\">Ler mais<\/a><\/p>\n","protected":false},"author":1,"featured_media":0,"parent":16,"menu_order":0,"comment_status":"closed","ping_status":"closed","template":"","meta":{"_acf_changed":false,"footnotes":""},"class_list":["post-7889","page","type-page","status-publish"],"acf":[],"_links":{"self":[{"href":"https:\/\/transparencia.epagri.sc.gov.br\/index.php?rest_route=\/wp\/v2\/pages\/7889","targetHints":{"allow":["GET"]}}],"collection":[{"href":"https:\/\/transparencia.epagri.sc.gov.br\/index.php?rest_route=\/wp\/v2\/pages"}],"about":[{"href":"https:\/\/transparencia.epagri.sc.gov.br\/index.php?rest_route=\/wp\/v2\/types\/page"}],"author":[{"embeddable":true,"href":"https:\/\/transparencia.epagri.sc.gov.br\/index.php?rest_route=\/wp\/v2\/users\/1"}],"replies":[{"embeddable":true,"href":"https:\/\/transparencia.epagri.sc.gov.br\/index.php?rest_route=%2Fwp%2Fv2%2Fcomments&post=7889"}],"version-history":[{"count":15,"href":"https:\/\/transparencia.epagri.sc.gov.br\/index.php?rest_route=\/wp\/v2\/pages\/7889\/revisions"}],"predecessor-version":[{"id":7921,"href":"https:\/\/transparencia.epagri.sc.gov.br\/index.php?rest_route=\/wp\/v2\/pages\/7889\/revisions\/7921"}],"up":[{"embeddable":true,"href":"https:\/\/transparencia.epagri.sc.gov.br\/index.php?rest_route=\/wp\/v2\/pages\/16"}],"wp:attachment":[{"href":"https:\/\/transparencia.epagri.sc.gov.br\/index.php?rest_route=%2Fwp%2Fv2%2Fmedia&parent=7889"}],"curies":[{"name":"wp","href":"https:\/\/api.w.org\/{rel}","templated":true}]}}