{"id":7886,"date":"2026-04-08T15:25:04","date_gmt":"2026-04-08T18:25:04","guid":{"rendered":"https:\/\/transparencia.epagri.sc.gov.br\/?page_id=7886"},"modified":"2026-04-08T15:59:02","modified_gmt":"2026-04-08T18:59:02","slug":"politica-de-inovacao","status":"publish","type":"page","link":"https:\/\/transparencia.epagri.sc.gov.br\/?page_id=7886","title":{"rendered":"Pol\u00edtica de Inova\u00e7\u00e3o"},"content":{"rendered":"<h6 style=\"text-align: right;\"><a role=\"link\" href=\"https:\/\/transparencia.epagri.sc.gov.br\/\">In\u00edcio<\/a> \/ Gest\u00e3o \/ Pol\u00edticas \/ Pol\u00edtica de Inova\u00e7\u00e3o<\/h6>\n<p>A Epagri faz <strong>pesquisa, transfer\u00eancia e difus\u00e3o de tecnologia<\/strong> agropecu\u00e1ria, florestal, pesqueira, socioecon\u00f4mica.<\/p>\n<p>\u00c9 uma <strong>Institui\u00e7\u00e3o Cient\u00edfica, Tecnol\u00f3gica e de Inova\u00e7\u00e3o (ICT)<\/strong>, ou seja, &#8220;\u00f3rg\u00e3o ou entidade da administra\u00e7\u00e3o p\u00fablica [&#8230;], com sede e foro no Pa\u00eds, que inclua em sua miss\u00e3o institucional ou em seu objetivo social ou estatut\u00e1rio a pesquisa b\u00e1sica ou aplicada de car\u00e1ter cient\u00edfico ou tecnol\u00f3gico ou o desenvolvimento de novos produtos, servi\u00e7os ou processos&#8221;, conforme a <a href=\"https:\/\/www.planalto.gov.br\/ccivil_03\/_ato2004-2006\/2004\/lei\/L10.973compilado.htm\">Lei federal n\u00ba 10.973, de 2004<\/a> (Lei de Inova\u00e7\u00e3o), <a href=\"https:\/\/leis.alesc.sc.gov.br\/ato-normativo\/16211\">Lei estadual n\u00ba 14.328, de 2008<\/a> (Lei Estadual de Inova\u00e7\u00e3o) e seus regulamentos. A Epagri integra o <strong>Sistema Estadual de Ci\u00eancia, Tecnologia e Inova\u00e7\u00e3o de Santa Catarina<\/strong>.<\/p>\n<p>Para atender ao seu <strong>prop\u00f3sito<\/strong> (<em>inova\u00e7\u00e3o<\/em> e sustentabilidade no campo e no mar) e <strong>miss\u00e3o<\/strong> (promover o desenvolvimento sustent\u00e1vel e a <em>inova\u00e7\u00e3o<\/em> no espa\u00e7o rural e pesqueiro), a Epagri conta com a sua <strong>Pol\u00edtica de Inova\u00e7\u00e3o<\/strong>.<\/p>\n<p>A <strong>Pol\u00edtica de Inova\u00e7\u00e3o da Epagri<\/strong> \u00e9 uma norma interna que disp\u00f5e sobre a organiza\u00e7\u00e3o e a gest\u00e3o dos processos que orientam a gera\u00e7\u00e3o de <strong>inova\u00e7\u00e3o<\/strong> e a <strong>transfer\u00eancia de tecnologia<\/strong> no ambiente produtivo e\/ou social.\u00a0Tem como objeto dispor sobre:<\/p>\n<ul>\n<li>a organiza\u00e7\u00e3o e a gest\u00e3o dos processos que orientam as cria\u00e7\u00f5es, a prote\u00e7\u00e3o da propriedade intelectual e a transfer\u00eancia de tecnologia;<\/li>\n<li>a gera\u00e7\u00e3o de inova\u00e7\u00e3o nos ambientes produtivos de atua\u00e7\u00e3o, de acordo com as prioridades da pol\u00edtica nacional e estadual de ci\u00eancia, tecnologia e inova\u00e7\u00e3o e com a pol\u00edtica industrial e tecnol\u00f3gica nacional;<\/li>\n<li>a contribui\u00e7\u00e3o institucional para a constru\u00e7\u00e3o de ambientes promotores de inova\u00e7\u00e3o e de empreendedorismo a partir das realidades dos territ\u00f3rios, mediante parcerias estrat\u00e9gicas com atores p\u00fablicos, privados e do terceiro setor.<\/li>\n<\/ul>\n<p>O <strong>N\u00facleo de Inova\u00e7\u00e3o Tecnol\u00f3gica (NIT)<\/strong> \u00e9 a unidade da Epagri que tem por finalidade a gest\u00e3o da Pol\u00edtica de Inova\u00e7\u00e3o e demais compet\u00eancias estabelecidas na legisla\u00e7\u00e3o de inova\u00e7\u00e3o, <a href=\"https:\/\/transparencia.epagri.sc.gov.br\/?page_id=823\">Regimento Interno<\/a> e <a href=\"https:\/\/drive.google.com\/file\/d\/1Cb7deAJ-LhEigClpi5zuwRZkJKg_a98E\/view?usp=sharing\">Plano Gerencial<\/a>.<\/p>\n<p>Para saber mais sobre o NIT e tecnologias desenvolvidas pela Epagri ou at\u00e9 mesmo para celebrar parcerias com a nossa empresa, acesse o <a href=\"https:\/\/nit.epagri.sc.gov.br\/\"><strong>EpagrINOVA<\/strong><\/a>, a Plataforma de Inova\u00e7\u00e3o da Epagri.<\/p>\n","protected":false},"excerpt":{"rendered":"<p>In\u00edcio \/ Gest\u00e3o \/ Pol\u00edticas \/ Pol\u00edtica de Inova\u00e7\u00e3o A Epagri faz pesquisa, transfer\u00eancia e difus\u00e3o de tecnologia agropecu\u00e1ria, florestal, pesqueira, socioecon\u00f4mica. \u00c9 uma Institui\u00e7\u00e3o Cient\u00edfica, Tecnol\u00f3gica e de Inova\u00e7\u00e3o (ICT), ou seja, &#8220;\u00f3rg\u00e3o ou entidade da administra\u00e7\u00e3o p\u00fablica [&#8230;], com sede e foro no Pa\u00eds, que inclua em sua miss\u00e3o institucional ou em seu &#8230; <a title=\"Pol\u00edtica de Inova\u00e7\u00e3o\" class=\"read-more\" href=\"https:\/\/transparencia.epagri.sc.gov.br\/?page_id=7886\" aria-label=\"More on Pol\u00edtica de Inova\u00e7\u00e3o\">Ler mais<\/a><\/p>\n","protected":false},"author":1,"featured_media":0,"parent":0,"menu_order":0,"comment_status":"closed","ping_status":"closed","template":"","meta":{"_acf_changed":false,"footnotes":""},"class_list":["post-7886","page","type-page","status-publish"],"acf":[],"_links":{"self":[{"href":"https:\/\/transparencia.epagri.sc.gov.br\/index.php?rest_route=\/wp\/v2\/pages\/7886","targetHints":{"allow":["GET"]}}],"collection":[{"href":"https:\/\/transparencia.epagri.sc.gov.br\/index.php?rest_route=\/wp\/v2\/pages"}],"about":[{"href":"https:\/\/transparencia.epagri.sc.gov.br\/index.php?rest_route=\/wp\/v2\/types\/page"}],"author":[{"embeddable":true,"href":"https:\/\/transparencia.epagri.sc.gov.br\/index.php?rest_route=\/wp\/v2\/users\/1"}],"replies":[{"embeddable":true,"href":"https:\/\/transparencia.epagri.sc.gov.br\/index.php?rest_route=%2Fwp%2Fv2%2Fcomments&post=7886"}],"version-history":[{"count":4,"href":"https:\/\/transparencia.epagri.sc.gov.br\/index.php?rest_route=\/wp\/v2\/pages\/7886\/revisions"}],"predecessor-version":[{"id":7896,"href":"https:\/\/transparencia.epagri.sc.gov.br\/index.php?rest_route=\/wp\/v2\/pages\/7886\/revisions\/7896"}],"wp:attachment":[{"href":"https:\/\/transparencia.epagri.sc.gov.br\/index.php?rest_route=%2Fwp%2Fv2%2Fmedia&parent=7886"}],"curies":[{"name":"wp","href":"https:\/\/api.w.org\/{rel}","templated":true}]}}