{"id":7817,"date":"2026-04-07T10:50:43","date_gmt":"2026-04-07T13:50:43","guid":{"rendered":"https:\/\/transparencia.epagri.sc.gov.br\/?page_id=7817"},"modified":"2026-04-07T11:48:29","modified_gmt":"2026-04-07T14:48:29","slug":"acessibilidade","status":"publish","type":"page","link":"https:\/\/transparencia.epagri.sc.gov.br\/?page_id=7817","title":{"rendered":"Acessibilidade"},"content":{"rendered":"<h6 style=\"text-align: right;\"><a role=\"link\" href=\"https:\/\/transparencia.epagri.sc.gov.br\/\">In\u00edcio<\/a> \/ Acessibilidade<\/h6>\n<h2>Para garantir que qualquer pessoa possa ajudar acompanhar as atividades realizadas pela Epagri e a fiscalizar a gest\u00e3o p\u00fablica (controle social), independentemente de necessidades especiais e espec\u00edficas, o Portal da Transpar\u00eancia da Epagri conta com uma ferramenta de acessibilidade.<\/h2>\n<h2>Assim, os usu\u00e1rios disp\u00f5em de ferramentas que auxiliam o uso, tornando as informa\u00e7\u00f5es acess\u00edveis.<\/h2>\n<h2>Conhe\u00e7a os recursos dispon\u00edveis para tornar sua navega\u00e7\u00e3o mais acess\u00edvel, atendendo os usu\u00e1rios de diferentes perfis:<\/h2>\n<h2>Na barra lateral direita, consta o s\u00edmbolo da ferramenta de acessibilidade:<\/h2>\n<h2><img loading=\"lazy\" decoding=\"async\" class=\"size-full wp-image-7823 aligncenter\" src=\"https:\/\/transparencia.epagri.sc.gov.br\/wp-content\/uploads\/2026\/04\/Acessibilidade.png\" alt=\"\" width=\"69\" height=\"67\" \/><\/h2>\n<ul>\n<li>\n<h2>Aumentar Texto: permite o aumento do tamanho das letras do Portal.<\/h2>\n<\/li>\n<li>\n<h2>Diminuir Texto: permite a redu\u00e7\u00e3o do tamanho das letras do Portal.<\/h2>\n<\/li>\n<li>\n<h2>Escala de Cinza: a utiliza\u00e7\u00e3o do modo Escala de Cinza modifica as cores do Portal, deixando-o apenas em escala de cinza.<\/h2>\n<\/li>\n<li>\n<h2>Alto Contraste: a utiliza\u00e7\u00e3o do modo Alto Contraste modifica as cores para oferecer um maior contraste poss\u00edvel, facilitando a leitura.<\/h2>\n<\/li>\n<li>\n<h2>Contraste Negativo: \u00e9 uma ferramenta projetada para auxiliar usu\u00e1rios com baixa vis\u00e3o, daltonismo ou sensibilidade \u00e0 luz. Essa funcionalidade inverte as cores padr\u00e3o do <em>site<\/em>, transformando o fundo em preto e o texto em branco ou amarelo, o que reduz a luminosidade da tela e aumenta a legibilidade.<\/h2>\n<\/li>\n<li>\n<h2>Fundo Claro:\u00a0a utiliza\u00e7\u00e3o do modo Fundo Claro modifica as cores deixando o fundo do Portal claro.<\/h2>\n<\/li>\n<li>\n<h2>Links Sublinhados: sublinha todos os <em>links<\/em> do Portal.<\/h2>\n<\/li>\n<li>\n<h2>Fonte Leg\u00edvel: altera a fonte padr\u00e3o do site para uma fonte maior e mais espa\u00e7ada (Verdana).<\/h2>\n<\/li>\n<li>\n<h2>Redefinir: retira todas as op\u00e7\u00f5es de acessibilidade selecionadas, retornando as configura\u00e7\u00f5es iniciais do Portal.<\/h2>\n<\/li>\n<\/ul>\n<h2>Caso encontre alguma dificuldade na acessibilidade do Portal, <a href=\"https:\/\/www.epagri.sc.gov.br\/e-sic\/\">Fale Conosco<\/a>.<\/h2>\n","protected":false},"excerpt":{"rendered":"<p>In\u00edcio \/ Acessibilidade Para garantir que qualquer pessoa possa ajudar acompanhar as atividades realizadas pela Epagri e a fiscalizar a gest\u00e3o p\u00fablica (controle social), independentemente de necessidades especiais e espec\u00edficas, o Portal da Transpar\u00eancia da Epagri conta com uma ferramenta de acessibilidade. Assim, os usu\u00e1rios disp\u00f5em de ferramentas que auxiliam o uso, tornando as informa\u00e7\u00f5es &#8230; <a title=\"Acessibilidade\" class=\"read-more\" href=\"https:\/\/transparencia.epagri.sc.gov.br\/?page_id=7817\" aria-label=\"More on Acessibilidade\">Ler mais<\/a><\/p>\n","protected":false},"author":1,"featured_media":0,"parent":0,"menu_order":0,"comment_status":"closed","ping_status":"closed","template":"","meta":{"_acf_changed":false,"footnotes":""},"class_list":["post-7817","page","type-page","status-publish"],"acf":[],"_links":{"self":[{"href":"https:\/\/transparencia.epagri.sc.gov.br\/index.php?rest_route=\/wp\/v2\/pages\/7817","targetHints":{"allow":["GET"]}}],"collection":[{"href":"https:\/\/transparencia.epagri.sc.gov.br\/index.php?rest_route=\/wp\/v2\/pages"}],"about":[{"href":"https:\/\/transparencia.epagri.sc.gov.br\/index.php?rest_route=\/wp\/v2\/types\/page"}],"author":[{"embeddable":true,"href":"https:\/\/transparencia.epagri.sc.gov.br\/index.php?rest_route=\/wp\/v2\/users\/1"}],"replies":[{"embeddable":true,"href":"https:\/\/transparencia.epagri.sc.gov.br\/index.php?rest_route=%2Fwp%2Fv2%2Fcomments&post=7817"}],"version-history":[{"count":4,"href":"https:\/\/transparencia.epagri.sc.gov.br\/index.php?rest_route=\/wp\/v2\/pages\/7817\/revisions"}],"predecessor-version":[{"id":7822,"href":"https:\/\/transparencia.epagri.sc.gov.br\/index.php?rest_route=\/wp\/v2\/pages\/7817\/revisions\/7822"}],"wp:attachment":[{"href":"https:\/\/transparencia.epagri.sc.gov.br\/index.php?rest_route=%2Fwp%2Fv2%2Fmedia&parent=7817"}],"curies":[{"name":"wp","href":"https:\/\/api.w.org\/{rel}","templated":true}]}}