{"id":7815,"date":"2026-04-07T10:47:38","date_gmt":"2026-04-07T13:47:38","guid":{"rendered":"https:\/\/transparencia.epagri.sc.gov.br\/?page_id=7815"},"modified":"2026-04-07T18:11:36","modified_gmt":"2026-04-07T21:11:36","slug":"sobre-o-portal","status":"publish","type":"page","link":"https:\/\/transparencia.epagri.sc.gov.br\/?page_id=7815","title":{"rendered":"Sobre o Portal"},"content":{"rendered":"<h6 style=\"text-align: right;\"><a role=\"link\" href=\"https:\/\/transparencia.epagri.sc.gov.br\/\">In\u00edcio<\/a> \/ Sobre o Portal<\/h6>\n<div class=\"row sobre-intro\">\n<div class=\"col-xs-12 col-sm-8\">\n<p>O<strong> Portal da Transpar\u00eancia da Epagri<\/strong> \u00e9 um instrumento de <strong>controle social<\/strong> que possibilita ao cidad\u00e3o acompanhar tudo o que a <strong>Epagri<\/strong> faz, suas receitas, despesas, responsabilidade fiscal, governan\u00e7a e gest\u00e3o para o cumprimento de sua <strong>miss\u00e3o<\/strong>: promover o desenvolvimento sustent\u00e1vel e a inova\u00e7\u00e3o no espa\u00e7o rural e pesqueiro.<\/p>\n<p>Este Portal representa o compromisso da Epagri com a <strong>transpar\u00eancia ativa<\/strong>, <a href=\"https:\/\/transparencia.epagri.sc.gov.br\/?page_id=917\">princ\u00edpio b\u00e1sico da empresa<\/a>, e cont\u00e9m as informa\u00e7\u00f5es p\u00fablicas de interesse coletivo ou geral custodiadas pela Epagri, em cumprimento ao art. 5\u00ba, XXXIII, da <a href=\"https:\/\/www.planalto.gov.br\/ccivil_03\/constituicao\/constituicao.htm\">Constitui\u00e7\u00e3o Federal de 1988<\/a>, <a href=\"https:\/\/www.planalto.gov.br\/ccivil_03\/_Ato2011-2014\/2011\/Lei\/L12527.htm\">Lei estadual n\u00ba 12.527, de 2011<\/a> (Lei de Acesso \u00e0 Informa\u00e7\u00e3o &#8211; LAI) e legisla\u00e7\u00e3o complementar.<\/p>\n<p>Por ser uma empresa estatal dependente, vinculada \u00e0 <strong>Secretaria de Estado da Agricultura e Pecu\u00e1ria (SAPE)<\/strong>, algumas informa\u00e7\u00f5es relativas \u00e0 Epagri tamb\u00e9m constam no <strong>Portal da Transpar\u00eancia do Poder Executivo de Santa Catarina<\/strong>, dispon\u00edvel <a href=\"https:\/\/www.transparencia.sc.gov.br\/\">neste <em>link<\/em><\/a>.<\/p>\n<p>&nbsp;<\/p>\n<\/div>\n<div class=\"col-sm-4 d-none d-sm-block\"><a href=\"https:\/\/www.transparencia.sc.gov.br\/\"><img loading=\"lazy\" decoding=\"async\" class=\"aligncenter\" src=\"https:\/\/www.transparencia.sc.gov.br\/assets\/img\/assets\/portal-da-transparencia.png\" alt=\"Portal da Transpar\u00eancia do Poder Executivo de Santa Catarina.\" width=\"515\" height=\"135\" \/><\/a><\/div>\n<\/div>\n<div class=\"row sobre-mobilidade\">\n<div class=\"col-xs-12 col-sm-6\">\n<p>&nbsp;<\/p>\n<\/div>\n<\/div>\n<div class=\"row caracteristicas-portal\">\n<div class=\"sobre-card card-3\">\n<div>\n<p>No <a href=\"https:\/\/www.epagri.sc.gov.br\/\"><em>site<\/em> principal da Epagri<\/a> tamb\u00e9m disponibilizamos informa\u00e7\u00f5es e not\u00edcias relevantes sobre a empresa.<\/p>\n<h3><strong>Mobilidade<\/strong><\/h3>\n<p>O Portal da Transpar\u00eancia da Epagri foi desenvolvido para acesso em diversos dispositivos, como computador, celulares e <em>tablets<\/em>.<\/p>\n<h3><strong>Confiabilidade<\/strong><\/h3>\n<p>O Portal \u00e9 atualizado diariamente com dados de sistemas internos, de onde s\u00e3o extra\u00eddas informa\u00e7\u00f5es, bem como \u00e9 atualizado pelas unidades competentes da Epagri, que alimentam o portal de acordo com a sua \u00e1rea de atua\u00e7\u00e3o. Outros sistemas completam a base de dados do portal: Sistema de Informa\u00e7\u00f5es Administrativo-Financeiro Integrado (SAFI), Sistema Integrado de Gerenciamento de Recursos Humanos (SIGRH), Sistema Integrado de Controle de Obras P\u00fablicas (SICOP), entre outros.<\/p>\n<h3><strong>Consultas Personalizadas<\/strong><\/h3>\n<p>Ao acessar os menus Receita e Despesa, voc\u00ea pode montar a sua pr\u00f3pria consulta, selecionando o per\u00edodo (m\u00eas e ano) e outros detalhamentos espec\u00edficos da informa\u00e7\u00e3o que precisa.<\/p>\n<h3><strong>Dados Abertos<\/strong><\/h3>\n<p>O Portal disponibiliza dados no formato aberto. Dessa forma, voc\u00ea pode acessar os dados livremente, baixando relat\u00f3rios, fazendo cruzamentos e criando aplicativos que demonstrem novas formas de utiliza\u00e7\u00e3o e visualiza\u00e7\u00e3o desses dados em benef\u00edcio da sociedade. Acessando <a href=\"https:\/\/dados.sc.gov.br\/\"><strong>Gest\u00e3o &gt; Dados Abertos &gt; Dados Abertos SC<\/strong><\/a>, consta o <em>link<\/em> de acesso ao <a href=\"https:\/\/dados.sc.gov.br\/\"><strong>Portal de Dados Abertos do Estado de Santa Catarina<\/strong><\/a>.<\/p>\n<h3><strong>Fale Conosco<\/strong><\/h3>\n<p>N\u00e3o encontrou o que procurava? Utilize o <a href=\"https:\/\/www.epagri.sc.gov.br\/e-sic\/\"><strong>Fale Conosco<\/strong><\/a> e acesse o <strong>Servi\u00e7o de Informa\u00e7\u00f5es ao Cidad\u00e3o (e-SIC)<\/strong>, gerido pela Ouvidoria da Epagri, para fazer seu pedido de acesso \u00e0 informa\u00e7\u00e3o. Consulte tamb\u00e9m o <a href=\"https:\/\/transparencia.epagri.sc.gov.br\/?page_id=7811\"><strong>gloss\u00e1rio<\/strong><\/a>, <a href=\"https:\/\/transparencia.epagri.sc.gov.br\/?page_id=913\"><strong>perguntas mais frequentes<\/strong><\/a> e <a href=\"https:\/\/docs.google.com\/forms\/d\/e\/1FAIpQLSfHvGMXyz8zTffgd-Qbhuq1B0KlgBOOj30N3Ez9dgVnaxrzZw\/viewform\"><strong>avalie<\/strong> o nosso Portal<\/a>.<\/p>\n<\/div>\n<\/div>\n<\/div>\n","protected":false},"excerpt":{"rendered":"<p>In\u00edcio \/ Sobre o Portal O Portal da Transpar\u00eancia da Epagri \u00e9 um instrumento de controle social que possibilita ao cidad\u00e3o acompanhar tudo o que a Epagri faz, suas receitas, despesas, responsabilidade fiscal, governan\u00e7a e gest\u00e3o para o cumprimento de sua miss\u00e3o: promover o desenvolvimento sustent\u00e1vel e a inova\u00e7\u00e3o no espa\u00e7o rural e pesqueiro. Este &#8230; <a title=\"Sobre o Portal\" class=\"read-more\" href=\"https:\/\/transparencia.epagri.sc.gov.br\/?page_id=7815\" aria-label=\"More on Sobre o Portal\">Ler mais<\/a><\/p>\n","protected":false},"author":1,"featured_media":0,"parent":0,"menu_order":0,"comment_status":"closed","ping_status":"closed","template":"","meta":{"_acf_changed":false,"footnotes":""},"class_list":["post-7815","page","type-page","status-publish"],"acf":[],"_links":{"self":[{"href":"https:\/\/transparencia.epagri.sc.gov.br\/index.php?rest_route=\/wp\/v2\/pages\/7815","targetHints":{"allow":["GET"]}}],"collection":[{"href":"https:\/\/transparencia.epagri.sc.gov.br\/index.php?rest_route=\/wp\/v2\/pages"}],"about":[{"href":"https:\/\/transparencia.epagri.sc.gov.br\/index.php?rest_route=\/wp\/v2\/types\/page"}],"author":[{"embeddable":true,"href":"https:\/\/transparencia.epagri.sc.gov.br\/index.php?rest_route=\/wp\/v2\/users\/1"}],"replies":[{"embeddable":true,"href":"https:\/\/transparencia.epagri.sc.gov.br\/index.php?rest_route=%2Fwp%2Fv2%2Fcomments&post=7815"}],"version-history":[{"count":11,"href":"https:\/\/transparencia.epagri.sc.gov.br\/index.php?rest_route=\/wp\/v2\/pages\/7815\/revisions"}],"predecessor-version":[{"id":7826,"href":"https:\/\/transparencia.epagri.sc.gov.br\/index.php?rest_route=\/wp\/v2\/pages\/7815\/revisions\/7826"}],"wp:attachment":[{"href":"https:\/\/transparencia.epagri.sc.gov.br\/index.php?rest_route=%2Fwp%2Fv2%2Fmedia&parent=7815"}],"curies":[{"name":"wp","href":"https:\/\/api.w.org\/{rel}","templated":true}]}}