{"id":7813,"date":"2026-04-07T10:46:45","date_gmt":"2026-04-07T13:46:45","guid":{"rendered":"https:\/\/transparencia.epagri.sc.gov.br\/?page_id=7813"},"modified":"2026-04-07T17:48:07","modified_gmt":"2026-04-07T20:48:07","slug":"mapa-do-site","status":"publish","type":"page","link":"https:\/\/transparencia.epagri.sc.gov.br\/?page_id=7813","title":{"rendered":"Mapa do Site"},"content":{"rendered":"<h6 style=\"text-align: right;\"><a role=\"link\" href=\"https:\/\/transparencia.epagri.sc.gov.br\/\">In\u00edcio<\/a> \/ Mapa do Site<\/h6>\n<p>As informa\u00e7\u00f5es do Portal da Transpar\u00eancia da Epagri j\u00e1 se encontram sistematizadas nos menus Receita, Despesa, Responsabilidade Fiscal, Gest\u00e3o e ferramenta de pesquisa.<\/p>\n<p>&nbsp;<\/p>\n<p><img loading=\"lazy\" decoding=\"async\" class=\"wp-image-7837 aligncenter\" src=\"https:\/\/transparencia.epagri.sc.gov.br\/wp-content\/uploads\/2026\/04\/Portal-da-Transparencia-1024x200.png\" alt=\"\" width=\"688\" height=\"134\" srcset=\"https:\/\/transparencia.epagri.sc.gov.br\/wp-content\/uploads\/2026\/04\/Portal-da-Transparencia-1024x200.png 1024w, https:\/\/transparencia.epagri.sc.gov.br\/wp-content\/uploads\/2026\/04\/Portal-da-Transparencia-300x58.png 300w, https:\/\/transparencia.epagri.sc.gov.br\/wp-content\/uploads\/2026\/04\/Portal-da-Transparencia-768x150.png 768w, https:\/\/transparencia.epagri.sc.gov.br\/wp-content\/uploads\/2026\/04\/Portal-da-Transparencia.png 1498w\" sizes=\"auto, (max-width: 688px) 100vw, 688px\" \/><\/p>\n<p>&nbsp;<\/p>\n<p>Nesta se\u00e7\u00e3o, indicamos o mapa do <em>site<\/em>, ou seja, o que \u00e9 encontrado em cada menu da p\u00e1gina principal.<\/p>\n<ul class=\"menu-mainmenu\">\n<li class=\"parent first\"><strong><a class=\"clearfix\"><span class=\"jsn-menutitle\">Receita<\/span> <\/a><\/strong> <i class=\"fa fa-navicon\"><\/i>\n<ul class=\"jsn-submenu-level-1\">\n<li class=\"parent first menu-heading\"><a class=\"clearfix\"> <i class=\"menu-heading \"><\/i> <span class=\"jsn-menutitle\">Principais Consultas<\/span> <\/a> <i class=\"fa fa-navicon\"><\/i>\n<ul class=\"jsn-submenu-level-2\">\n<li class=\"first\"><a class=\"clearfix\" href=\"https:\/\/transparencia.epagri.sc.gov.br\/?page_id=830\"> <span class=\"jsn-menutitle\">Receitas da Empresa<\/span> <\/a><\/li>\n<li class=\"last\"><a class=\"clearfix\" href=\"https:\/\/transparencia.epagri.sc.gov.br\/?page_id=832\"> <span class=\"jsn-menutitle\">Contratos<\/span> <\/a><\/li>\n<\/ul>\n<\/li>\n<li>Transfer\u00eancias Recebidas\n<ul class=\"jsn-submenu-level-1\">\n<li><a href=\"https:\/\/portaldatransparencia.gov.br\/convenios\/consulta?paginacaoSimples=true&amp;tamanhoPagina=&amp;offset=&amp;direcaoOrdenacao=asc&amp;colunasSelecionadas=linkDetalhamento%2CnumeroConvenio%2CnumeroOriginal%2Cuf%2CmunicipioConvenente%2Csituacao%2CtipoTransferencia%2Cobjetivo%2CorgaoSuperior%2Corgao%2Cconcedente%2Cconvenente%2CdataInicioVigencia%2CdataFimVigencia%2CvalorCelebrado&amp;convenente=6519822&amp;ordenarPor=orgao&amp;direcao=desc\">Conv\u00eanios e Contratos de Repasse (<em>link<\/em>)<\/a><\/li>\n<\/ul>\n<\/li>\n<\/ul>\n<\/li>\n<li class=\"parent\"><strong><a class=\"clearfix\"> <span class=\"jsn-menutitle\">Despesa<\/span> <\/a> <i class=\"fa fa-navicon\"><\/i><\/strong>\n<ul class=\"jsn-submenu-level-1\">\n<li class=\"parent menu-heading\"><a class=\"clearfix\"><span class=\"jsn-menutitle\">Aquisi\u00e7\u00e3o Direta<\/span> <\/a> <i class=\"fa fa-navicon\"><\/i>\n<ul class=\"jsn-submenu-level-2\">\n<li class=\"first last\"><a href=\"https:\/\/transparencia.epagri.sc.gov.br\/?page_id=1012\">Dispensa de Licita\u00e7\u00e3o<\/a><\/li>\n<li class=\"first last\"><a href=\"https:\/\/transparencia.epagri.sc.gov.br\/?page_id=4755\">Inexigibilidade<\/a><\/li>\n<\/ul>\n<\/li>\n<li class=\"parent menu-heading\"><a class=\"clearfix\"><span class=\"jsn-menutitle\">Empregados P\u00fablicos<\/span> <\/a> <i class=\"fa fa-navicon\"><\/i>\n<ul class=\"jsn-submenu-level-2\">\n<li><a href=\"https:\/\/transparencia.epagri.sc.gov.br\/?page_id=5206\">Plano de Carreira, Cargos e Sal\u00e1rios (PCCS)<\/a><\/li>\n<li><a href=\"https:\/\/transparencia.epagri.sc.gov.br\/?page_id=7391\">Acordos Coletivos de Trabalho (ACTs)<\/a><\/li>\n<li><a href=\"https:\/\/transparencia.epagri.sc.gov.br\/?page_id=7770\">Despesas com Cart\u00f5es Corporativos<\/a><\/li>\n<li><a class=\"clearfix\" href=\"https:\/\/transparencia.epagri.sc.gov.br\/?page_id=847\"><span class=\"jsn-menutitle\">Di\u00e1rias<\/span><\/a> (menu descontinuado &#8211; acesse Despesa \/ Reembolso de Valores e Di\u00e1rias para informa\u00e7\u00f5es atualizadas sobre di\u00e1rias)<\/li>\n<li><a href=\"https:\/\/transparencia.epagri.sc.gov.br\/?page_id=5526\">Capital Humano e Relat\u00f3rios de Transpar\u00eancia Salarial<\/a><\/li>\n<li><a class=\"clearfix\" href=\"https:\/\/transparencia.epagri.sc.gov.br\/?cat=20\"><span class=\"jsn-menutitle\">Movimenta\u00e7\u00e3o de Pessoal<\/span><\/a><\/li>\n<li><a href=\"https:\/\/sistemas.epagri.sc.gov.br\/prestacaoContas\/\">Reembolso de Valores e Di\u00e1rias<\/a><\/li>\n<li class=\"first\"><a class=\" clearfix\" href=\"http:\/\/www.transparencia.ciasc.sc.gov.br\/Empresas\/paginainicial.aspx?1305\" target=\"_blank\" rel=\"noopener\"> <i class=\"\"><\/i> <span class=\"jsn-menutitle\">Remunera\u00e7\u00e3o e Dados Funcionais<\/span> <\/a><\/li>\n<\/ul>\n<\/li>\n<li class=\"parent menu-heading\"><a class=\"clearfix\"> <i class=\"menu-heading \"><\/i> <span class=\"jsn-menutitle\">Licita\u00e7\u00f5es e Contratos<\/span> <\/a> <i class=\"fa fa-navicon\"><\/i>\n<ul class=\"jsn-submenu-level-2\">\n<li><a href=\"https:\/\/transparencia.epagri.sc.gov.br\/?page_id=5302\">ARP \u2013 Atas de SRP<\/a><\/li>\n<li><a href=\"https:\/\/transparencia.epagri.sc.gov.br\/?page_id=4886\">Certificado de Cadastro de Fornecedor \u2013 CCF Digital<\/a><\/li>\n<li><a href=\"https:\/\/certidoes-apf.apps.tcu.gov.br\/\">Consulta de empresas Inid\u00f4neas\/Suspensas (<em>link<\/em>)<\/a><\/li>\n<li><a class=\"clearfix\" href=\"https:\/\/transparencia.epagri.sc.gov.br\/?page_id=860\"> <span class=\"jsn-menutitle\">Contratos<\/span> <\/a><\/li>\n<li><a href=\"https:\/\/compras.sc.gov.br\/?lstOrgaos=9\">Licita\u00e7\u00f5es &#8211; Portal de Compras (<em>link<\/em>)<\/a><\/li>\n<li><a href=\"https:\/\/www.youtube.com\/channel\/UCYWtlpiM9FZytfQjeDf-a7g\">Licita\u00e7\u00f5es ao Vivo (<em>link<\/em>)<\/a><\/li>\n<li><a href=\"https:\/\/www.licitacoes-e.com.br\/aop\/index.jsp\">Licita\u00e7\u00f5es Banco do Brasil (<em>link<\/em>)<\/a>\u00a0(Epagri utiliza a plataforma Licita\u00e7\u00f5es-e do Banco do Brasil)<\/li>\n<li><a href=\"https:\/\/cadpen.sc.gov.br\/cadpen\/\">Penalidades Aplicadas a Fornecedores (<em>link<\/em>)<\/a><\/li>\n<li><a href=\"https:\/\/transparencia.epagri.sc.gov.br\/?page_id=7415\">Pol\u00edtica de Integridade e Anticorrup\u00e7\u00e3o<\/a><\/li>\n<li><a href=\"https:\/\/transparencia.epagri.sc.gov.br\/?page_id=866\">Publica\u00e7\u00f5es Extempor\u00e2neas<\/a><\/li>\n<li class=\"\"><a class=\"clearfix\" href=\"https:\/\/transparencia.epagri.sc.gov.br\/?page_id=862\"> <span class=\"jsn-menutitle\">Regulamento Interno de Licita\u00e7\u00f5es e Contratos<\/span> <\/a><\/li>\n<\/ul>\n<\/li>\n<li>Ordem Cronol\u00f3gica de Pagamentos\n<ul class=\"jsn-submenu-level-1\">\n<li><a href=\"https:\/\/transparencia.epagri.sc.gov.br\/?page_id=5994\">Ordem Cronol\u00f3gica de Pagamentos<\/a><\/li>\n<\/ul>\n<\/li>\n<li class=\"parent menu-heading\"><a class=\"clearfix\"> <i class=\"menu-heading \"><\/i> <span class=\"jsn-menutitle\">Prestadores de Servi\u00e7o<\/span> <\/a> <i class=\"fa fa-navicon\"><\/i>\n<ul class=\"jsn-submenu-level-2\">\n<li class=\"first last\"><a class=\"clearfix\" href=\"https:\/\/transparencia.epagri.sc.gov.br\/?page_id=1022\"> <span class=\"jsn-menutitle\">Prestadores de Servi\u00e7o<\/span><\/a> (prestadores de servi\u00e7os terceirizados)<\/li>\n<\/ul>\n<\/li>\n<li>Principais Consultas\n<ul class=\"jsn-submenu-level-1\">\n<li><a href=\"https:\/\/transparencia.epagri.sc.gov.br\/?page_id=839\">Despesas da Empresa<\/a><\/li>\n<li><a href=\"https:\/\/www.sicop.sc.gov.br\/mapa\/\">Mapa de Obras (<em>link<\/em>)<\/a><\/li>\n<\/ul>\n<\/li>\n<li>Transfer\u00eancias Realizadas\n<ul class=\"jsn-submenu-level-1\">\n<li><a href=\"https:\/\/transparencia.epagri.sc.gov.br\/?page_id=7773\">Conv\u00eanios<\/a><\/li>\n<li><a href=\"https:\/\/transparencia.epagri.sc.gov.br\/?page_id=7067\">Patroc\u00ednios<\/a><\/li>\n<\/ul>\n<\/li>\n<\/ul>\n<\/li>\n<li class=\"parent\"><strong><a class=\"clearfix\"> <span class=\"jsn-menutitle\">Responsabilidade Fiscal<\/span> <\/a> <i class=\"fa fa-navicon\"><\/i><\/strong>\n<ul class=\"jsn-submenu-level-1\">\n<li><a href=\"https:\/\/transparencia.epagri.sc.gov.br\/?page_id=4763\">Benef\u00edcios Fiscais<\/a><\/li>\n<li><a class=\"clearfix\"> <i class=\"menu-heading \"><\/i> <span class=\"jsn-menutitle\">Extratos Banc\u00e1rios<\/span> <\/a> <i class=\"fa fa-navicon\"><\/i>\n<ul class=\"jsn-submenu-level-2\">\n<li class=\"first\"><a class=\"clearfix\" href=\"https:\/\/transparencia.epagri.sc.gov.br\/?page_id=885\"> <span class=\"jsn-menutitle\">Contas Correntes<\/span> <\/a><\/li>\n<li class=\"last\"><a class=\"clearfix\" href=\"https:\/\/transparencia.epagri.sc.gov.br\/?page_id=887\"> <span class=\"jsn-menutitle\">Aplica\u00e7\u00f5es Financeiras<\/span> <\/a><\/li>\n<\/ul>\n<\/li>\n<li class=\"parent menu-heading\"><a class=\"clearfix\" href=\"https:\/\/transparencia.epagri.sc.gov.br\/?page_id=4758\"> <i class=\"menu-heading \"><\/i> <span class=\"jsn-menutitle\">Morat\u00f3rias, Concess\u00f5es de Isen\u00e7\u00f5es, Subven\u00e7\u00f5es<\/span><\/a><\/li>\n<li class=\"parent menu-heading\"><a class=\"clearfix\"><span class=\"jsn-menutitle\">Or\u00e7amento (LOA)<\/span> <\/a> <i class=\"fa fa-navicon\"><\/i>\n<ul class=\"jsn-submenu-level-2\">\n<li class=\"first last\"><a class=\"clearfix\" href=\"https:\/\/transparencia.epagri.sc.gov.br\/?page_id=1006\"> <span class=\"jsn-menutitle\">Or\u00e7amento (LOA)<\/span> <\/a><\/li>\n<\/ul>\n<\/li>\n<li>Presta\u00e7\u00e3o de Contas\n<ul class=\"jsn-submenu-level-1\">\n<li><a href=\"https:\/\/transparencia.epagri.sc.gov.br\/?page_id=881\">Presta\u00e7\u00e3o de Contas Anual<\/a><\/li>\n<\/ul>\n<\/li>\n<\/ul>\n<\/li>\n<li class=\"parent\"><strong><a class=\"clearfix\"> <span class=\"jsn-menutitle\">Gest\u00e3o<\/span><\/a><\/strong>\n<ul class=\"jsn-submenu-level-1\">\n<li class=\"parent first menu-heading\"><a class=\"clearfix\"> <i class=\"menu-heading \"><\/i> <span class=\"jsn-menutitle\">A Empresa<\/span> <\/a> <i class=\"fa fa-navicon\"><\/i>\n<ul class=\"jsn-submenu-level-2\">\n<li class=\"first\"><a class=\"clearfix\" href=\"https:\/\/transparencia.epagri.sc.gov.br\/?page_id=902\">Administra\u00e7\u00e3o, Comit\u00eas e Conselho Fiscal <\/a><\/li>\n<li class=\"first\"><a class=\"clearfix\" href=\"https:\/\/transparencia.epagri.sc.gov.br\/?page_id=898\">Compet\u00eancias<\/a><\/li>\n<li><a class=\"clearfix\" href=\"https:\/\/transparencia.epagri.sc.gov.br\/?page_id=904\"><span class=\"jsn-menutitle\">Composi\u00e7\u00e3o Acion\u00e1ria<\/span> <\/a><\/li>\n<li><a class=\" clearfix\" href=\"https:\/\/portal.doe.sea.sc.gov.br\/v2.43.00\/#\/portal\" target=\"_blank\" rel=\"noopener\"><span class=\"jsn-menutitle\">Di\u00e1rio Oficial (<em>link<\/em>)<\/span> <\/a><\/li>\n<li><a href=\"https:\/\/transparencia.epagri.sc.gov.br\/?page_id=900\">Estatuto Social<\/a><\/li>\n<li><a href=\"https:\/\/transparencia.epagri.sc.gov.br\/?page_id=896\">Estrutura Organizacional<\/a><\/li>\n<li><a href=\"https:\/\/transparencia.epagri.sc.gov.br\/?page_id=915\">Informa\u00e7\u00f5es Classificadas<\/a><\/li>\n<li><a href=\"https:\/\/transparencia.epagri.sc.gov.br\/?page_id=911\">Legisla\u00e7\u00e3o<\/a><\/li>\n<li><a href=\"https:\/\/transparencia.epagri.sc.gov.br\/?page_id=913\">Perguntas Mais Frequentes<\/a><\/li>\n<li class=\"first\"><a class=\"clearfix\" href=\"https:\/\/transparencia.epagri.sc.gov.br\/?page_id=823\"><span class=\"jsn-menutitle\">Regimento Interno<\/span><\/a><\/li>\n<\/ul>\n<\/li>\n<li class=\"parent menu-heading\"><a class=\"clearfix\"><span class=\"jsn-menutitle\">Dados Abertos<\/span> <\/a> <i class=\"fa fa-navicon\"><\/i>\n<ul class=\"jsn-submenu-level-2\">\n<li class=\"first\"><a class=\" clearfix\" href=\"http:\/\/dados.sc.gov.br\/\" target=\"_blank\" rel=\"noopener\"> <i class=\"\"><\/i> <span class=\"jsn-menutitle\">Dados Abertos SC (<em>link<\/em>)<\/span> <\/a><\/li>\n<li class=\"last\"><a class=\" clearfix\" href=\"https:\/\/www.epagri.sc.gov.br\/index.php\/e-sic\/\" target=\"_blank\" rel=\"noopener\"> <i class=\"\"><\/i> <span class=\"jsn-menutitle\">Dados Abertos e-SIC (<em>link<\/em>)<\/span><\/a><\/li>\n<\/ul>\n<\/li>\n<li><a class=\"clearfix\"> <i class=\"menu-heading \"><\/i> <span class=\"jsn-menutitle\">Governan\u00e7a<\/span> <\/a> <i class=\"fa fa-navicon\"><\/i>\n<ul class=\"jsn-submenu-level-2\">\n<li class=\"first\"><a class=\"clearfix\" href=\"https:\/\/transparencia.epagri.sc.gov.br\/?page_id=917\"> <span class=\"jsn-menutitle\">C\u00f3digo de Conduta e Integridade<\/span> <\/a><\/li>\n<li class=\"\"><a class=\"clearfix\" href=\"https:\/\/transparencia.epagri.sc.gov.br\/?page_id=919\"> <span class=\"jsn-menutitle\">Carta Anual de Governan\u00e7a Corporativa<\/span> <\/a><\/li>\n<li class=\"last\"><a class=\"clearfix\" href=\"https:\/\/transparencia.epagri.sc.gov.br\/?page_id=921\"> <span class=\"jsn-menutitle\">Atas e Comunicados<\/span> <\/a><\/li>\n<\/ul>\n<\/li>\n<li><a href=\"https:\/\/transparencia.epagri.sc.gov.br\/?page_id=7179\">Gest\u00e3o do Ensino Agrot\u00e9cnico<\/a><\/li>\n<li><a href=\"https:\/\/transparencia.epagri.sc.gov.br\/?page_id=734\">Outros Documentos Corporativos<\/a><\/li>\n<li class=\"parent menu-heading\"><a class=\"clearfix\"> <i class=\"menu-heading \"><\/i> <span class=\"jsn-menutitle\">Patrim\u00f4nio<\/span> <\/a> <i class=\"fa fa-navicon\"><\/i>\n<ul class=\"jsn-submenu-level-2\">\n<li class=\"first\"><a class=\"clearfix\" href=\"https:\/\/transparencia.epagri.sc.gov.br\/?page_id=927\"> <span class=\"jsn-menutitle\">Bens M\u00f3veis<\/span><\/a><\/li>\n<li class=\"first\"><a class=\"clearfix\" href=\"https:\/\/transparencia.epagri.sc.gov.br\/?page_id=929\"><span class=\"jsn-menutitle\">Bens Im\u00f3veis<\/span><\/a><\/li>\n<li><a href=\"https:\/\/transparencia.epagri.sc.gov.br\/?page_id=931\">Estoque e Almoxarifado<\/a><\/li>\n<li class=\"first\"><a class=\"clearfix\" href=\"https:\/\/transparencia.epagri.sc.gov.br\/?page_id=923\"><span class=\"jsn-menutitle\">Relat\u00f3rio de Aquisi\u00e7\u00f5es<\/span> <\/a><\/li>\n<li class=\"\"><a class=\"clearfix\" href=\"https:\/\/transparencia.epagri.sc.gov.br\/?page_id=925\"><span class=\"jsn-menutitle\">Cess\u00f5es, Permutas e Doa\u00e7\u00f5es de Bens<\/span><\/a><\/li>\n<\/ul>\n<\/li>\n<li class=\"parent menu-heading\"><a class=\"clearfix\"> <i class=\"menu-heading \"><\/i> <span class=\"jsn-menutitle\">Planos, Relat\u00f3rios e Indicadores<\/span> <\/a> <i class=\"fa fa-navicon\"><\/i>\n<ul class=\"jsn-submenu-level-2\">\n<li class=\"last\"><a class=\"clearfix\" href=\"https:\/\/transparencia.epagri.sc.gov.br\/?page_id=956\"><span class=\"jsn-menutitle\">Estrat\u00e9gia de Longo Prazo<\/span><\/a> (Plano Diretor)<\/li>\n<li class=\"first\"><a class=\"clearfix\" href=\"https:\/\/transparencia.epagri.sc.gov.br\/?page_id=950\"><span class=\"jsn-menutitle\">Indicadores de Gest\u00e3o<\/span> <\/a><\/li>\n<li class=\"\"><a class=\"clearfix\" href=\"https:\/\/transparencia.epagri.sc.gov.br\/?page_id=952\"> <span class=\"jsn-menutitle\">Relat\u00f3rio de Sustentabilidade<\/span> <\/a><\/li>\n<li class=\"\"><a class=\"clearfix\" href=\"https:\/\/transparencia.epagri.sc.gov.br\/?page_id=954\"> <span class=\"jsn-menutitle\">Plano de Neg\u00f3cios Anual<\/span> <\/a><\/li>\n<li class=\"last\"><a href=\"https:\/\/transparencia.epagri.sc.gov.br\/?page_id=7385\">Relat\u00f3rios de Auditoria Interna<\/a><\/li>\n<li><a href=\"https:\/\/transparencia.epagri.sc.gov.br\/?page_id=952\">Relat\u00f3rio de Gest\u00e3o e Sustentabilidade<\/a><\/li>\n<li><a href=\"https:\/\/transparencia.epagri.sc.gov.br\/?page_id=7379\">Relat\u00f3rios de Ouvidoria<\/a><\/li>\n<\/ul>\n<\/li>\n<li class=\"parent menu-heading\"><a class=\"clearfix\"> <i class=\"menu-heading \"><\/i> <span class=\"jsn-menutitle\">Pol\u00edticas<\/span> <\/a> <i class=\"fa fa-navicon\"><\/i>\n<ul class=\"jsn-submenu-level-2\">\n<li class=\"first\"><a class=\"clearfix\" href=\"https:\/\/transparencia.epagri.sc.gov.br\/?page_id=962\"> <span class=\"jsn-menutitle\">Carta Anual de Pol\u00edticas P\u00fablicas<\/span> <\/a><\/li>\n<li><a href=\"https:\/\/transparencia.epagri.sc.gov.br\/?page_id=4050\">Pol\u00edtica de Distribui\u00e7\u00e3o de Dividendos<\/a><\/li>\n<li><a href=\"https:\/\/transparencia.epagri.sc.gov.br\/?page_id=968\">Pol\u00edtica de Divulga\u00e7\u00e3o de Informa\u00e7\u00f5es<\/a><\/li>\n<li><a href=\"https:\/\/transparencia.epagri.sc.gov.br\/?page_id=7415\">Pol\u00edtica de Integridade e Anticorrup\u00e7\u00e3o<\/a><\/li>\n<li><a href=\"https:\/\/transparencia.epagri.sc.gov.br\/?page_id=966\">Pol\u00edtica de Porta-Vozes<\/a><\/li>\n<li class=\"\"><a class=\"clearfix\" href=\"https:\/\/transparencia.epagri.sc.gov.br\/?page_id=964\"> <span class=\"jsn-menutitle\">Pol\u00edtica de Transa\u00e7\u00f5es com Partes Relacionadas<\/span> <\/a><\/li>\n<\/ul>\n<\/li>\n<\/ul>\n<\/li>\n<li class=\"last\"><strong>Pesquisar<\/strong><\/li>\n<\/ul>\n","protected":false},"excerpt":{"rendered":"<p>In\u00edcio \/ Mapa do Site As informa\u00e7\u00f5es do Portal da Transpar\u00eancia da Epagri j\u00e1 se encontram sistematizadas nos menus Receita, Despesa, Responsabilidade Fiscal, Gest\u00e3o e ferramenta de pesquisa. &nbsp; &nbsp; Nesta se\u00e7\u00e3o, indicamos o mapa do site, ou seja, o que \u00e9 encontrado em cada menu da p\u00e1gina principal. Receita Principais Consultas Receitas da Empresa &#8230; <a title=\"Mapa do Site\" class=\"read-more\" href=\"https:\/\/transparencia.epagri.sc.gov.br\/?page_id=7813\" aria-label=\"More on Mapa do Site\">Ler mais<\/a><\/p>\n","protected":false},"author":1,"featured_media":0,"parent":0,"menu_order":0,"comment_status":"closed","ping_status":"closed","template":"","meta":{"_acf_changed":false,"footnotes":""},"class_list":["post-7813","page","type-page","status-publish"],"acf":[],"_links":{"self":[{"href":"https:\/\/transparencia.epagri.sc.gov.br\/index.php?rest_route=\/wp\/v2\/pages\/7813","targetHints":{"allow":["GET"]}}],"collection":[{"href":"https:\/\/transparencia.epagri.sc.gov.br\/index.php?rest_route=\/wp\/v2\/pages"}],"about":[{"href":"https:\/\/transparencia.epagri.sc.gov.br\/index.php?rest_route=\/wp\/v2\/types\/page"}],"author":[{"embeddable":true,"href":"https:\/\/transparencia.epagri.sc.gov.br\/index.php?rest_route=\/wp\/v2\/users\/1"}],"replies":[{"embeddable":true,"href":"https:\/\/transparencia.epagri.sc.gov.br\/index.php?rest_route=%2Fwp%2Fv2%2Fcomments&post=7813"}],"version-history":[{"count":10,"href":"https:\/\/transparencia.epagri.sc.gov.br\/index.php?rest_route=\/wp\/v2\/pages\/7813\/revisions"}],"predecessor-version":[{"id":7856,"href":"https:\/\/transparencia.epagri.sc.gov.br\/index.php?rest_route=\/wp\/v2\/pages\/7813\/revisions\/7856"}],"wp:attachment":[{"href":"https:\/\/transparencia.epagri.sc.gov.br\/index.php?rest_route=%2Fwp%2Fv2%2Fmedia&parent=7813"}],"curies":[{"name":"wp","href":"https:\/\/api.w.org\/{rel}","templated":true}]}}