{"id":7770,"date":"2026-04-06T15:17:24","date_gmt":"2026-04-06T18:17:24","guid":{"rendered":"https:\/\/transparencia.epagri.sc.gov.br\/?page_id=7770"},"modified":"2026-04-06T18:03:31","modified_gmt":"2026-04-06T21:03:31","slug":"despesas-com-cartoes-corporativos","status":"publish","type":"page","link":"https:\/\/transparencia.epagri.sc.gov.br\/?page_id=7770","title":{"rendered":"Despesas com Cart\u00f5es Corporativos"},"content":{"rendered":"<h6 style=\"text-align: right;\"><a role=\"link\" href=\"https:\/\/transparencia.epagri.sc.gov.br\/\">In\u00edcio<\/a> \/ Despesa \/ Empregados P\u00fablicos \/ Despesas com Cart\u00f5es Corporativos<\/h6>\n<p>O <strong>regime de adiantamento<\/strong> consiste na disponibiliza\u00e7\u00e3o de valores a empregados p\u00fablicos da Epagri com a finalidade de realizar despesas com as seguintes caracter\u00edsticas, cumulativamente: extraordin\u00e1rias, urgentes e inadi\u00e1veis, de pequeno vulto (limitadas ao valor de <strong>R$ 1.760,00<\/strong>) e de pronto pagamento,\u00a0conforme os arts. 68 e 69 da <a href=\"https:\/\/www.planalto.gov.br\/ccivil_03\/leis\/L4320compilado.htm\">Lei federal n\u00ba 4.320, de 1964<\/a>, <a href=\"https:\/\/leis.alesc.sc.gov.br\/ato-normativo\/51806\/compilado\">Decreto estadual n\u00ba 640, de 2024<\/a>, e <a href=\"https:\/\/leis.alesc.sc.gov.br\/ato-normativo\/34493\">Portaria SEF n\u00ba 312, de 2024<\/a>.<\/p>\n<p>O <strong>Cart\u00e3o de Pagamento do Estado de Santa Catarina (CPESC)\u00a0<\/strong>\u00e9 o instrumento de pagamento para realizar as despesas em regime de adiantamento. Funciona como um cart\u00e3o do Banco do Brasil no qual o empregado p\u00fablico recebe um cr\u00e9dito e, posteriormente, presta contas dos valores utilizados, conforme as transa\u00e7\u00f5es realizadas. A presta\u00e7\u00e3o de contas \u00e9 analisada pelo Departamento Estadual de Gest\u00e3o Econon\u00f4mico-Financeira (DEGEF) e, na sequ\u00eancia, pelo Controle Interno e Ouvidoria.<\/p>\n<p>Para consultar as despesas realizadas na Epagri com o <strong>CPESC<\/strong>, incluindo os empregados que receberam os adiantamentos, as unidades de lota\u00e7\u00e3o, os valores e empresas contratadas, consulte o Portal da Transpar\u00eancia do Poder Executivo do Estado <a href=\"https:\/\/www.transparencia.sc.gov.br\/cpesc\"><strong>neste <em>link<\/em><\/strong><\/a>.<\/p>\n","protected":false},"excerpt":{"rendered":"<p>In\u00edcio \/ Despesa \/ Empregados P\u00fablicos \/ Despesas com Cart\u00f5es Corporativos O regime de adiantamento consiste na disponibiliza\u00e7\u00e3o de valores a empregados p\u00fablicos da Epagri com a finalidade de realizar despesas com as seguintes caracter\u00edsticas, cumulativamente: extraordin\u00e1rias, urgentes e inadi\u00e1veis, de pequeno vulto (limitadas ao valor de R$ 1.760,00) e de pronto pagamento,\u00a0conforme os arts. &#8230; <a title=\"Despesas com Cart\u00f5es Corporativos\" class=\"read-more\" href=\"https:\/\/transparencia.epagri.sc.gov.br\/?page_id=7770\" aria-label=\"More on Despesas com Cart\u00f5es Corporativos\">Ler mais<\/a><\/p>\n","protected":false},"author":1,"featured_media":0,"parent":16,"menu_order":0,"comment_status":"closed","ping_status":"closed","template":"","meta":{"_acf_changed":false,"footnotes":""},"class_list":["post-7770","page","type-page","status-publish"],"acf":[],"_links":{"self":[{"href":"https:\/\/transparencia.epagri.sc.gov.br\/index.php?rest_route=\/wp\/v2\/pages\/7770","targetHints":{"allow":["GET"]}}],"collection":[{"href":"https:\/\/transparencia.epagri.sc.gov.br\/index.php?rest_route=\/wp\/v2\/pages"}],"about":[{"href":"https:\/\/transparencia.epagri.sc.gov.br\/index.php?rest_route=\/wp\/v2\/types\/page"}],"author":[{"embeddable":true,"href":"https:\/\/transparencia.epagri.sc.gov.br\/index.php?rest_route=\/wp\/v2\/users\/1"}],"replies":[{"embeddable":true,"href":"https:\/\/transparencia.epagri.sc.gov.br\/index.php?rest_route=%2Fwp%2Fv2%2Fcomments&post=7770"}],"version-history":[{"count":4,"href":"https:\/\/transparencia.epagri.sc.gov.br\/index.php?rest_route=\/wp\/v2\/pages\/7770\/revisions"}],"predecessor-version":[{"id":7803,"href":"https:\/\/transparencia.epagri.sc.gov.br\/index.php?rest_route=\/wp\/v2\/pages\/7770\/revisions\/7803"}],"up":[{"embeddable":true,"href":"https:\/\/transparencia.epagri.sc.gov.br\/index.php?rest_route=\/wp\/v2\/pages\/16"}],"wp:attachment":[{"href":"https:\/\/transparencia.epagri.sc.gov.br\/index.php?rest_route=%2Fwp%2Fv2%2Fmedia&parent=7770"}],"curies":[{"name":"wp","href":"https:\/\/api.w.org\/{rel}","templated":true}]}}