{"id":7391,"date":"2026-03-30T15:53:43","date_gmt":"2026-03-30T18:53:43","guid":{"rendered":"https:\/\/transparencia.epagri.sc.gov.br\/?page_id=7391"},"modified":"2026-03-31T11:46:16","modified_gmt":"2026-03-31T14:46:16","slug":"acordos-coletivos-de-trabalho-acts","status":"publish","type":"page","link":"https:\/\/transparencia.epagri.sc.gov.br\/?page_id=7391","title":{"rendered":"Acordos Coletivos de Trabalho (ACTs)"},"content":{"rendered":"<h6 style=\"text-align: right;\"><a href=\"https:\/\/transparencia.epagri.sc.gov.br\/\">In\u00edcio<\/a> \/ Despesa \/ Empregados P\u00fablicos \/ Acordos Coletivos de Trabalho (ACTs)<\/h6>\n<p>Os <strong>empregados p\u00fablicos<\/strong> da Epagri est\u00e3o sujeitos ao regime jur\u00eddico da <strong>Consolida\u00e7\u00e3o das Leis do Trabalho (CLT)<\/strong>, aprovada pelo <a href=\"https:\/\/www.planalto.gov.br\/ccivil_03\/decreto-lei\/Del5452compilado.htm\">Decreto-Lei n\u00ba 5.452, de 1\u00ba de maio de 1943<\/a>, \u00e0 legisla\u00e7\u00e3o trabalhista complementar, aos regulamentos internos da empresa e \u00e0s normas do Grupo Gestor de Governo (GGG). N\u00e3o s\u00e3o servidores p\u00fablicos estatut\u00e1rios e n\u00e3o est\u00e3o sujeitos ao regime jur\u00eddico da <a href=\"https:\/\/leis.alesc.sc.gov.br\/ato-normativo\/7963\/compilado\">Lei estadual n\u00ba 6.745, de 1985<\/a>.<\/p>\n<p>Os empregados p\u00fablicos da Epagri tamb\u00e9m est\u00e3o sujeitos aos <strong>Acordos Coletivos de Trabalho (ACTs)<\/strong> assinados entre a Epagri e os <strong>sindicados das categorias profissionais<\/strong>. Os ACTs s\u00e3o aprovados pelo GGG e estipulam condi\u00e7\u00f5es e regras espec\u00edficas de trabalho, aplic\u00e1veis no \u00e2mbito da Epagri, na forma dos <a href=\"https:\/\/www.planalto.gov.br\/ccivil_03\/decreto-lei\/Del5452compilado.htm#art611\">arts. 611 e seguintes da CLT<\/a>.<\/p>\n<p>Nesta se\u00e7\u00e3o, constam orienta\u00e7\u00f5es de como acessar os acordos coletivos de trabalho (ACTs) envolvendo a Epagri nas fontes oficiais do Minist\u00e9rio do Trabalho e Emprego (MTE), em cumprimento \u00e0 transpar\u00eancia determinada nas leis de diretrizes or\u00e7ament\u00e1rias.<\/p>\n","protected":false},"excerpt":{"rendered":"<p>In\u00edcio \/ Despesa \/ Empregados P\u00fablicos \/ Acordos Coletivos de Trabalho (ACTs) Os empregados p\u00fablicos da Epagri est\u00e3o sujeitos ao regime jur\u00eddico da Consolida\u00e7\u00e3o das Leis do Trabalho (CLT), aprovada pelo Decreto-Lei n\u00ba 5.452, de 1\u00ba de maio de 1943, \u00e0 legisla\u00e7\u00e3o trabalhista complementar, aos regulamentos internos da empresa e \u00e0s normas do Grupo Gestor &#8230; <a title=\"Acordos Coletivos de Trabalho (ACTs)\" class=\"read-more\" href=\"https:\/\/transparencia.epagri.sc.gov.br\/?page_id=7391\" aria-label=\"More on Acordos Coletivos de Trabalho (ACTs)\">Ler mais<\/a><\/p>\n","protected":false},"author":1,"featured_media":0,"parent":0,"menu_order":0,"comment_status":"closed","ping_status":"closed","template":"","meta":{"_acf_changed":false,"footnotes":""},"class_list":["post-7391","page","type-page","status-publish"],"acf":[],"_links":{"self":[{"href":"https:\/\/transparencia.epagri.sc.gov.br\/index.php?rest_route=\/wp\/v2\/pages\/7391","targetHints":{"allow":["GET"]}}],"collection":[{"href":"https:\/\/transparencia.epagri.sc.gov.br\/index.php?rest_route=\/wp\/v2\/pages"}],"about":[{"href":"https:\/\/transparencia.epagri.sc.gov.br\/index.php?rest_route=\/wp\/v2\/types\/page"}],"author":[{"embeddable":true,"href":"https:\/\/transparencia.epagri.sc.gov.br\/index.php?rest_route=\/wp\/v2\/users\/1"}],"replies":[{"embeddable":true,"href":"https:\/\/transparencia.epagri.sc.gov.br\/index.php?rest_route=%2Fwp%2Fv2%2Fcomments&post=7391"}],"version-history":[{"count":5,"href":"https:\/\/transparencia.epagri.sc.gov.br\/index.php?rest_route=\/wp\/v2\/pages\/7391\/revisions"}],"predecessor-version":[{"id":7580,"href":"https:\/\/transparencia.epagri.sc.gov.br\/index.php?rest_route=\/wp\/v2\/pages\/7391\/revisions\/7580"}],"wp:attachment":[{"href":"https:\/\/transparencia.epagri.sc.gov.br\/index.php?rest_route=%2Fwp%2Fv2%2Fmedia&parent=7391"}],"curies":[{"name":"wp","href":"https:\/\/api.w.org\/{rel}","templated":true}]}}