{"id":7385,"date":"2026-03-30T15:50:21","date_gmt":"2026-03-30T18:50:21","guid":{"rendered":"https:\/\/transparencia.epagri.sc.gov.br\/?page_id=7385"},"modified":"2026-05-06T17:52:54","modified_gmt":"2026-05-06T20:52:54","slug":"relatorios-de-auditoria-interna","status":"publish","type":"page","link":"https:\/\/transparencia.epagri.sc.gov.br\/?page_id=7385","title":{"rendered":"Relat\u00f3rios de Auditoria Interna"},"content":{"rendered":"<h6 style=\"text-align: right;\"><a role=\"link\" href=\"https:\/\/transparencia.epagri.sc.gov.br\/\">In\u00edcio<\/a> \/ Gest\u00e3o \/ Planos, Relat\u00f3rios e Indicadores \/ Relat\u00f3rios de Auditoria Interna<\/h6>\n<p>Nesta se\u00e7\u00e3o, disponibilizamos os <strong>Relat\u00f3rios Anuais das Atividades de Auditoria Interna (RAINT)<\/strong> da Auditoria Interna da Epagri, bem como os Planos Anuais de Auditoria Interna (PAINT).<\/p>\n<p>A <strong>Auditoria Interna<\/strong> \u00e9 a unidade da empresa que exerce atividade independente e objetiva de avalia\u00e7\u00e3o e de consultoria, destinada a acrescentar valor e a melhorar as opera\u00e7\u00f5es da empresa, por meio de uma abordagem sistem\u00e1tica e disciplinada para avaliar e melhorar a efic\u00e1cia dos processos de gerenciamento de riscos, de controles internos, de integridade, de governan\u00e7a e da confiabilidade dos processos de preparo das demonstra\u00e7\u00f5es financeiras.<\/p>\n<p>A Epagri, por se tratar de <strong>empresa estatal de menor porte<\/strong> \u2013 por apresentar, no exerc\u00edcio social anterior, receita operacional bruta inferior a <strong>R$ 90.000.000,00<\/strong> \u2013 est\u00e1\u00a0<strong>dispensada de possuir\u00a0<\/strong>em sua estrutura o\u00a0<strong>Comit\u00ea de Auditoria Estatut\u00e1rio<\/strong>, conforme art. 1\u00ba, \u00a7\u00a7 1\u00ba e 3\u00ba, da\u00a0<a role=\"link\" href=\"https:\/\/www.planalto.gov.br\/ccivil_03\/_ato2015-2018\/2016\/lei\/l13303.htm\">Lei federal n\u00ba 13.303, de 2016<\/a>\u00a0(Lei das Estatais), e\u00a0<a role=\"link\" href=\"https:\/\/leisestaduais.com.br\/sc\/decreto-n-1007-2016-santa-catarina-fixa-as-diretrizes-para-a-promocao-das-adaptacoes-necessarias-a-adequacao-das-empresas-publicas-e-sociedades-de-economia-mista-e-suas-subsidiarias-do-estado-de-santa-catarina-ao-disposto-na-lei-federal-n-13303-de-2016-e-no-decreto-n-1-007-de-2016-e-estabelece-outras-providencias\">Decreto estadual n\u00ba 1.007, de 2016<\/a>, possuindo apenas uma Auditoria Interna. Assim sendo, n\u00e3o h\u00e1 relat\u00f3rios de Comit\u00ea de Auditoria Estatut\u00e1rio a serem publicados nesta se\u00e7\u00e3o.<\/p>\n<ul>\n<li><a role=\"link\" href=\"https:\/\/transparencia.epagri.sc.gov.br\/wp-content\/uploads\/2021\/06\/Plano-Anual-de-Auditoria-Interna-2021.pdf\" target=\"_blank\" rel=\"noopener\">Plano Anual de Auditoria Interna \u2013 2021<\/a><br \/>\n<a role=\"link\" href=\"https:\/\/transparencia.epagri.sc.gov.br\/wp-content\/uploads\/2022\/05\/PAINT_2022.pdf\" rel=\"noopener\">Plano Anual de Auditoria Interna \u2013 2022<\/a><\/li>\n<li><a role=\"link\" href=\"https:\/\/transparencia.epagri.sc.gov.br\/wp-content\/uploads\/2023\/02\/PAINT_2023.pdf\">Plano Anual de Auditoria Interna \u2013 2023<\/a><\/li>\n<li><a role=\"link\" href=\"https:\/\/transparencia.epagri.sc.gov.br\/wp-content\/uploads\/2025\/08\/Plano-Anual-de-Auditoria-Interna-%E2%80%93-2024.pdf\">Plano Anual de Auditoria Interna \u2013 2024<\/a><\/li>\n<li><a role=\"link\" href=\"https:\/\/transparencia.epagri.sc.gov.br\/wp-content\/uploads\/2025\/08\/Plano-Anual-de-Auditoria-Interna-%E2%80%93-2025.pdf\">Plano Anual de Auditoria Interna \u2013 2025<\/a><\/li>\n<li><a href=\"https:\/\/transparencia.epagri.sc.gov.br\/wp-content\/uploads\/2021\/06\/Relatorio-Anual-Atividades-Auditoria-Interna-2018-RAINT.pdf\">Relat\u00f3rio Anual das Atividades de Auditoria Interna \u2013 2018<\/a><\/li>\n<li><a href=\"https:\/\/transparencia.epagri.sc.gov.br\/wp-content\/uploads\/2021\/06\/Relatorio-Controle-Interno-2019.pdf\">Relat\u00f3rio Anual das Atividades de Auditoria Interna \u2013 2019<\/a><\/li>\n<li><a role=\"link\" href=\"https:\/\/transparencia.epagri.sc.gov.br\/wp-content\/uploads\/2021\/06\/Relatorio-de-Atividades-de-Auditoria-Interna-2020.pdf\" target=\"_blank\" rel=\"noopener\">Relat\u00f3rio Anual das Atividades de Auditoria Interna \u2013 2020<\/a><\/li>\n<li><a role=\"link\" href=\"https:\/\/transparencia.epagri.sc.gov.br\/wp-content\/uploads\/2022\/05\/Relatorio_Anual_Atividades_2021_Auditoria_interna.pdf\" target=\"_blank\" rel=\"noopener\">Relat\u00f3rio Anual das Atividades de Auditoria Interna \u2013 2021<\/a><\/li>\n<li><a role=\"link\" href=\"https:\/\/transparencia.epagri.sc.gov.br\/wp-content\/uploads\/2023\/03\/RAINT_2022.pdf\">Relat\u00f3rio Anual das Atividades de Auditoria Interna \u2013 2022<\/a><\/li>\n<li><a role=\"link\" href=\"https:\/\/transparencia.epagri.sc.gov.br\/wp-content\/uploads\/2021\/06\/Estatuto_de_auditoria_interna-2018.pdf\" target=\"_blank\" rel=\"noopener\">Estatuto de Auditoria Interna \u2013 2018<\/a><\/li>\n<\/ul>\n","protected":false},"excerpt":{"rendered":"<p>In\u00edcio \/ Gest\u00e3o \/ Planos, Relat\u00f3rios e Indicadores \/ Relat\u00f3rios de Auditoria Interna Nesta se\u00e7\u00e3o, disponibilizamos os Relat\u00f3rios Anuais das Atividades de Auditoria Interna (RAINT) da Auditoria Interna da Epagri, bem como os Planos Anuais de Auditoria Interna (PAINT). A Auditoria Interna \u00e9 a unidade da empresa que exerce atividade independente e objetiva de avalia\u00e7\u00e3o &#8230; <a title=\"Relat\u00f3rios de Auditoria Interna\" class=\"read-more\" href=\"https:\/\/transparencia.epagri.sc.gov.br\/?page_id=7385\" aria-label=\"More on Relat\u00f3rios de Auditoria Interna\">Ler mais<\/a><\/p>\n","protected":false},"author":1,"featured_media":0,"parent":2,"menu_order":0,"comment_status":"closed","ping_status":"closed","template":"","meta":{"_acf_changed":false,"footnotes":""},"class_list":["post-7385","page","type-page","status-publish"],"acf":[],"_links":{"self":[{"href":"https:\/\/transparencia.epagri.sc.gov.br\/index.php?rest_route=\/wp\/v2\/pages\/7385","targetHints":{"allow":["GET"]}}],"collection":[{"href":"https:\/\/transparencia.epagri.sc.gov.br\/index.php?rest_route=\/wp\/v2\/pages"}],"about":[{"href":"https:\/\/transparencia.epagri.sc.gov.br\/index.php?rest_route=\/wp\/v2\/types\/page"}],"author":[{"embeddable":true,"href":"https:\/\/transparencia.epagri.sc.gov.br\/index.php?rest_route=\/wp\/v2\/users\/1"}],"replies":[{"embeddable":true,"href":"https:\/\/transparencia.epagri.sc.gov.br\/index.php?rest_route=%2Fwp%2Fv2%2Fcomments&post=7385"}],"version-history":[{"count":4,"href":"https:\/\/transparencia.epagri.sc.gov.br\/index.php?rest_route=\/wp\/v2\/pages\/7385\/revisions"}],"predecessor-version":[{"id":8084,"href":"https:\/\/transparencia.epagri.sc.gov.br\/index.php?rest_route=\/wp\/v2\/pages\/7385\/revisions\/8084"}],"up":[{"embeddable":true,"href":"https:\/\/transparencia.epagri.sc.gov.br\/index.php?rest_route=\/wp\/v2\/pages\/2"}],"wp:attachment":[{"href":"https:\/\/transparencia.epagri.sc.gov.br\/index.php?rest_route=%2Fwp%2Fv2%2Fmedia&parent=7385"}],"curies":[{"name":"wp","href":"https:\/\/api.w.org\/{rel}","templated":true}]}}