{"id":7379,"date":"2026-03-30T15:48:16","date_gmt":"2026-03-30T18:48:16","guid":{"rendered":"https:\/\/transparencia.epagri.sc.gov.br\/?page_id=7379"},"modified":"2026-04-08T09:53:37","modified_gmt":"2026-04-08T12:53:37","slug":"relatorios-de-ouvidoria","status":"publish","type":"page","link":"https:\/\/transparencia.epagri.sc.gov.br\/?page_id=7379","title":{"rendered":"Relat\u00f3rios de Ouvidoria"},"content":{"rendered":"<h6 style=\"text-align: right;\"><a href=\"https:\/\/transparencia.epagri.sc.gov.br\/\">In\u00edcio<\/a> \/ Gest\u00e3o \/ Planos, Relat\u00f3rios e Indicadores \/ Relat\u00f3rios de Ouvidoria<\/h6>\n<p>A <strong>Ouvidoria<\/strong> da Epagri \u00e9 um espa\u00e7o de participa\u00e7\u00e3o e controle social, aberto para a sociedade. \u00c9 um canal exclusivo de atendimento presencial, telef\u00f4nico, postal e eletr\u00f4nico, que recebe e responde a manifesta\u00e7\u00f5es como sugest\u00f5es, elogios, solicita\u00e7\u00f5es, reclama\u00e7\u00f5es, den\u00fancias e pedidos de acesso \u00e0 informa\u00e7\u00e3o. A partir das informa\u00e7\u00f5es trazidas pelos cidad\u00e3os, a Ouvidoria pode identificar melhorias, propor mudan\u00e7as, assim como apontar situa\u00e7\u00f5es irregulares.<\/p>\n<p>Ela tamb\u00e9m funciona como um<strong> canal de den\u00fancias<\/strong>. \u00c9 uma forma de comunica\u00e7\u00e3o segura e, se desejada, an\u00f4nima, de condutas consideradas anti\u00e9ticas e\/ou que violem a legisla\u00e7\u00e3o vigente. As informa\u00e7\u00f5es aqui registradas ser\u00e3o recebidas por meio da Ouvidoria-Geral do Estado, assegurado o sigilo absoluto e o tratamento adequado para cada situa\u00e7\u00e3o.<\/p>\n<p>Os <strong>Relat\u00f3rios de Gest\u00e3o de Ouvidoria<\/strong> s\u00e3o documentos elaborados anualmente pelo Controle Interno e Ouvidoria da Epagri que indicam: I &#8211; o n\u00famero de <strong>manifesta\u00e7\u00f5es (reclama\u00e7\u00f5es, den\u00fancias, sugest\u00f5es, elogios e solicita\u00e7\u00f5es)<\/strong> recebidas no ano anterior; II &#8211; os motivos das manifesta\u00e7\u00f5es;\u00a0III &#8211; a an\u00e1lise dos pontos recorrentes; e\u00a0IV &#8211; as provid\u00eancias adotadas pela Epagri nas solu\u00e7\u00f5es apresentadas, entre outras a\u00e7\u00f5es e informa\u00e7\u00f5es, conforme a <a href=\"https:\/\/www.planalto.gov.br\/ccivil_03\/_ato2015-2018\/2017\/lei\/l13460.htm\">Lei federal n\u00ba 13.460, de 2017<\/a> (Lei de Defesa dos Usu\u00e1rios dos Servi\u00e7os P\u00fablicos).<\/p>\n<p>Nesses relat\u00f3rios, tamb\u00e9m disponibilizamos<strong> relat\u00f3rio estat\u00edstico<\/strong> contendo a quantidade de <strong>pedidos de acesso \u00e0 informa\u00e7\u00e3o<\/strong> recebidos, atendidos e indeferidos, bem como informa\u00e7\u00f5es gen\u00e9ricas sobre os solicitantes, de acordo com a <a href=\"https:\/\/www.planalto.gov.br\/ccivil_03\/_ato2011-2014\/2011\/lei\/l12527.htm\">Lei federal n\u00ba 12.527, de 2011<\/a> (Lei de Acesso \u00e0 Informa\u00e7\u00e3o &#8211; LAI).<\/p>\n<p>A partir de 2024, a Epagri implementou a <strong>pesquisa de satisfa\u00e7\u00e3o dos usu\u00e1rios<\/strong>. Os resultados das pesquisas constam nos Relat\u00f3rios da Ouvidoria.<\/p>\n<p>Disponibilizamos, ainda, <strong>Relat\u00f3rios Trimestrais de Ouvidoria<\/strong> e um painel para acesso \u00e0s informa\u00e7\u00f5es sobre as manifesta\u00e7\u00f5es de Ouvidoria e os pedidos de acesso \u00e0 informa\u00e7\u00e3o.<\/p>\n<p><strong>Relat\u00f3rios de Gest\u00e3o de Ouvidoria (anuais)<\/strong><\/p>\n<ul>\n<li><a href=\"https:\/\/transparencia.epagri.sc.gov.br\/wp-content\/uploads\/2024\/04\/Relatorio-Atividades-Ouvidoria-2021-Assinado.pdf\">Relat\u00f3rio de Gest\u00e3o de Ouvidoria &#8211; 2021<\/a><\/li>\n<li><a href=\"https:\/\/transparencia.epagri.sc.gov.br\/wp-content\/uploads\/2023\/03\/Relatorio-Ouvidoria-2022-Autenticado.pdf\" target=\"_blank\" rel=\"noopener\">Relat\u00f3rio de Gest\u00e3o de Ouvidoria &#8211; 2022<\/a><\/li>\n<li><a href=\"https:\/\/transparencia.epagri.sc.gov.br\/wp-content\/uploads\/2024\/01\/Relatorio-de-Gestao-de-Ouvidoria-2023.pdf\">Relat\u00f3rio de Gest\u00e3o de Ouvidoria &#8211; 2023<\/a><\/li>\n<li><a href=\"https:\/\/transparencia.epagri.sc.gov.br\/wp-content\/uploads\/2025\/01\/Relatorio-de-Gestao-de-Ouvidoria-2024.pdf\">Relat\u00f3rio de Gest\u00e3o de Ouvidoria &#8211; 2024<\/a><\/li>\n<li><a href=\"https:\/\/transparencia.epagri.sc.gov.br\/wp-content\/uploads\/2026\/02\/Relatorio-de-Gestao-de-Ouvidoria-\u2013-2025.pdf\">Relat\u00f3rio de Gest\u00e3o de Ouvidoria &#8211; 2025<\/a><\/li>\n<\/ul>\n<p><strong>Relat\u00f3rios Trimestrais de Ouvidoria<\/strong><\/p>\n<ul>\n<li><a href=\"https:\/\/transparencia.epagri.sc.gov.br\/wp-content\/uploads\/2024\/07\/Relatorio-Trimestral-de-Ouvidoria-1o-Trimestre-jan.-mar.-de-2024.pdf\">Relat\u00f3rio Trimestral de Ouvidoria &#8211; 1\u00ba trimestre de 2024 (jan.\/mar.)<\/a><\/li>\n<li><a href=\"https:\/\/transparencia.epagri.sc.gov.br\/wp-content\/uploads\/2024\/07\/Relatorio-Trimestral-de-Ouvidoria-2o-Trimestre-abr.-jun.-de-2024-1.pdf\">Relat\u00f3rio Trimestral de Ouvidoria &#8211; 2\u00ba trimestre de 2024 (abr.\/jun.)<\/a><\/li>\n<li><a href=\"https:\/\/transparencia.epagri.sc.gov.br\/wp-content\/uploads\/2024\/11\/Relatorio-Trimestral-de-Ouvidoria-3o-Trimestre-de-2024-Assinado.pdf\">Relat\u00f3rio Trimestral de Ouvidoria &#8211; 3\u00ba trimestre de 2024 (jul.\/set.)<\/a><\/li>\n<li><a href=\"https:\/\/transparencia.epagri.sc.gov.br\/wp-content\/uploads\/2025\/01\/Relatorio-Trimestral-de-Ouvidoria.pdf\">Relat\u00f3rio Trimestral de Ouvidoria &#8211; 4\u00ba trimestre de 2024 (out.\/dez.)<\/a><\/li>\n<li><a href=\"https:\/\/transparencia.epagri.sc.gov.br\/wp-content\/uploads\/2025\/05\/Relatorio-Trimestral-de-Ouvidoria-\u2013-1o-trimestre-de-2025-jan.mar_.pdf\">Relat\u00f3rio Trimestral de Ouvidoria &#8211; 1\u00ba trimestre de 2025 (jan.\/mar.)<\/a><\/li>\n<li><a href=\"https:\/\/transparencia.epagri.sc.gov.br\/wp-content\/uploads\/2025\/08\/Relatorio-Trimestral-de-Ouvidoria-2o-Trimestre-abr.-jun.-de-2025-Assinado.pdf\">Relat\u00f3rio Trimestral de Ouvidoria &#8211; 2\u00ba trimestre de 2025 (abr.\/jun.)<\/a><\/li>\n<li><a href=\"https:\/\/transparencia.epagri.sc.gov.br\/wp-content\/uploads\/2025\/11\/Relatorio-Trimestral-de-Ouvidoria-3o-Trimestre-jul.-set.-de-2025.pdf\">Relat\u00f3rio Trimestral de Ouvidoria &#8211; 3\u00ba trimestre de 2025 (jul.\/set.)<\/a><\/li>\n<\/ul>\n<p><strong>Pain\u00e9is din\u00e2micos de manifesta\u00e7\u00f5es e pedidos de acesso a informa\u00e7\u00f5es (atualizado em tempo real)<\/strong><\/p>\n<ul>\n<li><a href=\"https:\/\/lookerstudio.google.com\/reporting\/b25a9578-c946-4c11-b927-d98183991e94\">Pain\u00e9is din\u00e2micos de acompanhamento das manifesta\u00e7\u00f5es e pedidos de acesso a informa\u00e7\u00f5es<\/a><\/li>\n<\/ul>\n<p>Para saber mais sobre a Ouvidoria da Epagri, acesse <a href=\"https:\/\/www.epagri.sc.gov.br\/ouvidoria\/\">este <em>link<\/em><\/a>.<\/p>\n","protected":false},"excerpt":{"rendered":"<p>In\u00edcio \/ Gest\u00e3o \/ Planos, Relat\u00f3rios e Indicadores \/ Relat\u00f3rios de Ouvidoria A Ouvidoria da Epagri \u00e9 um espa\u00e7o de participa\u00e7\u00e3o e controle social, aberto para a sociedade. \u00c9 um canal exclusivo de atendimento presencial, telef\u00f4nico, postal e eletr\u00f4nico, que recebe e responde a manifesta\u00e7\u00f5es como sugest\u00f5es, elogios, solicita\u00e7\u00f5es, reclama\u00e7\u00f5es, den\u00fancias e pedidos de acesso &#8230; <a title=\"Relat\u00f3rios de Ouvidoria\" class=\"read-more\" href=\"https:\/\/transparencia.epagri.sc.gov.br\/?page_id=7379\" aria-label=\"More on Relat\u00f3rios de Ouvidoria\">Ler mais<\/a><\/p>\n","protected":false},"author":1,"featured_media":0,"parent":0,"menu_order":1,"comment_status":"closed","ping_status":"closed","template":"","meta":{"_acf_changed":false,"footnotes":""},"class_list":["post-7379","page","type-page","status-publish"],"acf":[],"_links":{"self":[{"href":"https:\/\/transparencia.epagri.sc.gov.br\/index.php?rest_route=\/wp\/v2\/pages\/7379","targetHints":{"allow":["GET"]}}],"collection":[{"href":"https:\/\/transparencia.epagri.sc.gov.br\/index.php?rest_route=\/wp\/v2\/pages"}],"about":[{"href":"https:\/\/transparencia.epagri.sc.gov.br\/index.php?rest_route=\/wp\/v2\/types\/page"}],"author":[{"embeddable":true,"href":"https:\/\/transparencia.epagri.sc.gov.br\/index.php?rest_route=\/wp\/v2\/users\/1"}],"replies":[{"embeddable":true,"href":"https:\/\/transparencia.epagri.sc.gov.br\/index.php?rest_route=%2Fwp%2Fv2%2Fcomments&post=7379"}],"version-history":[{"count":6,"href":"https:\/\/transparencia.epagri.sc.gov.br\/index.php?rest_route=\/wp\/v2\/pages\/7379\/revisions"}],"predecessor-version":[{"id":7872,"href":"https:\/\/transparencia.epagri.sc.gov.br\/index.php?rest_route=\/wp\/v2\/pages\/7379\/revisions\/7872"}],"wp:attachment":[{"href":"https:\/\/transparencia.epagri.sc.gov.br\/index.php?rest_route=%2Fwp%2Fv2%2Fmedia&parent=7379"}],"curies":[{"name":"wp","href":"https:\/\/api.w.org\/{rel}","templated":true}]}}