{"id":734,"date":"2021-02-08T15:54:49","date_gmt":"2021-02-08T18:54:49","guid":{"rendered":"https:\/\/transparencia.epagri.sc.gov.br\/?page_id=734"},"modified":"2026-04-15T09:14:01","modified_gmt":"2026-04-15T12:14:01","slug":"outros-documentos-corporativos","status":"publish","type":"page","link":"https:\/\/transparencia.epagri.sc.gov.br\/?page_id=734","title":{"rendered":"Outros Documentos Corporativos"},"content":{"rendered":"<h6 style=\"text-align: right;\"><a href=\"https:\/\/transparencia.epagri.sc.gov.br\/\">In\u00edcio<\/a> \/ Gest\u00e3o \/ Outros Documentos Corporativos<\/h6>\n<p><strong>Divulga\u00e7\u00e3o da Remunera\u00e7\u00e3o dos Administradores<\/strong><\/p>\n<ul>\n<li><a href=\"https:\/\/transparencia.epagri.sc.gov.br\/wp-content\/uploads\/2025\/06\/Remunracao-dos-Administradores-2024.pdf\">Remunera\u00e7\u00e3o dos Administradores &#8211; 2024<\/a><\/li>\n<li><a href=\"https:\/\/transparencia.epagri.sc.gov.br\/wp-content\/uploads\/2023\/12\/Remuneracao-dos-Administradores-2023.pdf\">Remunera\u00e7\u00e3o dos Administradores &#8211; 2023<\/a><\/li>\n<li><a href=\"https:\/\/transparencia.epagri.sc.gov.br\/wp-content\/uploads\/2023\/07\/REmuneracao-2022.pdf\" target=\"_blank\" rel=\"noopener\">Remunera\u00e7\u00e3o dos Administradores &#8211; 2022<\/a><\/li>\n<li><a href=\"https:\/\/transparencia.epagri.sc.gov.br\/wp-content\/uploads\/2023\/07\/Remuneracao-2021.pdf\" target=\"_blank\" rel=\"noopener\">Remunera\u00e7\u00e3o dos Administradores &#8211; 2021<\/a><\/li>\n<li><a href=\"https:\/\/transparencia.epagri.sc.gov.br\/wp-content\/uploads\/2021\/06\/Remuneracao-Anual-dos-Gestores-2020.pdf\" target=\"_blank\" rel=\"noopener\">Remunera\u00e7\u00e3o dos Administradores &#8211; 2020<\/a><\/li>\n<li><a href=\"https:\/\/transparencia.epagri.sc.gov.br\/wp-content\/uploads\/2021\/06\/Remuneracao-dos-Administradores-2020-ref2019.pdf\" target=\"_blank\" rel=\"noopener\">Remunera\u00e7\u00e3o dos Administradores &#8211; 2020 &#8211; ref.2019<\/a><\/li>\n<li><a href=\"https:\/\/transparencia.epagri.sc.gov.br\/wp-content\/uploads\/2021\/06\/Remuneracao-da-administracao-e-Conselho-Fiscal-ano-de-2018.pdf\" target=\"_blank\" rel=\"noopener\">Remunera\u00e7\u00e3o dos Administradores &#8211; 2018<\/a><\/li>\n<\/ul>\n<hr \/>\n<p>&nbsp;<\/p>\n<p><strong>Boas Pr\u00e1ticas de Controle Interno, Gest\u00e3o de Riscos e <em>Compliance<\/em><\/strong><\/p>\n<ul>\n<li><a href=\"https:\/\/transparencia.epagri.sc.gov.br\/wp-content\/uploads\/2021\/06\/Boas_praticas_de_controle_interno_gerenciamento_de_risco_e_compliance.pdf\" target=\"_blank\" rel=\"noopener\">Boas pr\u00e1ticas de controle interno, gerenciamento de risco e <em>compliance<\/em><\/a><\/li>\n<li><a href=\"https:\/\/www.epagri.sc.gov.br\/compliance\/\">Programa de Integridade e <em>Compliance<\/em> da Epagri<\/a><\/li>\n<\/ul>\n<hr \/>\n<p><a name=\"relatorioOuvidoria\"><\/a><br \/>\n<strong>Relat\u00f3rios de Ouvidoria, relat\u00f3rios estat\u00edsticos sobre pedidos de acesso \u00e0 informa\u00e7\u00e3o e resultados das pesquisas de satisfa\u00e7\u00e3o dos usu\u00e1rios da Epagri (acesse <a href=\"https:\/\/transparencia.epagri.sc.gov.br\/?page_id=7379\">este <em>link<\/em><\/a>)<\/strong><\/p>\n<hr \/>\n<p><strong>Carta de Servi\u00e7os ao Usu\u00e1rio<\/strong><\/p>\n<p>A <strong>Carta de Servi\u00e7os ao Usu\u00e1rio<\/strong> ou <strong>Carta Estadual de Servi\u00e7os ao Cidad\u00e3o<\/strong> prevista na <a href=\"https:\/\/www.planalto.gov.br\/ccivil_03\/_ato2015-2018\/2017\/lei\/l13460.htm\">Lei federal n\u00ba 13.460, de 2017<\/a>, e na <a href=\"https:\/\/leis.alesc.sc.gov.br\/html\/2011\/15435_2011_lei.html\">Lei estadual n\u00ba 15.435, de 2021<\/a>, tem por objetivo informar o usu\u00e1rio sobre os servi\u00e7os prestados pela Epagri, as formas de acesso a esses servi\u00e7os e seus compromissos e padr\u00f5es de qualidade de atendimento ao p\u00fablico. Ela \u00e9 divulgada, no Estado de Santa Catarina, por meio do <em>site<\/em> <strong>Portal de Servi\u00e7os<\/strong>, conforme a <a href=\"http:\/\/server03.pge.sc.gov.br\/LegislacaoEstadual\/2019\/000016-015-0-2019-001.htm\">Resolu\u00e7\u00e3o GGG n\u00ba 16\/2019<\/a>.<\/p>\n<ul>\n<li>Neste <em>link<\/em>, \u00e9 poss\u00edvel consultar os servi\u00e7os prestados pela Epagri, divulgados na referida Carta: <a href=\"https:\/\/www.sc.gov.br\/todos-os-servicos?orgao=134\">https:\/\/www.sc.gov.br\/todos-os-servicos?orgao=134<\/a><\/li>\n<li>Para mais informa\u00e7\u00f5es sobre os servi\u00e7os prestados pela Epagri, acesse o <em>link<\/em>: <a href=\"https:\/\/www.epagri.sc.gov.br\/solucoes\/servicos-tecnicos\/\">https:\/\/www.epagri.sc.gov.br\/solucoes\/servicos-tecnicos\/<\/a><\/li>\n<\/ul>\n<hr \/>\n<p><strong>Regimento Interno do Comit\u00ea de Elegibilidade<\/strong><\/p>\n<p>O Comit\u00ea de Elegibilidade \u00e9 o \u00f3rg\u00e3o estatut\u00e1rio respons\u00e1vel por verificar a conformidade do processo de indica\u00e7\u00e3o e de avalia\u00e7\u00e3o de membros para o Conselho de Administra\u00e7\u00e3o, para o Conselho Fiscal e para a Diretoria Executiva, incluindo o Presidente, com compet\u00eancia para auxiliar o acionista controlador (Estado de Santa Catarina) na indica\u00e7\u00e3o desses membros.<\/p>\n<ul>\n<li><a href=\"https:\/\/transparencia.epagri.sc.gov.br\/wp-content\/uploads\/2023\/11\/REG-NORMAS_Regimento-Interno-Comite-Elegibilidade.pdf\" target=\"_blank\" rel=\"noopener\">Regimento Interno do Comit\u00ea de Elegibilidade<\/a><\/li>\n<\/ul>\n<hr \/>\n<p><strong>Norma de elei\u00e7\u00e3o para representa\u00e7\u00e3o dos empregados no Conselho de Administra\u00e7\u00e3o e Diretoria Executiva<\/strong><\/p>\n<p>Conforme art. 14, II, da <a href=\"https:\/\/leis.alesc.sc.gov.br\/ato-normativo\/52785\">Constitui\u00e7\u00e3o do Estado de Santa Catarina de 1989<\/a>, &#8220;s\u00e3o instrumentos de gest\u00e3o democr\u00e1tica das a\u00e7\u00f5es da administra\u00e7\u00e3o p\u00fablica, nos campos administrativo, social e econ\u00f4mico, nos termos da lei: [&#8230;] a <strong>participa\u00e7\u00e3o de um representante dos empregados<\/strong>, por eles indicado, <strong>no conselho de administra\u00e7\u00e3o <\/strong>e na<strong> diretoria das empresas p\u00fablicas<\/strong>, sociedades de economia mista e suas subsidi\u00e1rias&#8221;.<\/p>\n<p>Esse dispositivo constitucional foi regulamentado pela <a href=\"https:\/\/leis.alesc.sc.gov.br\/ato-normativo\/11265\">Lei estadual n\u00ba 1.178, de 1994,<\/a>\u00a0e, no \u00e2mbito da Epagri, pelo regulamento de elei\u00e7\u00e3o disponibilizado abaixo:<\/p>\n<ul>\n<li><a href=\"https:\/\/transparencia.epagri.sc.gov.br\/wp-content\/uploads\/2024\/12\/RGL.DEX_.0002.v01.01_Regulamento-da-eleicao-para-representacao-dos-empregados-no-conselho-e-diretoria.pdf\" target=\"_blank\" rel=\"noopener\">Regulamento da elei\u00e7\u00e3o para representa\u00e7\u00e3o dos empregados no Conselho de Administra\u00e7\u00e3o e na Diretoria Executiva<\/a><\/li>\n<\/ul>\n<p>No <em>site<\/em> principal da Epagri (<a href=\"https:\/\/www.epagri.sc.gov.br\/a-epagri\/administracao\/\"><strong>A Epagri \/ Administra\u00e7\u00e3o<\/strong><\/a>), \u00e9 poss\u00edvel consultar o Diretor de Desenvolvimento Institucional e o Conselheiro de Administra\u00e7\u00e3o eleitos pelos empregados da empresa.<\/p>\n<ul>\n<li><strong>Elei\u00e7\u00f5es de 2025:<\/strong> SGP-e <a href=\"https:\/\/sgpe.sea.sc.gov.br\/\/sgpe\/openPage?openAddress=eyJhZGRyZXNzIjoiL2NwYXYvdmlzdWFsaXphclByb2Nlc3NvLmRvP3Byb2Nlc3NvUEs9MTg5NjgsMzQ2NSwyMDI0IiwiY3VycmVudE1vZHVsZSI6eyJjZE1vZHVsbyI6IlNHUEUiLCJjZFNpc3RlbWEiOiIxIiwibm1Nb2R1bG8iOiIifX0%3D\">EPAGRI 18964\/2024<\/a><\/li>\n<\/ul>\n<hr \/>\n<p><strong>Plano Gerencial\u00a0<\/strong><\/p>\n<p>Constituem fun\u00e7\u00f5es gerenciais, de confian\u00e7a, aquelas que envolvem a\u00e7\u00f5es de orienta\u00e7\u00e3o, supervis\u00e3o, coordena\u00e7\u00e3o e controle, a serem preenchidas por empregado p\u00fablico efetivo da empresa de forma gratificada, de livre nomea\u00e7\u00e3o e exonera\u00e7\u00e3o por parte da autoridade estatut\u00e1ria competente, nos termos do artigo 37, inciso V, da <a href=\"https:\/\/www.planalto.gov.br\/ccivil_03\/constituicao\/constituicao.htm\">Constitui\u00e7\u00e3o Federal de 1988<\/a> e art. 21, inciso IV, da <a href=\"https:\/\/leis.alesc.sc.gov.br\/ato-normativo\/52785\">Constitui\u00e7\u00e3o do Estado de Santa Catarina de 1989<\/a>. O Plano Gerencial regulamenta as fun\u00e7\u00f5es gerenciais na Epagri.<\/p>\n<ul>\n<li><a href=\"https:\/\/drive.google.com\/file\/d\/1Cb7deAJ-LhEigClpi5zuwRZkJKg_a98E\/view?usp=sharing\">Plano Gerencial<\/a><\/li>\n<\/ul>\n<hr \/>\n<p><strong>Norma de Governan\u00e7a para Participa\u00e7\u00f5es Societ\u00e1rias sem Controle Acion\u00e1rio<\/strong><\/p>\n<ul>\n<li><a href=\"https:\/\/transparencia.epagri.sc.gov.br\/wp-content\/uploads\/2021\/06\/Normas-de-governanca-para-participacao-societaria-sem-controle-acionario.pdf\" target=\"_blank\" rel=\"noopener\">Norma de governan\u00e7a para participa\u00e7\u00e3o societ\u00e1ria sem controle acion\u00e1rio<\/a><\/li>\n<\/ul>\n<hr \/>\n<p><strong>Pol\u00edtica de Inclus\u00e3o de Pessoas com Defici\u00eancia (PcDs) <\/strong>(Delibera\u00e7\u00e3o DEX n\u00ba 1\/2024)<\/p>\n<ul>\n<li><a href=\"https:\/\/transparencia.epagri.sc.gov.br\/wp-content\/uploads\/2026\/01\/POL.DEGP_.0002.v.01.01DEX-012_024_v.01.01_Politica-de-inclusao-de-pessoas-com-deficiencia-PCDS-1.pdf\">Pol\u00edtica de Inclus\u00e3o de Pessoas com Defici\u00eancia (PcDs)<\/a><\/li>\n<\/ul>\n<hr \/>\n<p><strong>Norma do Programa Bem-Estar<\/strong><\/p>\n<p>O Programa Bem-Estar est\u00e1 vinculado \u00e0 Divis\u00e3o de Desenvolvimento de Pessoas do Departamento Estadual de Gest\u00e3o de Pessoas (DEGP), e vem consolidar as a\u00e7\u00f5es realizadas na Epagri relativas ao atendimento social, \u00e0 assist\u00eancia \u00e0 sa\u00fade e \u00e0 seguran\u00e7a do trabalho e sa\u00fade ocupacional.<\/p>\n<ul>\n<li><a href=\"https:\/\/transparencia.epagri.sc.gov.br\/wp-content\/uploads\/2026\/01\/NOR.DEGP_.0007.v.01.01_Regimentos-e-normas-Programa-Bem-Estar.pdf\">Programa Bem-Estar<\/a><\/li>\n<\/ul>\n<hr \/>\n<p><strong>Regulamento do Processo de Apura\u00e7\u00e3o Disciplinar e Administrativa Interna da Epagri (PRADE) <\/strong>(Delibera\u00e7\u00e3o DEX n\u00ba 8\/2020)<\/p>\n<p>Regulamenta o processo administrativo disciplinar para apura\u00e7\u00e3o de faltas disciplinares graves de empregados p\u00fablicos pass\u00edveis de dispensa por justa causa, nos termos do art. 482 da <a href=\"https:\/\/www.planalto.gov.br\/ccivil_03\/decreto-lei\/del5452.htm#art482\">Consolida\u00e7\u00e3o das Leis do Trabalho (CLT)<\/a>.<\/p>\n<ul>\n<li><a href=\"https:\/\/transparencia.epagri.sc.gov.br\/wp-content\/uploads\/2026\/03\/NOR.DJUR_.001-DEX-08-2020-Norma-PRADE-Processo-Apuracao-Disciplinar-v1.01.pdf\">Regulamento do PRADE<\/a><\/li>\n<\/ul>\n<hr \/>\n<p><strong>Norma de di\u00e1rias e ressarcimento de despesas com viagens<\/strong><\/p>\n<p>Na Epagri, as <strong>di\u00e1rias<\/strong> s\u00e3o pagas exclusivamente a diretores executivos e aos empregados e servidores \u00e0 disposi\u00e7\u00e3o da Epagri que se deslocarem temporariamente do munic\u00edpio de lota\u00e7\u00e3o para o <strong>exterior<\/strong>.<\/p>\n<p>Para os demais empregados p\u00fablicos e situa\u00e7\u00f5es, a Epagri adota o<strong> ressarcimento de despesas <\/strong>com alimenta\u00e7\u00e3o, hospedagem e deslocamentos,\u00a0limitado ao valor das di\u00e1rias.<\/p>\n<p>A<strong> tabela de valores<\/strong> das di\u00e1rias e de ressarcimento de despesas dentro do Estado, fora do Estado e fora do pa\u00eds constam nas seguintes normas:<\/p>\n<ul>\n<li><a href=\"https:\/\/leis.alesc.sc.gov.br\/ato-normativo\/51996\">Resolu\u00e7\u00e3o GGG n\u00ba 2\/2023<\/a><\/li>\n<li><a href=\"https:\/\/transparencia.epagri.sc.gov.br\/wp-content\/uploads\/2026\/04\/DEX02_2023_-_Manual_Diarias_e_ressarcimento_de_viagens_.pdf\">Delibera\u00e7\u00e3o DEX 2\/2023<\/a><\/li>\n<\/ul>\n<hr \/>\n<p><strong>Manual de Procedimentos Cont\u00e1beis<\/strong><\/p>\n<ul>\n<li><a href=\"https:\/\/transparencia.epagri.sc.gov.br\/wp-content\/uploads\/2021\/06\/Norma-de-Contabilidade-Completo.pdf\" target=\"_blank\" rel=\"noopener\">Norma de Contabilidade<\/a><\/li>\n<\/ul>\n<hr \/>\n<p><strong>Modelo de Avalia\u00e7\u00e3o de Desempenho dos Administradores<br \/>\n<\/strong><\/p>\n<ul>\n<li><a href=\"https:\/\/drive.google.com\/file\/d\/12-R10hf55YIR7fTYMguVTQLusIc2n0gO\/view?usp=drive_link\">Relat\u00f3rio de Avalia\u00e7\u00e3o dos Conselheiros e Diretoria Executiva &#8211; Gest\u00e3o 2024 (avalia\u00e7\u00e3o aplicada em 2025)<\/a><\/li>\n<li><a href=\"https:\/\/drive.google.com\/file\/d\/1Jy5kRS60q8uYCM7inGNvvtXiaRU6a2IB\/view?usp=sharing\">Relat\u00f3rio de Avalia\u00e7\u00e3o dos Conselheiros e Diretoria Executiva &#8211; Gest\u00e3o 2023 (avalia\u00e7\u00e3o aplicada em 2024)<\/a><\/li>\n<li><a href=\"https:\/\/transparencia.epagri.sc.gov.br\/wp-content\/uploads\/2021\/06\/Relatorio-de-Avaliacao-dos-Conselheiros-2020.pdf\" target=\"_blank\" rel=\"noopener\">Relat\u00f3rio de Avalia\u00e7\u00e3o dos Conselheiros e Diretoria Executiva &#8211; Gest\u00e3o 2019 (<\/a><a href=\"https:\/\/drive.google.com\/file\/d\/1Jy5kRS60q8uYCM7inGNvvtXiaRU6a2IB\/view?usp=sharing\">avalia\u00e7\u00e3o aplicada em 2020<\/a><a href=\"https:\/\/transparencia.epagri.sc.gov.br\/wp-content\/uploads\/2021\/06\/Relatorio-de-Avaliacao-dos-Conselheiros-2020.pdf\" target=\"_blank\" rel=\"noopener\">)<\/a><\/li>\n<li><a href=\"https:\/\/transparencia.epagri.sc.gov.br\/wp-content\/uploads\/2021\/06\/Modelo-de-avaliacao-de-desempenho-dos-administradores-e-membros-do-comite.pdf\" target=\"_blank\" rel=\"noopener\">Modelo de avalia\u00e7\u00e3o de desempenho dos administradores<\/a><\/li>\n<\/ul>\n","protected":false},"excerpt":{"rendered":"<p>In\u00edcio \/ Gest\u00e3o \/ Outros Documentos Corporativos Divulga\u00e7\u00e3o da Remunera\u00e7\u00e3o dos Administradores Remunera\u00e7\u00e3o dos Administradores &#8211; 2024 Remunera\u00e7\u00e3o dos Administradores &#8211; 2023 Remunera\u00e7\u00e3o dos Administradores &#8211; 2022 Remunera\u00e7\u00e3o dos Administradores &#8211; 2021 Remunera\u00e7\u00e3o dos Administradores &#8211; 2020 Remunera\u00e7\u00e3o dos Administradores &#8211; 2020 &#8211; ref.2019 Remunera\u00e7\u00e3o dos Administradores &#8211; 2018 &nbsp; Boas Pr\u00e1ticas de Controle Interno, &#8230; <a title=\"Outros Documentos Corporativos\" class=\"read-more\" href=\"https:\/\/transparencia.epagri.sc.gov.br\/?page_id=734\" aria-label=\"More on Outros Documentos Corporativos\">Ler mais<\/a><\/p>\n","protected":false},"author":1,"featured_media":0,"parent":0,"menu_order":1,"comment_status":"closed","ping_status":"closed","template":"","meta":{"_acf_changed":false,"footnotes":""},"class_list":["post-734","page","type-page","status-publish"],"acf":[],"_links":{"self":[{"href":"https:\/\/transparencia.epagri.sc.gov.br\/index.php?rest_route=\/wp\/v2\/pages\/734","targetHints":{"allow":["GET"]}}],"collection":[{"href":"https:\/\/transparencia.epagri.sc.gov.br\/index.php?rest_route=\/wp\/v2\/pages"}],"about":[{"href":"https:\/\/transparencia.epagri.sc.gov.br\/index.php?rest_route=\/wp\/v2\/types\/page"}],"author":[{"embeddable":true,"href":"https:\/\/transparencia.epagri.sc.gov.br\/index.php?rest_route=\/wp\/v2\/users\/1"}],"replies":[{"embeddable":true,"href":"https:\/\/transparencia.epagri.sc.gov.br\/index.php?rest_route=%2Fwp%2Fv2%2Fcomments&post=734"}],"version-history":[{"count":114,"href":"https:\/\/transparencia.epagri.sc.gov.br\/index.php?rest_route=\/wp\/v2\/pages\/734\/revisions"}],"predecessor-version":[{"id":7999,"href":"https:\/\/transparencia.epagri.sc.gov.br\/index.php?rest_route=\/wp\/v2\/pages\/734\/revisions\/7999"}],"wp:attachment":[{"href":"https:\/\/transparencia.epagri.sc.gov.br\/index.php?rest_route=%2Fwp%2Fv2%2Fmedia&parent=734"}],"curies":[{"name":"wp","href":"https:\/\/api.w.org\/{rel}","templated":true}]}}