{"id":7067,"date":"2025-06-05T16:19:34","date_gmt":"2025-06-05T19:19:34","guid":{"rendered":"https:\/\/transparencia.epagri.sc.gov.br\/?page_id=7067"},"modified":"2026-04-06T18:11:46","modified_gmt":"2026-04-06T21:11:46","slug":"patrocinios","status":"publish","type":"page","link":"https:\/\/transparencia.epagri.sc.gov.br\/?page_id=7067","title":{"rendered":"Patroc\u00ednios"},"content":{"rendered":"<h6 style=\"text-align: right;\"><a href=\"https:\/\/transparencia.epagri.sc.gov.br\/\">In\u00edcio<\/a> \/ Despesa \/ Transfer\u00eancias Realizadas \/ Patroc\u00ednios<\/h6>\n<p>A Epagri n\u00e3o realiza despesas com patroc\u00ednio e tampouco com contratos de publicidade. No Estado de Santa Catarina, as licita\u00e7\u00f5es e contrata\u00e7\u00f5es de publicidade s\u00e3o realizadas pela Secretaria de Estado da Administra\u00e7\u00e3o (SEA), na forma do <a href=\"https:\/\/leis.alesc.sc.gov.br\/ato-normativo\/51516\">Decreto estadual n\u00ba 251, de 2019<\/a>.<\/p>\n","protected":false},"excerpt":{"rendered":"<p>In\u00edcio \/ Despesa \/ Transfer\u00eancias Realizadas \/ Patroc\u00ednios A Epagri n\u00e3o realiza despesas com patroc\u00ednio e tampouco com contratos de publicidade. No Estado de Santa Catarina, as licita\u00e7\u00f5es e contrata\u00e7\u00f5es de publicidade s\u00e3o realizadas pela Secretaria de Estado da Administra\u00e7\u00e3o (SEA), na forma do Decreto estadual n\u00ba 251, de 2019.<\/p>\n","protected":false},"author":1,"featured_media":0,"parent":16,"menu_order":0,"comment_status":"closed","ping_status":"closed","template":"","meta":{"_acf_changed":false,"footnotes":""},"class_list":["post-7067","page","type-page","status-publish"],"acf":[],"_links":{"self":[{"href":"https:\/\/transparencia.epagri.sc.gov.br\/index.php?rest_route=\/wp\/v2\/pages\/7067","targetHints":{"allow":["GET"]}}],"collection":[{"href":"https:\/\/transparencia.epagri.sc.gov.br\/index.php?rest_route=\/wp\/v2\/pages"}],"about":[{"href":"https:\/\/transparencia.epagri.sc.gov.br\/index.php?rest_route=\/wp\/v2\/types\/page"}],"author":[{"embeddable":true,"href":"https:\/\/transparencia.epagri.sc.gov.br\/index.php?rest_route=\/wp\/v2\/users\/1"}],"replies":[{"embeddable":true,"href":"https:\/\/transparencia.epagri.sc.gov.br\/index.php?rest_route=%2Fwp%2Fv2%2Fcomments&post=7067"}],"version-history":[{"count":7,"href":"https:\/\/transparencia.epagri.sc.gov.br\/index.php?rest_route=\/wp\/v2\/pages\/7067\/revisions"}],"predecessor-version":[{"id":7807,"href":"https:\/\/transparencia.epagri.sc.gov.br\/index.php?rest_route=\/wp\/v2\/pages\/7067\/revisions\/7807"}],"up":[{"embeddable":true,"href":"https:\/\/transparencia.epagri.sc.gov.br\/index.php?rest_route=\/wp\/v2\/pages\/16"}],"wp:attachment":[{"href":"https:\/\/transparencia.epagri.sc.gov.br\/index.php?rest_route=%2Fwp%2Fv2%2Fmedia&parent=7067"}],"curies":[{"name":"wp","href":"https:\/\/api.w.org\/{rel}","templated":true}]}}