{"id":5994,"date":"2024-05-03T09:35:06","date_gmt":"2024-05-03T12:35:06","guid":{"rendered":"https:\/\/transparencia.epagri.sc.gov.br\/?page_id=5994"},"modified":"2026-04-08T18:20:50","modified_gmt":"2026-04-08T21:20:50","slug":"ordem-cronologica-de-pagamentos-2","status":"publish","type":"page","link":"https:\/\/transparencia.epagri.sc.gov.br\/?page_id=5994","title":{"rendered":"Ordem Cronol\u00f3gica de Pagamentos"},"content":{"rendered":"<h6 style=\"text-align: right;\"><a href=\"https:\/\/transparencia.epagri.sc.gov.br\/\">In\u00edcio<\/a> \/ Despesa \/ Ordem Cronol\u00f3gica de Pagamentos \/ Ordem Cronol\u00f3gica de Pagamentos<\/h6>\n<p>A <strong>ordem cronol\u00f3gica de pagamentos<\/strong> \u00e9 o mecanismo pelo qual a Epagri honra suas obriga\u00e7\u00f5es financeiras, respeitando a sequ\u00eancia temporal de exigibilidade das despesas, visando garantir a impessoalidade, moralidade, transpar\u00eancia e a integridade na gest\u00e3o dos recursos p\u00fablicos.<\/p>\n<p>Nesta se\u00e7\u00e3o, consta a ordem cronol\u00f3gica de pagamentos das obriga\u00e7\u00f5es da Epagri com terceiros (fornecedores, prestadores de servi\u00e7o etc.), bem como as justificativas que fundamentaram a eventual altera\u00e7\u00e3o dessa ordem,\u00a0conforme as regras da <a href=\"https:\/\/leis.alesc.sc.gov.br\/ato-normativo\/36769\">Instru\u00e7\u00e3o Normativa Conjunta CGE\/SEF n\u00ba 1, de 2024<\/a>.<\/p>\n","protected":false},"excerpt":{"rendered":"<p>In\u00edcio \/ Despesa \/ Ordem Cronol\u00f3gica de Pagamentos \/ Ordem Cronol\u00f3gica de Pagamentos A ordem cronol\u00f3gica de pagamentos \u00e9 o mecanismo pelo qual a Epagri honra suas obriga\u00e7\u00f5es financeiras, respeitando a sequ\u00eancia temporal de exigibilidade das despesas, visando garantir a impessoalidade, moralidade, transpar\u00eancia e a integridade na gest\u00e3o dos recursos p\u00fablicos. Nesta se\u00e7\u00e3o, consta a &#8230; <a title=\"Ordem Cronol\u00f3gica de Pagamentos\" class=\"read-more\" href=\"https:\/\/transparencia.epagri.sc.gov.br\/?page_id=5994\" aria-label=\"More on Ordem Cronol\u00f3gica de Pagamentos\">Ler mais<\/a><\/p>\n","protected":false},"author":1,"featured_media":0,"parent":16,"menu_order":0,"comment_status":"closed","ping_status":"closed","template":"","meta":{"_acf_changed":false,"footnotes":""},"class_list":["post-5994","page","type-page","status-publish"],"acf":[],"_links":{"self":[{"href":"https:\/\/transparencia.epagri.sc.gov.br\/index.php?rest_route=\/wp\/v2\/pages\/5994","targetHints":{"allow":["GET"]}}],"collection":[{"href":"https:\/\/transparencia.epagri.sc.gov.br\/index.php?rest_route=\/wp\/v2\/pages"}],"about":[{"href":"https:\/\/transparencia.epagri.sc.gov.br\/index.php?rest_route=\/wp\/v2\/types\/page"}],"author":[{"embeddable":true,"href":"https:\/\/transparencia.epagri.sc.gov.br\/index.php?rest_route=\/wp\/v2\/users\/1"}],"replies":[{"embeddable":true,"href":"https:\/\/transparencia.epagri.sc.gov.br\/index.php?rest_route=%2Fwp%2Fv2%2Fcomments&post=5994"}],"version-history":[{"count":5,"href":"https:\/\/transparencia.epagri.sc.gov.br\/index.php?rest_route=\/wp\/v2\/pages\/5994\/revisions"}],"predecessor-version":[{"id":7922,"href":"https:\/\/transparencia.epagri.sc.gov.br\/index.php?rest_route=\/wp\/v2\/pages\/5994\/revisions\/7922"}],"up":[{"embeddable":true,"href":"https:\/\/transparencia.epagri.sc.gov.br\/index.php?rest_route=\/wp\/v2\/pages\/16"}],"wp:attachment":[{"href":"https:\/\/transparencia.epagri.sc.gov.br\/index.php?rest_route=%2Fwp%2Fv2%2Fmedia&parent=5994"}],"curies":[{"name":"wp","href":"https:\/\/api.w.org\/{rel}","templated":true}]}}