{"id":5302,"date":"2023-01-19T10:09:39","date_gmt":"2023-01-19T13:09:39","guid":{"rendered":"https:\/\/transparencia.epagri.sc.gov.br\/?page_id=5302"},"modified":"2026-04-13T15:41:23","modified_gmt":"2026-04-13T18:41:23","slug":"arp-atas-de-srp","status":"publish","type":"page","link":"https:\/\/transparencia.epagri.sc.gov.br\/?page_id=5302","title":{"rendered":"ARP &#8211; Atas de SRP"},"content":{"rendered":"<h6 style=\"text-align: right;\"><a href=\"https:\/\/transparencia.epagri.sc.gov.br\/\">In\u00edcio<\/a> \/ Despesa \/ Licita\u00e7\u00f5es e Contratos \/ ARP &#8211; Atas de SRP<\/h6>\n<p>Nesta se\u00e7\u00e3o, constam informa\u00e7\u00f5es sobre as<strong> atas de registro de pre\u00e7os (ARP)<\/strong> da Epagri, decorrentes de contrata\u00e7\u00f5es realizadas por meio do<strong> Sistema de Registro de Pre\u00e7os (SRP)<\/strong>.<\/p>\n<p>A <strong>ARP<\/strong> \u00e9 um documento vinculativo, obrigacional, com caracter\u00edstica de compromisso para eventual e futura contrata\u00e7\u00e3o, de acordo com a conveni\u00eancia e oportunidade da Epagri, no qual se registram os pre\u00e7os, fornecedores, prestadores e condi\u00e7\u00f5es a serem praticadas, conforme as disposi\u00e7\u00f5es contidas no edital de licita\u00e7\u00e3o e nas propostas apresentadas. A exist\u00eancia de pre\u00e7os registrados n\u00e3o obriga a Epagri a firmar os contratos que deles poder\u00e3o advir, sendo facultada a realiza\u00e7\u00e3o de licita\u00e7\u00e3o espec\u00edfica, assegurada ao licitante registrado prefer\u00eancia em igualdade de condi\u00e7\u00f5es.<\/p>\n<p>Para ver mais detalhes e informa\u00e7\u00f5es dos processos administrativos, acesse o <a href=\"https:\/\/portal.sgpe.sea.sc.gov.br\/portal-externo\/atendimento\"><strong>Portal Externo SGP-e<\/strong>, neste <em>link<\/em><\/a>. Realizar a consulta informando o nome da entidade &#8220;EPAGRI&#8221; + n\u00ba do processo + ano, conforme a coluna &#8220;n\u00ba SGP-e&#8221; (aba &#8220;Documentos&#8221;), conforme a imagem abaixo:<\/p>\n<p><a href=\"https:\/\/portal.sgpe.sea.sc.gov.br\/portal-externo\/atendimento\"><img loading=\"lazy\" decoding=\"async\" class=\"size-large wp-image-7904 aligncenter\" src=\"https:\/\/transparencia.epagri.sc.gov.br\/wp-content\/uploads\/2026\/04\/SGP-e-3-1024x321.png\" alt=\"\" width=\"1024\" height=\"321\" srcset=\"https:\/\/transparencia.epagri.sc.gov.br\/wp-content\/uploads\/2026\/04\/SGP-e-3-1024x321.png 1024w, https:\/\/transparencia.epagri.sc.gov.br\/wp-content\/uploads\/2026\/04\/SGP-e-3-300x94.png 300w, https:\/\/transparencia.epagri.sc.gov.br\/wp-content\/uploads\/2026\/04\/SGP-e-3-768x241.png 768w, https:\/\/transparencia.epagri.sc.gov.br\/wp-content\/uploads\/2026\/04\/SGP-e-3-1536x482.png 1536w, https:\/\/transparencia.epagri.sc.gov.br\/wp-content\/uploads\/2026\/04\/SGP-e-3.png 1906w\" sizes=\"auto, (max-width: 1024px) 100vw, 1024px\" \/><\/a><\/p>\n<p>Atualmente, a Epagri possui apenas uma ARP vigente (SGP-e <a href=\"https:\/\/sgpe.sea.sc.gov.br\/\/sgpe\/openPage?openAddress=eyJhZGRyZXNzIjoiL2NwYXYvdmlzdWFsaXphclByb2Nlc3NvLmRvP3Byb2Nlc3NvUEs9MTY2NiwzNDY1LDIwMjUiLCJjdXJyZW50TW9kdWxlIjp7ImNkTW9kdWxvIjoiU0dQRSIsImNkU2lzdGVtYSI6IjEiLCJubU1vZHVsbyI6IiJ9fQ%3D%3D\"><strong>EPAGRI 1665\/2025<\/strong><\/a>) referente a equipamentos de inform\u00e1tica. Caso a sua empresa estatal tenha interesse em aderir como &#8220;<strong>carona<\/strong>&#8220;, entre em contato com o nosso Departamento Estadual de Tecnologia de Informa\u00e7\u00e3o (DEGTI) pelo e-mail: degti@epagri.sc.gov.br ou telefone (48) 3665-5001. Para a ades\u00e3o como carona \u00e9 necess\u00e1ria a autoriza\u00e7\u00e3o da Epagri e dos fornecedores, conforme os procedimentos do <a href=\"https:\/\/leis.alesc.sc.gov.br\/ato-normativo\/33601\/compilado\">Decreto estadual n\u00ba 509, de 2024<\/a>, e <a href=\"https:\/\/leis.alesc.sc.gov.br\/ato-normativo\/30871\">Instru\u00e7\u00e3o Normativa SEA n\u00ba 7\/2024<\/a>.<\/p>\n","protected":false},"excerpt":{"rendered":"<p>In\u00edcio \/ Despesa \/ Licita\u00e7\u00f5es e Contratos \/ ARP &#8211; Atas de SRP Nesta se\u00e7\u00e3o, constam informa\u00e7\u00f5es sobre as atas de registro de pre\u00e7os (ARP) da Epagri, decorrentes de contrata\u00e7\u00f5es realizadas por meio do Sistema de Registro de Pre\u00e7os (SRP). A ARP \u00e9 um documento vinculativo, obrigacional, com caracter\u00edstica de compromisso para eventual e futura &#8230; <a title=\"ARP &#8211; Atas de SRP\" class=\"read-more\" href=\"https:\/\/transparencia.epagri.sc.gov.br\/?page_id=5302\" aria-label=\"More on ARP &#8211; Atas de SRP\">Ler mais<\/a><\/p>\n","protected":false},"author":1,"featured_media":0,"parent":839,"menu_order":0,"comment_status":"closed","ping_status":"closed","template":"","meta":{"_acf_changed":false,"footnotes":""},"class_list":["post-5302","page","type-page","status-publish"],"acf":[],"_links":{"self":[{"href":"https:\/\/transparencia.epagri.sc.gov.br\/index.php?rest_route=\/wp\/v2\/pages\/5302","targetHints":{"allow":["GET"]}}],"collection":[{"href":"https:\/\/transparencia.epagri.sc.gov.br\/index.php?rest_route=\/wp\/v2\/pages"}],"about":[{"href":"https:\/\/transparencia.epagri.sc.gov.br\/index.php?rest_route=\/wp\/v2\/types\/page"}],"author":[{"embeddable":true,"href":"https:\/\/transparencia.epagri.sc.gov.br\/index.php?rest_route=\/wp\/v2\/users\/1"}],"replies":[{"embeddable":true,"href":"https:\/\/transparencia.epagri.sc.gov.br\/index.php?rest_route=%2Fwp%2Fv2%2Fcomments&post=5302"}],"version-history":[{"count":11,"href":"https:\/\/transparencia.epagri.sc.gov.br\/index.php?rest_route=\/wp\/v2\/pages\/5302\/revisions"}],"predecessor-version":[{"id":7988,"href":"https:\/\/transparencia.epagri.sc.gov.br\/index.php?rest_route=\/wp\/v2\/pages\/5302\/revisions\/7988"}],"up":[{"embeddable":true,"href":"https:\/\/transparencia.epagri.sc.gov.br\/index.php?rest_route=\/wp\/v2\/pages\/839"}],"wp:attachment":[{"href":"https:\/\/transparencia.epagri.sc.gov.br\/index.php?rest_route=%2Fwp%2Fv2%2Fmedia&parent=5302"}],"curies":[{"name":"wp","href":"https:\/\/api.w.org\/{rel}","templated":true}]}}