{"id":5206,"date":"2022-08-31T15:57:46","date_gmt":"2022-08-31T18:57:46","guid":{"rendered":"https:\/\/transparencia.epagri.sc.gov.br\/?page_id=5206"},"modified":"2026-03-31T11:45:41","modified_gmt":"2026-03-31T14:45:41","slug":"acordos-coletivos-de-trabalho","status":"publish","type":"page","link":"https:\/\/transparencia.epagri.sc.gov.br\/?page_id=5206","title":{"rendered":"Plano de Carreira, Cargos e Sal\u00e1rios (PCCS)"},"content":{"rendered":"<h6 style=\"text-align: right;\"><a href=\"https:\/\/transparencia.epagri.sc.gov.br\/\">In\u00edcio<\/a> \/ Despesa \/ Empregados P\u00fablicos \/ Plano de Carreira, Cargos e Sal\u00e1rios (PCCS)<\/h6>\n<p>Nesta se\u00e7\u00e3o, consta o <strong>Plano de Carreira, Cargos e Sal\u00e1rios (PCCS)<\/strong> da Epagri, homologado pelo Grupo Gestor de Governo (GGG), na forma do <a href=\"https:\/\/leis.alesc.sc.gov.br\/ato-normativo\/executivo\/51593\">Decreto estadual n\u00ba 903, de 2020<\/a>, bem como tabelas salariais de cada cargo\/fun\u00e7\u00e3o, de acordo com os acordos coletivos de trabalho (ACTs) assinados entre a Epagri e os sindicatos das categorias profissionais.<\/p>\n","protected":false},"excerpt":{"rendered":"<p>In\u00edcio \/ Despesa \/ Empregados P\u00fablicos \/ Plano de Carreira, Cargos e Sal\u00e1rios (PCCS) Nesta se\u00e7\u00e3o, consta o Plano de Carreira, Cargos e Sal\u00e1rios (PCCS) da Epagri, homologado pelo Grupo Gestor de Governo (GGG), na forma do Decreto estadual n\u00ba 903, de 2020, bem como tabelas salariais de cada cargo\/fun\u00e7\u00e3o, de acordo com os acordos &#8230; <a title=\"Plano de Carreira, Cargos e Sal\u00e1rios (PCCS)\" class=\"read-more\" href=\"https:\/\/transparencia.epagri.sc.gov.br\/?page_id=5206\" aria-label=\"More on Plano de Carreira, Cargos e Sal\u00e1rios (PCCS)\">Ler mais<\/a><\/p>\n","protected":false},"author":1,"featured_media":0,"parent":839,"menu_order":0,"comment_status":"closed","ping_status":"closed","template":"","meta":{"_acf_changed":false,"footnotes":""},"class_list":["post-5206","page","type-page","status-publish"],"acf":[],"_links":{"self":[{"href":"https:\/\/transparencia.epagri.sc.gov.br\/index.php?rest_route=\/wp\/v2\/pages\/5206","targetHints":{"allow":["GET"]}}],"collection":[{"href":"https:\/\/transparencia.epagri.sc.gov.br\/index.php?rest_route=\/wp\/v2\/pages"}],"about":[{"href":"https:\/\/transparencia.epagri.sc.gov.br\/index.php?rest_route=\/wp\/v2\/types\/page"}],"author":[{"embeddable":true,"href":"https:\/\/transparencia.epagri.sc.gov.br\/index.php?rest_route=\/wp\/v2\/users\/1"}],"replies":[{"embeddable":true,"href":"https:\/\/transparencia.epagri.sc.gov.br\/index.php?rest_route=%2Fwp%2Fv2%2Fcomments&post=5206"}],"version-history":[{"count":8,"href":"https:\/\/transparencia.epagri.sc.gov.br\/index.php?rest_route=\/wp\/v2\/pages\/5206\/revisions"}],"predecessor-version":[{"id":7579,"href":"https:\/\/transparencia.epagri.sc.gov.br\/index.php?rest_route=\/wp\/v2\/pages\/5206\/revisions\/7579"}],"up":[{"embeddable":true,"href":"https:\/\/transparencia.epagri.sc.gov.br\/index.php?rest_route=\/wp\/v2\/pages\/839"}],"wp:attachment":[{"href":"https:\/\/transparencia.epagri.sc.gov.br\/index.php?rest_route=%2Fwp%2Fv2%2Fmedia&parent=5206"}],"curies":[{"name":"wp","href":"https:\/\/api.w.org\/{rel}","templated":true}]}}