{"id":4886,"date":"2022-01-03T10:54:29","date_gmt":"2022-01-03T13:54:29","guid":{"rendered":"https:\/\/transparencia.epagri.sc.gov.br\/?page_id=4886"},"modified":"2025-05-29T08:58:54","modified_gmt":"2025-05-29T11:58:54","slug":"certificado-de-cadastro-de-fornecedor-ccf-digital","status":"publish","type":"page","link":"https:\/\/transparencia.epagri.sc.gov.br\/?page_id=4886","title":{"rendered":"Certificado de Cadastro de Fornecedor \u2013 CCF Digital"},"content":{"rendered":"<h6 style=\"text-align: right;\"><a href=\"https:\/\/transparencia.epagri.sc.gov.br\/\">In\u00edcio<\/a> \/ Despesa \/ Licita\u00e7\u00f5es e Contratos \/ Certificado de Cadastro de Fornecedor &#8211; CCF Digital<\/h6>\n<p>CERTIFICADO DE CADASTRO DE FORNECEDOR DIGITAL (CCF DIGITAL)<br \/>\nPara se habilitar nas licita\u00e7\u00f5es da Epagri, os licitantes poder\u00e3o apresentar c\u00f3pia do Certificado de Cadastro de Fornecedor Digital (CCF Digital), emitido pela Diretoria de Gest\u00e3o de Licita\u00e7\u00f5es e Contratos (DGLC), da Secretaria de Estado da Administra\u00e7\u00e3o de Santa Catarina (SEA\/SC), comprovando que os documentos exigidos nos editais da Epagri est\u00e3o v\u00e1lidos na data limite fixada para apresenta\u00e7\u00e3o dos envelopes.<\/p>\n<p>Informa\u00e7\u00f5es de como obter esse CCF Digital podem ser obtidas nos seguintes links:<\/p>\n<ul>\n<li><a href=\"https:\/\/e-lic.sc.gov.br\/\/WBCPublic\/Publico\/\/Crc\/EmitirCrc.aspx?1=1&amp;nCdMenuGuia=159\" target=\"_blank\" rel=\"noopener\"><strong>Sou Fornecedor \/ Emitir Certificado &#8211; CCF<\/strong><\/a><\/li>\n<li><a href=\"https:\/\/e-lic.sc.gov.br\/Empresa\/CadastroExterno\/ApresentacaoCadastro\"><strong>Sou Fornecedor \/ Emitir Certificado &#8211; CCF \/ Cadastro<\/strong><\/a><\/li>\n<\/ul>\n<p>A Epagri utiliza esse cadastro conforme art. 89, \u00a7 4\u00ba, do RILC-EPAGRI. Outros documentos de habilita\u00e7\u00e3o poder\u00e3o ser exigidos na licita\u00e7\u00e3o al\u00e9m do CCF Digital, cabendo ao licitante atentar \u00e0 documenta\u00e7\u00e3o que \u00e9 exigida em cada edital.<\/p>\n<p>&nbsp;<\/p>\n","protected":false},"excerpt":{"rendered":"<p>In\u00edcio \/ Despesa \/ Licita\u00e7\u00f5es e Contratos \/ Certificado de Cadastro de Fornecedor &#8211; CCF Digital CERTIFICADO DE CADASTRO DE FORNECEDOR DIGITAL (CCF DIGITAL) Para se habilitar nas licita\u00e7\u00f5es da Epagri, os licitantes poder\u00e3o apresentar c\u00f3pia do Certificado de Cadastro de Fornecedor Digital (CCF Digital), emitido pela Diretoria de Gest\u00e3o de Licita\u00e7\u00f5es e Contratos (DGLC), &#8230; <a title=\"Certificado de Cadastro de Fornecedor \u2013 CCF Digital\" class=\"read-more\" href=\"https:\/\/transparencia.epagri.sc.gov.br\/?page_id=4886\" aria-label=\"More on Certificado de Cadastro de Fornecedor \u2013 CCF Digital\">Ler mais<\/a><\/p>\n","protected":false},"author":1,"featured_media":0,"parent":0,"menu_order":0,"comment_status":"closed","ping_status":"closed","template":"","meta":{"_acf_changed":false,"footnotes":""},"class_list":["post-4886","page","type-page","status-publish"],"acf":[],"_links":{"self":[{"href":"https:\/\/transparencia.epagri.sc.gov.br\/index.php?rest_route=\/wp\/v2\/pages\/4886","targetHints":{"allow":["GET"]}}],"collection":[{"href":"https:\/\/transparencia.epagri.sc.gov.br\/index.php?rest_route=\/wp\/v2\/pages"}],"about":[{"href":"https:\/\/transparencia.epagri.sc.gov.br\/index.php?rest_route=\/wp\/v2\/types\/page"}],"author":[{"embeddable":true,"href":"https:\/\/transparencia.epagri.sc.gov.br\/index.php?rest_route=\/wp\/v2\/users\/1"}],"replies":[{"embeddable":true,"href":"https:\/\/transparencia.epagri.sc.gov.br\/index.php?rest_route=%2Fwp%2Fv2%2Fcomments&post=4886"}],"version-history":[{"count":7,"href":"https:\/\/transparencia.epagri.sc.gov.br\/index.php?rest_route=\/wp\/v2\/pages\/4886\/revisions"}],"predecessor-version":[{"id":6994,"href":"https:\/\/transparencia.epagri.sc.gov.br\/index.php?rest_route=\/wp\/v2\/pages\/4886\/revisions\/6994"}],"wp:attachment":[{"href":"https:\/\/transparencia.epagri.sc.gov.br\/index.php?rest_route=%2Fwp%2Fv2%2Fmedia&parent=4886"}],"curies":[{"name":"wp","href":"https:\/\/api.w.org\/{rel}","templated":true}]}}