{"id":4763,"date":"2021-10-28T16:11:16","date_gmt":"2021-10-28T19:11:16","guid":{"rendered":"https:\/\/transparencia.epagri.sc.gov.br\/?page_id=4763"},"modified":"2026-03-06T13:47:32","modified_gmt":"2026-03-06T16:47:32","slug":"beneficios-fiscais","status":"publish","type":"page","link":"https:\/\/transparencia.epagri.sc.gov.br\/?page_id=4763","title":{"rendered":"Benef\u00edcios Fiscais"},"content":{"rendered":"<h6 style=\"text-align: right;\"><a href=\"https:\/\/transparencia.epagri.sc.gov.br\/\">In\u00edcio<\/a> \/ Responsabilidade Fiscal \/ Benef\u00edcios Fiscais<\/h6>\n<hr \/>\n<h2><b>A Epagri possui isen\u00e7\u00e3o de ICMS e IPVA, de acordo com o inciso VI do art. 1\u00ba do <a href=\"https:\/\/leis.alesc.sc.gov.br\/ato-normativo\/43870\">Decreto estadual n\u00ba 2.974, de 2010.<\/a><\/b><\/h2>\n<hr \/>\n<p>&nbsp;<\/p>\n","protected":false},"excerpt":{"rendered":"<p>In\u00edcio \/ Responsabilidade Fiscal \/ Benef\u00edcios Fiscais A Epagri possui isen\u00e7\u00e3o de ICMS e IPVA, de acordo com o inciso VI do art. 1\u00ba do Decreto estadual n\u00ba 2.974, de 2010. &nbsp;<\/p>\n","protected":false},"author":1,"featured_media":0,"parent":508,"menu_order":0,"comment_status":"closed","ping_status":"closed","template":"","meta":{"_acf_changed":false,"footnotes":""},"class_list":["post-4763","page","type-page","status-publish"],"acf":[],"_links":{"self":[{"href":"https:\/\/transparencia.epagri.sc.gov.br\/index.php?rest_route=\/wp\/v2\/pages\/4763","targetHints":{"allow":["GET"]}}],"collection":[{"href":"https:\/\/transparencia.epagri.sc.gov.br\/index.php?rest_route=\/wp\/v2\/pages"}],"about":[{"href":"https:\/\/transparencia.epagri.sc.gov.br\/index.php?rest_route=\/wp\/v2\/types\/page"}],"author":[{"embeddable":true,"href":"https:\/\/transparencia.epagri.sc.gov.br\/index.php?rest_route=\/wp\/v2\/users\/1"}],"replies":[{"embeddable":true,"href":"https:\/\/transparencia.epagri.sc.gov.br\/index.php?rest_route=%2Fwp%2Fv2%2Fcomments&post=4763"}],"version-history":[{"count":5,"href":"https:\/\/transparencia.epagri.sc.gov.br\/index.php?rest_route=\/wp\/v2\/pages\/4763\/revisions"}],"predecessor-version":[{"id":7329,"href":"https:\/\/transparencia.epagri.sc.gov.br\/index.php?rest_route=\/wp\/v2\/pages\/4763\/revisions\/7329"}],"up":[{"embeddable":true,"href":"https:\/\/transparencia.epagri.sc.gov.br\/index.php?rest_route=\/wp\/v2\/pages\/508"}],"wp:attachment":[{"href":"https:\/\/transparencia.epagri.sc.gov.br\/index.php?rest_route=%2Fwp%2Fv2%2Fmedia&parent=4763"}],"curies":[{"name":"wp","href":"https:\/\/api.w.org\/{rel}","templated":true}]}}