{"id":4758,"date":"2021-10-28T16:05:26","date_gmt":"2021-10-28T19:05:26","guid":{"rendered":"https:\/\/transparencia.epagri.sc.gov.br\/?page_id=4758"},"modified":"2025-05-29T09:06:04","modified_gmt":"2025-05-29T12:06:04","slug":"moratorias-concessoes-de-isencoes-subvencoes","status":"publish","type":"page","link":"https:\/\/transparencia.epagri.sc.gov.br\/?page_id=4758","title":{"rendered":"Morat\u00f3rias, Concess\u00f5es de Isen\u00e7\u00f5es, Subven\u00e7\u00f5es"},"content":{"rendered":"<h6 style=\"text-align: right;\"><a href=\"https:\/\/transparencia.epagri.sc.gov.br\/\">In\u00edcio<\/a> \/ Responsabilidade Fiscal \/ Morat\u00f3rias, Concess\u00f5es de Isen\u00e7\u00f5es, Subven\u00e7\u00f5es<\/h6>\n<hr \/>\n<h2><strong>A Epagri n\u00e3o efetua morat\u00f3rias, concess\u00f5es de isen\u00e7\u00f5es e de benef\u00edcios fiscais ou subven\u00e7\u00f5es.<\/strong><\/h2>\n<hr \/>\n<p>&nbsp;<\/p>\n","protected":false},"excerpt":{"rendered":"<p>In\u00edcio \/ Responsabilidade Fiscal \/ Morat\u00f3rias, Concess\u00f5es de Isen\u00e7\u00f5es, Subven\u00e7\u00f5es A Epagri n\u00e3o efetua morat\u00f3rias, concess\u00f5es de isen\u00e7\u00f5es e de benef\u00edcios fiscais ou subven\u00e7\u00f5es. &nbsp;<\/p>\n","protected":false},"author":1,"featured_media":0,"parent":508,"menu_order":0,"comment_status":"closed","ping_status":"closed","template":"","meta":{"_acf_changed":false,"footnotes":""},"class_list":["post-4758","page","type-page","status-publish"],"acf":[],"_links":{"self":[{"href":"https:\/\/transparencia.epagri.sc.gov.br\/index.php?rest_route=\/wp\/v2\/pages\/4758","targetHints":{"allow":["GET"]}}],"collection":[{"href":"https:\/\/transparencia.epagri.sc.gov.br\/index.php?rest_route=\/wp\/v2\/pages"}],"about":[{"href":"https:\/\/transparencia.epagri.sc.gov.br\/index.php?rest_route=\/wp\/v2\/types\/page"}],"author":[{"embeddable":true,"href":"https:\/\/transparencia.epagri.sc.gov.br\/index.php?rest_route=\/wp\/v2\/users\/1"}],"replies":[{"embeddable":true,"href":"https:\/\/transparencia.epagri.sc.gov.br\/index.php?rest_route=%2Fwp%2Fv2%2Fcomments&post=4758"}],"version-history":[{"count":8,"href":"https:\/\/transparencia.epagri.sc.gov.br\/index.php?rest_route=\/wp\/v2\/pages\/4758\/revisions"}],"predecessor-version":[{"id":7003,"href":"https:\/\/transparencia.epagri.sc.gov.br\/index.php?rest_route=\/wp\/v2\/pages\/4758\/revisions\/7003"}],"up":[{"embeddable":true,"href":"https:\/\/transparencia.epagri.sc.gov.br\/index.php?rest_route=\/wp\/v2\/pages\/508"}],"wp:attachment":[{"href":"https:\/\/transparencia.epagri.sc.gov.br\/index.php?rest_route=%2Fwp%2Fv2%2Fmedia&parent=4758"}],"curies":[{"name":"wp","href":"https:\/\/api.w.org\/{rel}","templated":true}]}}