{"id":4755,"date":"2021-10-28T15:16:51","date_gmt":"2021-10-28T18:16:51","guid":{"rendered":"https:\/\/transparencia.epagri.sc.gov.br\/?page_id=4755"},"modified":"2026-04-13T18:11:35","modified_gmt":"2026-04-13T21:11:35","slug":"inexigibilidades","status":"publish","type":"page","link":"https:\/\/transparencia.epagri.sc.gov.br\/?page_id=4755","title":{"rendered":"Inexigibilidades"},"content":{"rendered":"<h6 style=\"text-align: right;\"><a href=\"https:\/\/transparencia.epagri.sc.gov.br\/\">In\u00edcio<\/a> \/ Despesa \/ Aquisi\u00e7\u00e3o Direta \/ Inexigibilidades<\/h6>\n<p>Relat\u00f3rio contendo informa\u00e7\u00f5es relativas \u00e0s<strong> contrata\u00e7\u00f5es diretas (inexigibilidades de licita\u00e7\u00e3o)<\/strong> e respectivos processos administrativos, em atendimento \u00e0 <a href=\"https:\/\/www.planalto.gov.br\/ccivil_03\/_ato2011-2014\/2011\/lei\/l12527.htm\">Lei federal n\u00ba 12.527, de 2011<\/a> (Lei de Acesso \u00e0 Informa\u00e7\u00e3o &#8211; LAI), art. 30 da <a href=\"https:\/\/www.planalto.gov.br\/ccivil_03\/_ato2015-2018\/2016\/lei\/l13303.htm\">Lei federal n\u00ba 13.303, de 2016<\/a> (Lei das Estatais), e Decretos estaduais n\u00ba 913, de 2012, e 1.048, de 2012.<\/p>\n<p>A inexigibilidade de licita\u00e7\u00e3o ocorre quando houver <strong>inviabilidade de competi\u00e7\u00e3o<\/strong>, nos termos do art. 30 da Lei das Estatais.<\/p>\n<p>Para ver mais detalhes e informa\u00e7\u00f5es dos processos listados abaixo, incluindo a justificativa da contrata\u00e7\u00e3o direta e contratos celebrados, acesse o <a href=\"https:\/\/portal.sgpe.sea.sc.gov.br\/portal-externo\/atendimento\"><strong>Portal Externo SGP-e<\/strong>, neste <em>link<\/em><\/a>. Realizar a consulta informando o nome da entidade &#8220;EPAGRI&#8221; + n\u00ba do processo + ano, conforme a coluna &#8220;n\u00ba SGP-e&#8221; (aba &#8220;Documentos&#8221;), conforme a imagem abaixo:<\/p>\n<p><a href=\"https:\/\/portal.sgpe.sea.sc.gov.br\/portal-externo\/atendimento\"><img loading=\"lazy\" decoding=\"async\" class=\"size-large wp-image-7904 aligncenter\" src=\"https:\/\/transparencia.epagri.sc.gov.br\/wp-content\/uploads\/2026\/04\/SGP-e-3-1024x321.png\" alt=\"\" width=\"1024\" height=\"321\" srcset=\"https:\/\/transparencia.epagri.sc.gov.br\/wp-content\/uploads\/2026\/04\/SGP-e-3-1024x321.png 1024w, https:\/\/transparencia.epagri.sc.gov.br\/wp-content\/uploads\/2026\/04\/SGP-e-3-300x94.png 300w, https:\/\/transparencia.epagri.sc.gov.br\/wp-content\/uploads\/2026\/04\/SGP-e-3-768x241.png 768w, https:\/\/transparencia.epagri.sc.gov.br\/wp-content\/uploads\/2026\/04\/SGP-e-3-1536x482.png 1536w, https:\/\/transparencia.epagri.sc.gov.br\/wp-content\/uploads\/2026\/04\/SGP-e-3.png 1906w\" sizes=\"auto, (max-width: 1024px) 100vw, 1024px\" \/><\/a><\/p>\n<p>Para acessar\u00a0<strong>informa\u00e7\u00f5es detalhadas sobre os contratos\u00a0<\/strong>decorrentes das<strong> inexigibilidades de licita\u00e7\u00e3o<\/strong>, tamb\u00e9m \u00e9 poss\u00edvel acessar o<strong>\u00a0Portal da Transpar\u00eancia do Poder Executivo de Santa Catarina<\/strong>, no\u00a0<em>link\u00a0<\/em><a role=\"link\" href=\"https:\/\/www.transparencia.sc.gov.br\/contratos\">https:\/\/www.transparencia.sc.gov.br\/contratos<\/a>\u00a0(na aba \u201c<strong>Filtrar Por<\/strong>\u201c, selecionar o filtro \u201c<strong>Contratante<\/strong>\u201d e no campo \u201cDigite o que voc\u00ea procura\u201d, digitar\u00a0<strong>Epagri<\/strong>. Na seta vermelha da aba processo, \u00e9 poss\u00edvel acessar cada processo de contrata\u00e7\u00e3o), conforme passo a passo abaixo:<\/p>\n<p><a href=\"https:\/\/www.transparencia.sc.gov.br\/contratos\"><img loading=\"lazy\" decoding=\"async\" class=\"wp-image-7322 aligncenter\" src=\"https:\/\/transparencia.epagri.sc.gov.br\/wp-content\/uploads\/2026\/03\/Transparencia.png\" sizes=\"auto, (max-width: 837px) 100vw, 837px\" srcset=\"https:\/\/transparencia.epagri.sc.gov.br\/wp-content\/uploads\/2026\/03\/Transparencia.png 957w, https:\/\/transparencia.epagri.sc.gov.br\/wp-content\/uploads\/2026\/03\/Transparencia-300x270.png 300w, https:\/\/transparencia.epagri.sc.gov.br\/wp-content\/uploads\/2026\/03\/Transparencia-768x691.png 768w\" alt=\"\" width=\"837\" height=\"753\" \/><\/a><\/p>\n","protected":false},"excerpt":{"rendered":"<p>In\u00edcio \/ Despesa \/ Aquisi\u00e7\u00e3o Direta \/ Inexigibilidades Relat\u00f3rio contendo informa\u00e7\u00f5es relativas \u00e0s contrata\u00e7\u00f5es diretas (inexigibilidades de licita\u00e7\u00e3o) e respectivos processos administrativos, em atendimento \u00e0 Lei federal n\u00ba 12.527, de 2011 (Lei de Acesso \u00e0 Informa\u00e7\u00e3o &#8211; LAI), art. 30 da Lei federal n\u00ba 13.303, de 2016 (Lei das Estatais), e Decretos estaduais n\u00ba 913, &#8230; <a title=\"Inexigibilidades\" class=\"read-more\" href=\"https:\/\/transparencia.epagri.sc.gov.br\/?page_id=4755\" aria-label=\"More on Inexigibilidades\">Ler mais<\/a><\/p>\n","protected":false},"author":1,"featured_media":0,"parent":0,"menu_order":0,"comment_status":"closed","ping_status":"closed","template":"","meta":{"_acf_changed":false,"footnotes":""},"class_list":["post-4755","page","type-page","status-publish"],"acf":[],"_links":{"self":[{"href":"https:\/\/transparencia.epagri.sc.gov.br\/index.php?rest_route=\/wp\/v2\/pages\/4755","targetHints":{"allow":["GET"]}}],"collection":[{"href":"https:\/\/transparencia.epagri.sc.gov.br\/index.php?rest_route=\/wp\/v2\/pages"}],"about":[{"href":"https:\/\/transparencia.epagri.sc.gov.br\/index.php?rest_route=\/wp\/v2\/types\/page"}],"author":[{"embeddable":true,"href":"https:\/\/transparencia.epagri.sc.gov.br\/index.php?rest_route=\/wp\/v2\/users\/1"}],"replies":[{"embeddable":true,"href":"https:\/\/transparencia.epagri.sc.gov.br\/index.php?rest_route=%2Fwp%2Fv2%2Fcomments&post=4755"}],"version-history":[{"count":14,"href":"https:\/\/transparencia.epagri.sc.gov.br\/index.php?rest_route=\/wp\/v2\/pages\/4755\/revisions"}],"predecessor-version":[{"id":7996,"href":"https:\/\/transparencia.epagri.sc.gov.br\/index.php?rest_route=\/wp\/v2\/pages\/4755\/revisions\/7996"}],"wp:attachment":[{"href":"https:\/\/transparencia.epagri.sc.gov.br\/index.php?rest_route=%2Fwp%2Fv2%2Fmedia&parent=4755"}],"curies":[{"name":"wp","href":"https:\/\/api.w.org\/{rel}","templated":true}]}}