{"id":4050,"date":"2021-06-18T09:57:35","date_gmt":"2021-06-18T12:57:35","guid":{"rendered":"https:\/\/transparencia.epagri.sc.gov.br\/?page_id=4050"},"modified":"2025-05-29T10:15:10","modified_gmt":"2025-05-29T13:15:10","slug":"politica-de-distribuicao-de-dividendos","status":"publish","type":"page","link":"https:\/\/transparencia.epagri.sc.gov.br\/?page_id=4050","title":{"rendered":"Pol\u00edtica de Distribui\u00e7\u00e3o de Dividendos"},"content":{"rendered":"<h6 style=\"text-align: right;\"><a href=\"https:\/\/transparencia.epagri.sc.gov.br\/\">In\u00edcio<\/a> \/ Gest\u00e3o \/ Pol\u00edticas \/ Pol\u00edtica de Distribui\u00e7\u00e3o de Dividendos<\/h6>\n<hr \/>\n<h2><b>A Epagri n\u00e3o realiza distribui\u00e7\u00e3o de dividendos. Todas a<span class=\"fontstyle0\">s receitas e o patrim\u00f4nio social s\u00e3o aplicados exclusivamente no desenvolvimento dos objetivos institucionais da Epagri, sempre em vista do interesse p\u00fablico (art. 12, par\u00e1grafo \u00fanico, do <a href=\"https:\/\/transparencia.epagri.sc.gov.br\/?page_id=900\">Estatuto Social<\/a>).<\/span><br \/>\n<\/b><\/h2>\n<hr \/>\n<p>&nbsp;<\/p>\n","protected":false},"excerpt":{"rendered":"<p>In\u00edcio \/ Gest\u00e3o \/ Pol\u00edticas \/ Pol\u00edtica de Distribui\u00e7\u00e3o de Dividendos A Epagri n\u00e3o realiza distribui\u00e7\u00e3o de dividendos. Todas as receitas e o patrim\u00f4nio social s\u00e3o aplicados exclusivamente no desenvolvimento dos objetivos institucionais da Epagri, sempre em vista do interesse p\u00fablico (art. 12, par\u00e1grafo \u00fanico, do Estatuto Social). &nbsp;<\/p>\n","protected":false},"author":1,"featured_media":0,"parent":0,"menu_order":0,"comment_status":"closed","ping_status":"closed","template":"","meta":{"_acf_changed":false,"footnotes":""},"class_list":["post-4050","page","type-page","status-publish"],"acf":[],"_links":{"self":[{"href":"https:\/\/transparencia.epagri.sc.gov.br\/index.php?rest_route=\/wp\/v2\/pages\/4050","targetHints":{"allow":["GET"]}}],"collection":[{"href":"https:\/\/transparencia.epagri.sc.gov.br\/index.php?rest_route=\/wp\/v2\/pages"}],"about":[{"href":"https:\/\/transparencia.epagri.sc.gov.br\/index.php?rest_route=\/wp\/v2\/types\/page"}],"author":[{"embeddable":true,"href":"https:\/\/transparencia.epagri.sc.gov.br\/index.php?rest_route=\/wp\/v2\/users\/1"}],"replies":[{"embeddable":true,"href":"https:\/\/transparencia.epagri.sc.gov.br\/index.php?rest_route=%2Fwp%2Fv2%2Fcomments&post=4050"}],"version-history":[{"count":6,"href":"https:\/\/transparencia.epagri.sc.gov.br\/index.php?rest_route=\/wp\/v2\/pages\/4050\/revisions"}],"predecessor-version":[{"id":7037,"href":"https:\/\/transparencia.epagri.sc.gov.br\/index.php?rest_route=\/wp\/v2\/pages\/4050\/revisions\/7037"}],"wp:attachment":[{"href":"https:\/\/transparencia.epagri.sc.gov.br\/index.php?rest_route=%2Fwp%2Fv2%2Fmedia&parent=4050"}],"curies":[{"name":"wp","href":"https:\/\/api.w.org\/{rel}","templated":true}]}}