{"id":1012,"date":"2021-02-10T17:16:21","date_gmt":"2021-02-10T20:16:21","guid":{"rendered":"https:\/\/transparencia.epagri.sc.gov.br\/?page_id=1012"},"modified":"2026-04-13T18:11:06","modified_gmt":"2026-04-13T21:11:06","slug":"aquisicao-direta-2","status":"publish","type":"page","link":"https:\/\/transparencia.epagri.sc.gov.br\/?page_id=1012","title":{"rendered":"Dispensa de Licita\u00e7\u00e3o"},"content":{"rendered":"<h6 style=\"text-align: right;\"><a href=\"https:\/\/transparencia.epagri.sc.gov.br\/\">In\u00edcio<\/a> \/ Despesa \/ Aquisi\u00e7\u00e3o Direta \/ Dispensa de Licita\u00e7\u00e3o<\/h6>\n<p>Relat\u00f3rio contendo informa\u00e7\u00f5es relativas \u00e0s <strong>contrata\u00e7\u00f5es diretas<\/strong> (<strong>dispensas de licita\u00e7\u00e3o<\/strong>) e respectivos processos administrativos, em atendimento \u00e0 <a href=\"https:\/\/www.planalto.gov.br\/ccivil_03\/_ato2011-2014\/2011\/lei\/l12527.htm\">Lei federal n\u00ba 12.527, de 2011<\/a> (Lei de Acesso \u00e0 Informa\u00e7\u00e3o &#8211; LAI), art. 29 da <a href=\"https:\/\/www.planalto.gov.br\/ccivil_03\/_ato2015-2018\/2016\/lei\/l13303.htm\">Lei federal n\u00ba 13.303, de 2016<\/a> (Lei das Estatais), e Decretos estaduais n\u00ba 913, de 2012, e 1.048, de 2012.<\/p>\n<div class=\"flex flex-col text-sm pb-25\">\n<article class=\"text-token-text-primary w-full focus:outline-none [--shadow-height:45px] has-data-writing-block:pointer-events-none has-data-writing-block:-mt-(--shadow-height) has-data-writing-block:pt-(--shadow-height) [&amp;:has([data-writing-block])&gt;*]:pointer-events-auto scroll-mt-[calc(var(--header-height)+min(200px,max(70px,20svh)))]\" dir=\"auto\" tabindex=\"-1\" data-turn-id=\"request-WEB:82e430c5-0429-4608-b749-c9546f4d8168-0\" data-testid=\"conversation-turn-2\" data-scroll-anchor=\"true\" data-turn=\"assistant\">\n<div class=\"text-base my-auto mx-auto pb-10 [--thread-content-margin:var(--thread-content-margin-xs,calc(var(--spacing)*4))] @w-sm\/main:[--thread-content-margin:var(--thread-content-margin-sm,calc(var(--spacing)*6))] @w-lg\/main:[--thread-content-margin:var(--thread-content-margin-lg,calc(var(--spacing)*16))] px-(--thread-content-margin)\">\n<div class=\"[--thread-content-max-width:40rem] @w-lg\/main:[--thread-content-max-width:48rem] mx-auto max-w-(--thread-content-max-width) flex-1 group\/turn-messages focus-visible:outline-hidden relative flex w-full min-w-0 flex-col agent-turn\" tabindex=\"-1\">\n<div class=\"flex max-w-full flex-col gap-4 grow\">\n<div class=\"min-h-8 text-message relative flex w-full flex-col items-end gap-2 text-start break-words whitespace-normal [.text-message+&amp;]:mt-1\" dir=\"auto\" data-message-author-role=\"assistant\" data-message-id=\"2dd17cd4-09c1-4007-a112-c06629f307fe\" data-message-model-slug=\"gpt-5-3\">\n<div class=\"flex w-full flex-col gap-1 empty:hidden\">\n<div class=\"markdown prose dark:prose-invert w-full wrap-break-word light markdown-new-styling\">\n<p data-start=\"0\" data-end=\"390\" data-is-last-node=\"\" data-is-only-node=\"\">A dispensa de licita\u00e7\u00e3o ocorre quando a licita\u00e7\u00e3o seria poss\u00edvel, mas a lei permite a contrata\u00e7\u00e3o direta em algumas situa\u00e7\u00f5es espec\u00edficas, como nos casos de baixo valor, emerg\u00eancia ou quando uma licita\u00e7\u00e3o anterior n\u00e3o teve interessados ou n\u00e3o foi conclu\u00edda com sucesso em raz\u00e3o de propostas acima do pre\u00e7o de mercado. Nesses casos, a Epagri pode contratar sem realizar uma licita\u00e7\u00e3o, conforme o art. 29 da Lei das Estatais.<\/p>\n<\/div>\n<\/div>\n<\/div>\n<\/div>\n<\/div>\n<\/div>\n<\/article>\n<\/div>\n<p>Para ver mais detalhes e informa\u00e7\u00f5es dos processos listados abaixo, incluindo a justificativa da contrata\u00e7\u00e3o direta e contratos celebrados, acesse o <a href=\"https:\/\/portal.sgpe.sea.sc.gov.br\/portal-externo\/atendimento\"><strong>Portal Externo SGP-e<\/strong>, neste <em>link<\/em><\/a>. Realizar a consulta informando o nome da entidade &#8220;EPAGRI&#8221; + n\u00ba do processo + ano, conforme a coluna &#8220;n\u00ba SGP-e&#8221; (aba &#8220;Documentos&#8221;), conforme a imagem abaixo:<\/p>\n<p><a href=\"https:\/\/portal.sgpe.sea.sc.gov.br\/portal-externo\/atendimento\"><img loading=\"lazy\" decoding=\"async\" class=\"size-large wp-image-7904 aligncenter\" src=\"https:\/\/transparencia.epagri.sc.gov.br\/wp-content\/uploads\/2026\/04\/SGP-e-3-1024x321.png\" alt=\"\" width=\"1024\" height=\"321\" srcset=\"https:\/\/transparencia.epagri.sc.gov.br\/wp-content\/uploads\/2026\/04\/SGP-e-3-1024x321.png 1024w, https:\/\/transparencia.epagri.sc.gov.br\/wp-content\/uploads\/2026\/04\/SGP-e-3-300x94.png 300w, https:\/\/transparencia.epagri.sc.gov.br\/wp-content\/uploads\/2026\/04\/SGP-e-3-768x241.png 768w, https:\/\/transparencia.epagri.sc.gov.br\/wp-content\/uploads\/2026\/04\/SGP-e-3-1536x482.png 1536w, https:\/\/transparencia.epagri.sc.gov.br\/wp-content\/uploads\/2026\/04\/SGP-e-3.png 1906w\" sizes=\"auto, (max-width: 1024px) 100vw, 1024px\" \/><\/a><\/p>\n<p>Para acessar <strong>informa\u00e7\u00f5es detalhadas sobre os contratos <\/strong>decorrentes das<strong> dispensas de licita\u00e7\u00e3o<\/strong>, tamb\u00e9m \u00e9 poss\u00edvel acessar o<strong>\u00a0Portal da Transpar\u00eancia do Poder Executivo de Santa Catarina<\/strong>, no <em>link <\/em><a href=\"https:\/\/www.transparencia.sc.gov.br\/contratos\">https:\/\/www.transparencia.sc.gov.br\/contratos<\/a> (na aba &#8220;<strong>Filtrar Por<\/strong>&#8220;, selecionar o filtro &#8220;<strong>Contratante<\/strong>&#8221; e no campo &#8220;Digite o que voc\u00ea procura&#8221;, digitar <strong>Epagri<\/strong>. Na seta vermelha da aba processo, \u00e9 poss\u00edvel acessar cada processo de contrata\u00e7\u00e3o), conforme passo a passo abaixo:<\/p>\n<p><a href=\"https:\/\/www.transparencia.sc.gov.br\/contratos\"><img loading=\"lazy\" decoding=\"async\" class=\"wp-image-7322 aligncenter\" src=\"https:\/\/transparencia.epagri.sc.gov.br\/wp-content\/uploads\/2026\/03\/Transparencia.png\" alt=\"\" width=\"837\" height=\"753\" srcset=\"https:\/\/transparencia.epagri.sc.gov.br\/wp-content\/uploads\/2026\/03\/Transparencia.png 957w, https:\/\/transparencia.epagri.sc.gov.br\/wp-content\/uploads\/2026\/03\/Transparencia-300x270.png 300w, https:\/\/transparencia.epagri.sc.gov.br\/wp-content\/uploads\/2026\/03\/Transparencia-768x691.png 768w\" sizes=\"auto, (max-width: 837px) 100vw, 837px\" \/><\/a><\/p>\n","protected":false},"excerpt":{"rendered":"<p>In\u00edcio \/ Despesa \/ Aquisi\u00e7\u00e3o Direta \/ Dispensa de Licita\u00e7\u00e3o Relat\u00f3rio contendo informa\u00e7\u00f5es relativas \u00e0s contrata\u00e7\u00f5es diretas (dispensas de licita\u00e7\u00e3o) e respectivos processos administrativos, em atendimento \u00e0 Lei federal n\u00ba 12.527, de 2011 (Lei de Acesso \u00e0 Informa\u00e7\u00e3o &#8211; LAI), art. 29 da Lei federal n\u00ba 13.303, de 2016 (Lei das Estatais), e Decretos estaduais &#8230; <a title=\"Dispensa de Licita\u00e7\u00e3o\" class=\"read-more\" href=\"https:\/\/transparencia.epagri.sc.gov.br\/?page_id=1012\" aria-label=\"More on Dispensa de Licita\u00e7\u00e3o\">Ler mais<\/a><\/p>\n","protected":false},"author":1,"featured_media":0,"parent":0,"menu_order":1,"comment_status":"closed","ping_status":"closed","template":"","meta":{"_acf_changed":false,"footnotes":""},"class_list":["post-1012","page","type-page","status-publish"],"acf":[],"_links":{"self":[{"href":"https:\/\/transparencia.epagri.sc.gov.br\/index.php?rest_route=\/wp\/v2\/pages\/1012","targetHints":{"allow":["GET"]}}],"collection":[{"href":"https:\/\/transparencia.epagri.sc.gov.br\/index.php?rest_route=\/wp\/v2\/pages"}],"about":[{"href":"https:\/\/transparencia.epagri.sc.gov.br\/index.php?rest_route=\/wp\/v2\/types\/page"}],"author":[{"embeddable":true,"href":"https:\/\/transparencia.epagri.sc.gov.br\/index.php?rest_route=\/wp\/v2\/users\/1"}],"replies":[{"embeddable":true,"href":"https:\/\/transparencia.epagri.sc.gov.br\/index.php?rest_route=%2Fwp%2Fv2%2Fcomments&post=1012"}],"version-history":[{"count":15,"href":"https:\/\/transparencia.epagri.sc.gov.br\/index.php?rest_route=\/wp\/v2\/pages\/1012\/revisions"}],"predecessor-version":[{"id":7995,"href":"https:\/\/transparencia.epagri.sc.gov.br\/index.php?rest_route=\/wp\/v2\/pages\/1012\/revisions\/7995"}],"wp:attachment":[{"href":"https:\/\/transparencia.epagri.sc.gov.br\/index.php?rest_route=%2Fwp%2Fv2%2Fmedia&parent=1012"}],"curies":[{"name":"wp","href":"https:\/\/api.w.org\/{rel}","templated":true}]}}